{"id":76436,"date":"2025-07-11T15:46:49","date_gmt":"2025-07-11T12:46:49","guid":{"rendered":"https:\/\/demo8.ecube.lv\/sezona.lv\/products\/trimm-impact-gulammaiss\/"},"modified":"2025-07-14T14:51:08","modified_gmt":"2025-07-14T11:51:08","slug":"trimm-impact-gulammaiss","status":"publish","type":"product","link":"https:\/\/sezona.lv\/en\/products\/trimm-impact-gulammaiss\/","title":{"rendered":"Trimm IMPACT gu\u013cammaiss"},"content":{"rendered":"<p>Impact -14 ir \u013coti viegls gu\u013cammaiss ar Hollow Fibre &scaron;\u0137iedru pild\u012bjumu.  Kad to sapako, Impact aiz\u0146em niec\u012bgu vietu, t\u0101d\u0113\u013c tas ir noder\u012bgs  ce\u013cot\u0101jiem, p\u0101rg\u0101jienu cien\u012bt\u0101jiem, t\u016bristiem un \u016bdens vai velosporta  entuziastiem.<\/p>\n<p>S\u012aK\u0100KA INFORM\u0100CIJA<\/p>\n<div id=\"more_info_sheets\" class=\"sheets align_justify\">\n<ul id=\"idTab2\" class=\"bullet\">\n<li><span>Augsts komforts:<\/span> +9<\/li>\n<li><span>Zems komforts:<\/span> +4<\/li>\n<li><span>Riska temperat\u016bra:<\/span> -10<\/li>\n<li><span>\u0100r\u0113jais materi\u0101ls<\/span> Nylon DWR<\/li>\n<li><span>Iek&scaron;\u0113jais materi\u0101ls:<\/span> 100% PES pongee<\/li>\n<li><span>Iepakojuma izm\u0113rs:<\/span> 15 x 25\/19cm<\/li>\n<li><span>Ieteicamais lietot\u0101ja garums:<\/span> 185\/195cm<\/li>\n<li><span>Izm\u0113rs:<\/span> 85\/58 x 215\/230cm<\/li>\n<li><span>Pild\u012bjums:<\/span> 1 x 100g\/m2 Thermolite Quallo 1ch<\/li>\n<li><span>Ra\u017eot\u0101js:<\/span> TRIMM<\/li>\n<li><span>Svars:<\/span> 0,95kg<\/li>\n<\/ul>\n<\/div>\n","protected":false},"excerpt":{"rendered":"<p>Impact -14 ir \u013coti viegls gu\u013cammaiss ar Hollow Fibre &scaron;\u0137iedru pild\u012bjumu. Kad to sapako, Impact aiz\u0146em niec\u012bgu vietu, t\u0101d\u0113\u013c tas ir noder\u012bgs ce\u013cot\u0101jiem, p\u0101rg\u0101jienu cien\u012bt\u0101jiem, t\u016bristiem un \u016bdens vai velosporta entuziastiem. S\u012aK\u0100KA INFORM\u0100CIJA Augsts komforts: +9 Zems komforts: +4 Riska temperat\u016bra: -10 \u0100r\u0113jais materi\u0101ls Nylon DWR Iek&scaron;\u0113jais materi\u0101ls: 100% PES pongee Iepakojuma izm\u0113rs: 15 x [&hellip;]<\/p>\n","protected":false},"featured_media":61397,"template":"","meta":[],"product_brand":[953],"product_cat":[4558,4569,4967],"product_tag":[],"class_list":{"0":"post-76436","1":"product","2":"type-product","3":"status-publish","4":"has-post-thumbnail","6":"product_brand-trimm","7":"product_cat-for-tourism-recreation","8":"product_cat-sleeping-bags-for-tourism-recreation","9":"product_cat-trimm-sleeping-bags-sleeping-bags-for-tourism-recreation","11":"first","12":"instock","13":"shipping-taxable","14":"purchasable","15":"product-type-simple"},"_links":{"self":[{"href":"https:\/\/sezona.lv\/en\/wp-json\/wp\/v2\/product\/76436","targetHints":{"allow":["GET"]}}],"collection":[{"href":"https:\/\/sezona.lv\/en\/wp-json\/wp\/v2\/product"}],"about":[{"href":"https:\/\/sezona.lv\/en\/wp-json\/wp\/v2\/types\/product"}],"wp:featuredmedia":[{"embeddable":true,"href":"https:\/\/sezona.lv\/en\/wp-json\/wp\/v2\/media\/61397"}],"wp:attachment":[{"href":"https:\/\/sezona.lv\/en\/wp-json\/wp\/v2\/media?parent=76436"}],"wp:term":[{"taxonomy":"product_brand","embeddable":true,"href":"https:\/\/sezona.lv\/en\/wp-json\/wp\/v2\/product_brand?post=76436"},{"taxonomy":"product_cat","embeddable":true,"href":"https:\/\/sezona.lv\/en\/wp-json\/wp\/v2\/product_cat?post=76436"},{"taxonomy":"product_tag","embeddable":true,"href":"https:\/\/sezona.lv\/en\/wp-json\/wp\/v2\/product_tag?post=76436"}],"curies":[{"name":"wp","href":"https:\/\/api.w.org\/{rel}","templated":true}]}}