{"id":76437,"date":"2025-07-11T15:46:51","date_gmt":"2025-07-11T12:46:51","guid":{"rendered":"https:\/\/demo8.ecube.lv\/sezona.lv\/products\/husky-mini-gulammaiss\/"},"modified":"2025-07-14T14:51:09","modified_gmt":"2025-07-14T11:51:09","slug":"husky-mini-gulammaiss","status":"publish","type":"product","link":"https:\/\/sezona.lv\/en\/products\/husky-mini-gulammaiss\/","title":{"rendered":"Husky MINI gu\u013cammaiss"},"content":{"rendered":"<p>Mini 0 svara d\u0113\u013c ir teicami piem\u0113rots velosip\u0113distiem &#8211; tas ir  viegl\u0101kais un maz\u0101kais no Husky gu\u013cammaisiem. Taj\u0101 pat laik\u0101 taj\u0101  saglab\u0101tas b\u016btisk\u0101k\u0101s \u012bpa&scaron;\u012bbas. \u016adensnecaurlaid\u012bgais Taffeta neilons un  viegl\u0101s Supreme Loft &scaron;\u0137iedras lietot\u0101ju saglab\u0101s siltum\u0101 un sausum\u0101.  Mini 0 svara priek&scaron;roc\u012bbas nov\u0113rt\u0113s ne tikai velosip\u0113disti, bet ar\u012b  ce\u013cot\u0101ji, kam b\u016btiski taup\u012bt svaru, piem\u0113ram, p\u0101rg\u0101jienu cien\u012bt\u0101ji vai  avioce\u013cojumu fani.<\/p>\n<p>S\u012aK\u0100KA INFORM\u0100CIJA<\/p>\n<div id=\"more_info_sheets\" class=\"sheets align_justify\">\n<ul id=\"idTab2\" class=\"bullet\">\n<li><span>Augsts komforts:<\/span> +12<\/li>\n<li><span>Zems komforts:<\/span> +8<\/li>\n<li><span>Riska temperat\u016bra:<\/span> +0<\/li>\n<li><span>\u0100r\u0113jais materi\u0101ls<\/span> 70D 190T Nylon Taffeta \/ 300T Nylon baby ripstop<\/li>\n<li><span>Iek&scaron;\u0113jais materi\u0101ls:<\/span> Soft Nylon<\/li>\n<li><span>Iepakojuma izm\u0113rs:<\/span> 24 x 13cm<\/li>\n<li><span>Ieteicamais lietot\u0101ja garums:<\/span> 185cm<\/li>\n<li><span>Izm\u0113rs:<\/span> 85 x 210cm<\/li>\n<li><span>Pild\u012bjums:<\/span> 1 x 100&nbsp;g\/m2 Supreme Loft<\/li>\n<li><span>Ra\u017eot\u0101js:<\/span> HUSKY<\/li>\n<li>Test\u0113ts p\u0113c: EN 13537<\/li>\n<li><span>Svars:<\/span> 0,80kg<\/li>\n<\/ul>\n<\/div>\n","protected":false},"excerpt":{"rendered":"<p>Mini 0 svara d\u0113\u013c ir teicami piem\u0113rots velosip\u0113distiem &#8211; tas ir viegl\u0101kais un maz\u0101kais no Husky gu\u013cammaisiem. Taj\u0101 pat laik\u0101 taj\u0101 saglab\u0101tas b\u016btisk\u0101k\u0101s \u012bpa&scaron;\u012bbas. \u016adensnecaurlaid\u012bgais Taffeta neilons un viegl\u0101s Supreme Loft &scaron;\u0137iedras lietot\u0101ju saglab\u0101s siltum\u0101 un sausum\u0101. Mini 0 svara priek&scaron;roc\u012bbas nov\u0113rt\u0113s ne tikai velosip\u0113disti, bet ar\u012b ce\u013cot\u0101ji, kam b\u016btiski taup\u012bt svaru, piem\u0113ram, p\u0101rg\u0101jienu cien\u012bt\u0101ji [&hellip;]<\/p>\n","protected":false},"featured_media":61402,"template":"","meta":[],"product_brand":[954],"product_cat":[4558,4569,4962],"product_tag":[],"class_list":{"0":"post-76437","1":"product","2":"type-product","3":"status-publish","4":"has-post-thumbnail","6":"product_brand-husky","7":"product_cat-for-tourism-recreation","8":"product_cat-sleeping-bags-for-tourism-recreation","9":"product_cat-husky-sleeping-bags-sleeping-bags-for-tourism-recreation","11":"first","12":"instock","13":"shipping-taxable","14":"purchasable","15":"product-type-simple"},"_links":{"self":[{"href":"https:\/\/sezona.lv\/en\/wp-json\/wp\/v2\/product\/76437","targetHints":{"allow":["GET"]}}],"collection":[{"href":"https:\/\/sezona.lv\/en\/wp-json\/wp\/v2\/product"}],"about":[{"href":"https:\/\/sezona.lv\/en\/wp-json\/wp\/v2\/types\/product"}],"wp:featuredmedia":[{"embeddable":true,"href":"https:\/\/sezona.lv\/en\/wp-json\/wp\/v2\/media\/61402"}],"wp:attachment":[{"href":"https:\/\/sezona.lv\/en\/wp-json\/wp\/v2\/media?parent=76437"}],"wp:term":[{"taxonomy":"product_brand","embeddable":true,"href":"https:\/\/sezona.lv\/en\/wp-json\/wp\/v2\/product_brand?post=76437"},{"taxonomy":"product_cat","embeddable":true,"href":"https:\/\/sezona.lv\/en\/wp-json\/wp\/v2\/product_cat?post=76437"},{"taxonomy":"product_tag","embeddable":true,"href":"https:\/\/sezona.lv\/en\/wp-json\/wp\/v2\/product_tag?post=76437"}],"curies":[{"name":"wp","href":"https:\/\/api.w.org\/{rel}","templated":true}]}}