{"id":76438,"date":"2025-07-11T15:46:59","date_gmt":"2025-07-11T12:46:59","guid":{"rendered":"https:\/\/demo8.ecube.lv\/sezona.lv\/products\/husky-mikro-gulammaiss\/"},"modified":"2025-07-14T14:51:10","modified_gmt":"2025-07-14T11:51:10","slug":"husky-mikro-gulammaiss","status":"publish","type":"product","link":"https:\/\/sezona.lv\/en\/products\/husky-mikro-gulammaiss\/","title":{"rendered":"Husky MIKRO gu\u013cammaiss"},"content":{"rendered":"<p>Husky kolekcijas jaunpien\u0101c\u0113js ir p\u0101rsteidzo&scaron;i viegls. Niec\u012bg\u0101 izm\u0113ra  gu\u013cammaisu b\u016bs iesp\u0113jams pa\u0146emt l\u012bdzi jebkur &#8211; gan p\u0101rg\u0101jienos, gan  veloce\u013cojumos. 550 grami run\u0101 pa&scaron;i par sevi!<\/p>\n<p>S\u012aK\u0100KA INFORM\u0100CIJA<\/p>\n<div id=\"more_info_sheets\" class=\"sheets align_justify\">\n<ul id=\"idTab2\" class=\"bullet\">\n<li><span>\u0100r\u0113jais materi\u0101ls<\/span> 40D 260T Tactel Nylon Ripstop<\/li>\n<li><span>Augsts komforts:<\/span> +14<\/li>\n<li><span>Iek&scaron;\u0113jais materi\u0101ls:<\/span> Soft Nylon<\/li>\n<li><span>Iepakojuma izm\u0113rs:<\/span> 23 x 12,5cm<\/li>\n<li><span>Ieteicamais lietot\u0101ja garums:<\/span> 185cm<\/li>\n<li><span>Izm\u0113rs:<\/span> 85 x 210cm<\/li>\n<li><span>Pild\u012bjums:<\/span> 1 x 80 g\/m2 Supreme Loft<\/li>\n<li><span>Ra\u017eot\u0101js:<\/span> HUSKY<\/li>\n<li><span>Riska temperat\u016bra:<\/span> +2<\/li>\n<li><span>Svars:<\/span> 0,55kg<\/li>\n<li><span>Zems komforts:<\/span> +10<\/li>\n<\/ul>\n<\/div>\n","protected":false},"excerpt":{"rendered":"<p>Husky kolekcijas jaunpien\u0101c\u0113js ir p\u0101rsteidzo&scaron;i viegls. Niec\u012bg\u0101 izm\u0113ra gu\u013cammaisu b\u016bs iesp\u0113jams pa\u0146emt l\u012bdzi jebkur &#8211; gan p\u0101rg\u0101jienos, gan veloce\u013cojumos. 550 grami run\u0101 pa&scaron;i par sevi! S\u012aK\u0100KA INFORM\u0100CIJA \u0100r\u0113jais materi\u0101ls 40D 260T Tactel Nylon Ripstop Augsts komforts: +14 Iek&scaron;\u0113jais materi\u0101ls: Soft Nylon Iepakojuma izm\u0113rs: 23 x 12,5cm Ieteicamais lietot\u0101ja garums: 185cm Izm\u0113rs: 85 x 210cm Pild\u012bjums: [&hellip;]<\/p>\n","protected":false},"featured_media":61407,"template":"","meta":[],"product_brand":[954],"product_cat":[4558,4569,4962],"product_tag":[],"class_list":{"0":"post-76438","1":"product","2":"type-product","3":"status-publish","4":"has-post-thumbnail","6":"product_brand-husky","7":"product_cat-for-tourism-recreation","8":"product_cat-sleeping-bags-for-tourism-recreation","9":"product_cat-husky-sleeping-bags-sleeping-bags-for-tourism-recreation","11":"first","12":"instock","13":"shipping-taxable","14":"purchasable","15":"product-type-simple"},"_links":{"self":[{"href":"https:\/\/sezona.lv\/en\/wp-json\/wp\/v2\/product\/76438","targetHints":{"allow":["GET"]}}],"collection":[{"href":"https:\/\/sezona.lv\/en\/wp-json\/wp\/v2\/product"}],"about":[{"href":"https:\/\/sezona.lv\/en\/wp-json\/wp\/v2\/types\/product"}],"wp:featuredmedia":[{"embeddable":true,"href":"https:\/\/sezona.lv\/en\/wp-json\/wp\/v2\/media\/61407"}],"wp:attachment":[{"href":"https:\/\/sezona.lv\/en\/wp-json\/wp\/v2\/media?parent=76438"}],"wp:term":[{"taxonomy":"product_brand","embeddable":true,"href":"https:\/\/sezona.lv\/en\/wp-json\/wp\/v2\/product_brand?post=76438"},{"taxonomy":"product_cat","embeddable":true,"href":"https:\/\/sezona.lv\/en\/wp-json\/wp\/v2\/product_cat?post=76438"},{"taxonomy":"product_tag","embeddable":true,"href":"https:\/\/sezona.lv\/en\/wp-json\/wp\/v2\/product_tag?post=76438"}],"curies":[{"name":"wp","href":"https:\/\/api.w.org\/{rel}","templated":true}]}}