{"id":76439,"date":"2025-07-11T15:47:04","date_gmt":"2025-07-11T12:47:04","guid":{"rendered":"https:\/\/demo8.ecube.lv\/sezona.lv\/products\/husky-montello-gulammaiss\/"},"modified":"2025-07-14T14:51:11","modified_gmt":"2025-07-14T11:51:11","slug":"husky-montello-gulammaiss","status":"publish","type":"product","link":"https:\/\/sezona.lv\/en\/products\/husky-montello-gulammaiss\/","title":{"rendered":"Husky MONTELLO gu\u013cammaiss"},"content":{"rendered":"<p>Materi\u0101li, kas izmantoti Husky Outdoor produktu l\u012bnij\u0101 nodro&scaron;ina augstus  kvalit\u0101tes un komforta standartus &#8211; tai skait\u0101 mode\u013cos, kuri nav  izstr\u0101d\u0101ti ekstr\u0113miem laika apst\u0101k\u013ciem. <\/p>\n<p>Montello ir tradicion\u0101ls  tr\u012bs sezonu gu\u013cammaiss, kuram ir perfekta svara, kvalit\u0101tes un izm\u0113ra  attiec\u012bba. Gu\u013cammaiss sp\u0113s tikt gal\u0101 ar\u012b ar no zemes n\u0101ko&scaron;o aukstumu,  t\u0101d\u0113\u013c tas ir piem\u0113rots ilgsto&scaron;am ce\u013cojumam kalnain\u0101 apvid\u016b.<\/p>\n<p>S\u012aK\u0100KA INFORM\u0100CIJA<\/p>\n<div id=\"more_info_sheets\" class=\"sheets align_justify\">\n<ul id=\"idTab2\" class=\"bullet\">\n<li><span>Augsts komforts:<\/span> +2<\/li>\n<li><span>Zems komforts:<\/span> -3<\/li>\n<li><span>Riska temperat\u016bra:<\/span> -9<\/li>\n<li><span>\u0100r\u0113jais materi\u0101ls<\/span> 70D 190T Nylon Taffeta \/ 300T Nylon baby ripstop<\/li>\n<li><span>Iek&scaron;\u0113jais materi\u0101ls:<\/span> Soft Nylon<\/li>\n<li><span>Ieteicamais lietot\u0101ja garums:<\/span> 195cm<\/li>\n<li><span>Izm\u0113rs:<\/span> 85 x 220cm<\/li>\n<li><span>Pild\u012bjums:<\/span> 2 x 170&nbsp;g\/m2 Hollowfibre, 4ch<\/li>\n<li><span>Ra\u017eot\u0101js:<\/span> HUSKY<\/li>\n<li><span>Svars:<\/span> 1,76kg<\/li>\n<\/ul>\n<\/div>\n","protected":false},"excerpt":{"rendered":"<p>Materi\u0101li, kas izmantoti Husky Outdoor produktu l\u012bnij\u0101 nodro&scaron;ina augstus kvalit\u0101tes un komforta standartus &#8211; tai skait\u0101 mode\u013cos, kuri nav izstr\u0101d\u0101ti ekstr\u0113miem laika apst\u0101k\u013ciem. Montello ir tradicion\u0101ls tr\u012bs sezonu gu\u013cammaiss, kuram ir perfekta svara, kvalit\u0101tes un izm\u0113ra attiec\u012bba. Gu\u013cammaiss sp\u0113s tikt gal\u0101 ar\u012b ar no zemes n\u0101ko&scaron;o aukstumu, t\u0101d\u0113\u013c tas ir piem\u0113rots ilgsto&scaron;am ce\u013cojumam kalnain\u0101 apvid\u016b. [&hellip;]<\/p>\n","protected":false},"featured_media":61412,"template":"","meta":[],"product_brand":[954],"product_cat":[4558,4569,4962],"product_tag":[],"class_list":{"0":"post-76439","1":"product","2":"type-product","3":"status-publish","4":"has-post-thumbnail","6":"product_brand-husky","7":"product_cat-for-tourism-recreation","8":"product_cat-sleeping-bags-for-tourism-recreation","9":"product_cat-husky-sleeping-bags-sleeping-bags-for-tourism-recreation","11":"first","12":"instock","13":"shipping-taxable","14":"purchasable","15":"product-type-simple"},"_links":{"self":[{"href":"https:\/\/sezona.lv\/en\/wp-json\/wp\/v2\/product\/76439","targetHints":{"allow":["GET"]}}],"collection":[{"href":"https:\/\/sezona.lv\/en\/wp-json\/wp\/v2\/product"}],"about":[{"href":"https:\/\/sezona.lv\/en\/wp-json\/wp\/v2\/types\/product"}],"wp:featuredmedia":[{"embeddable":true,"href":"https:\/\/sezona.lv\/en\/wp-json\/wp\/v2\/media\/61412"}],"wp:attachment":[{"href":"https:\/\/sezona.lv\/en\/wp-json\/wp\/v2\/media?parent=76439"}],"wp:term":[{"taxonomy":"product_brand","embeddable":true,"href":"https:\/\/sezona.lv\/en\/wp-json\/wp\/v2\/product_brand?post=76439"},{"taxonomy":"product_cat","embeddable":true,"href":"https:\/\/sezona.lv\/en\/wp-json\/wp\/v2\/product_cat?post=76439"},{"taxonomy":"product_tag","embeddable":true,"href":"https:\/\/sezona.lv\/en\/wp-json\/wp\/v2\/product_tag?post=76439"}],"curies":[{"name":"wp","href":"https:\/\/api.w.org\/{rel}","templated":true}]}}