{"id":76442,"date":"2025-07-11T15:47:13","date_gmt":"2025-07-11T12:47:13","guid":{"rendered":"https:\/\/demo8.ecube.lv\/sezona.lv\/products\/husky-majesty-blue-gulammaiss\/"},"modified":"2025-07-14T14:51:14","modified_gmt":"2025-07-14T11:51:14","slug":"husky-majesty-blue-gulammaiss","status":"publish","type":"product","link":"https:\/\/sezona.lv\/en\/products\/husky-majesty-blue-gulammaiss\/","title":{"rendered":"Husky MAJESTY BLUE gu\u013cammaiss"},"content":{"rendered":"<p>K\u0101 jau nojau&scaron;ams, Husky Majesty -10 tika veidots \u012bpa&scaron;i sieviet\u0113m. Tam ir  kvalitat\u012bvs pild\u012bjums, kas saglab\u0101s \u0137erme\u0146a temperat\u016bru tr\u012bs gada  sezon\u0101s, un \u012bpa&scaron;\u0101 forma kop\u0101 ar iz\u0146emamo maisu k\u0101ju sild\u012b&scaron;anai sp\u0113s  sasild\u012bt pat stindzino&scaron;\u0101 aukstum\u0101. Slikti laika apst\u0101k\u013ci neatn\u0101ks  negaid\u012bti, ja jums b\u016bs Husky Majesty gu\u013cammaiss.<\/p>\n<p>S\u012aK\u0100KA INFORM\u0100CIJA<\/p>\n<div id=\"more_info_sheets\" class=\"sheets align_justify\">\n<ul id=\"idTab2\" class=\"bullet\">\n<li><span>Augsts komforts:<\/span> +1<\/li>\n<li><span>Zems komforts:<\/span> -4<\/li>\n<li><span>Riska temperat\u016bra:<\/span> -10<\/li>\n<li><span>\u0100r\u0113jais materi\u0101ls<\/span> 70D 190T Nylon Taffeta<\/li>\n<li><span>Iek&scaron;\u0113jais materi\u0101ls:<\/span> Soft Nylon<\/li>\n<li><span>Iepakojuma izm\u0113rs:<\/span> 36 x 21cm<\/li>\n<li><span>Ieteicamais lietot\u0101ja garums:<\/span> 175cm<\/li>\n<li><span>Izm\u0113rs:<\/span> 85 x 200cm<\/li>\n<li><span>Pild\u012bjums:<\/span> 2 x 180&nbsp;g\/m2 Hollowfibre, 4ch<\/li>\n<li><span>Ra\u017eot\u0101js:<\/span> HUSKY<\/li>\n<li><span>Svars:<\/span> 1,76kg<\/li>\n<\/ul>\n<\/div>\n","protected":false},"excerpt":{"rendered":"<p>K\u0101 jau nojau&scaron;ams, Husky Majesty -10 tika veidots \u012bpa&scaron;i sieviet\u0113m. Tam ir kvalitat\u012bvs pild\u012bjums, kas saglab\u0101s \u0137erme\u0146a temperat\u016bru tr\u012bs gada sezon\u0101s, un \u012bpa&scaron;\u0101 forma kop\u0101 ar iz\u0146emamo maisu k\u0101ju sild\u012b&scaron;anai sp\u0113s sasild\u012bt pat stindzino&scaron;\u0101 aukstum\u0101. Slikti laika apst\u0101k\u013ci neatn\u0101ks negaid\u012bti, ja jums b\u016bs Husky Majesty gu\u013cammaiss. S\u012aK\u0100KA INFORM\u0100CIJA Augsts komforts: +1 Zems komforts: -4 Riska [&hellip;]<\/p>\n","protected":false},"featured_media":61427,"template":"","meta":[],"product_brand":[954],"product_cat":[4558,4569,4962],"product_tag":[],"class_list":{"0":"post-76442","1":"product","2":"type-product","3":"status-publish","4":"has-post-thumbnail","6":"product_brand-husky","7":"product_cat-for-tourism-recreation","8":"product_cat-sleeping-bags-for-tourism-recreation","9":"product_cat-husky-sleeping-bags-sleeping-bags-for-tourism-recreation","11":"first","12":"instock","13":"shipping-taxable","14":"purchasable","15":"product-type-simple"},"_links":{"self":[{"href":"https:\/\/sezona.lv\/en\/wp-json\/wp\/v2\/product\/76442","targetHints":{"allow":["GET"]}}],"collection":[{"href":"https:\/\/sezona.lv\/en\/wp-json\/wp\/v2\/product"}],"about":[{"href":"https:\/\/sezona.lv\/en\/wp-json\/wp\/v2\/types\/product"}],"wp:featuredmedia":[{"embeddable":true,"href":"https:\/\/sezona.lv\/en\/wp-json\/wp\/v2\/media\/61427"}],"wp:attachment":[{"href":"https:\/\/sezona.lv\/en\/wp-json\/wp\/v2\/media?parent=76442"}],"wp:term":[{"taxonomy":"product_brand","embeddable":true,"href":"https:\/\/sezona.lv\/en\/wp-json\/wp\/v2\/product_brand?post=76442"},{"taxonomy":"product_cat","embeddable":true,"href":"https:\/\/sezona.lv\/en\/wp-json\/wp\/v2\/product_cat?post=76442"},{"taxonomy":"product_tag","embeddable":true,"href":"https:\/\/sezona.lv\/en\/wp-json\/wp\/v2\/product_tag?post=76442"}],"curies":[{"name":"wp","href":"https:\/\/api.w.org\/{rel}","templated":true}]}}