{"id":76443,"date":"2025-07-14T14:51:15","date_gmt":"2025-07-14T11:51:15","guid":{"rendered":"https:\/\/demo8.ecube.lv\/sezona.lv\/products\/husky-magnum-gulammaiss\/"},"modified":"2025-07-14T14:51:15","modified_gmt":"2025-07-14T11:51:15","slug":"husky-magnum-gulammaiss","status":"publish","type":"product","link":"https:\/\/sezona.lv\/en\/products\/husky-magnum-gulammaiss\/","title":{"rendered":"Husky MAGNUM gu\u013cammaiss"},"content":{"rendered":"<p>Magnum -15 ir silt\u0101kais Husky gu\u013cammaiss Outdoor produktu kl\u0101st\u0101, un tas izmantojams tr\u012bs sezonas &#8211; no pavasara l\u012bdz rudenim. Gu\u013cammaiss pild\u012bts ar kvalitat\u012bvu \u010detru kan\u0101lu poliesteru, kas neuzs\u016bc mitrumu un rada pat\u012bkamu, komfortablu saj\u016btu.<\/p>\n<p>S\u012aK\u0100KA INFORM\u0100CIJA<\/p>\n<div id=\"more_info_sheets\" class=\"sheets align_justify\">\n<ul id=\"idTab2\" class=\"bullet\">\n<li>Augsts komforts:&nbsp;+1<\/li>\n<li>Zems komforts:&nbsp;-3<\/li>\n<li>Riska temperat\u016bra:&nbsp;-15<\/li>\n<li>\u0100r\u0113jais materi\u0101ls&nbsp;70D 190T Nylon Taffeta \/ 300T Nylon baby ripstop<\/li>\n<li>Iek&scaron;\u0113jais materi\u0101ls:&nbsp;Soft Nylon<\/li>\n<li>Iepakojuma izm\u0113rs:&nbsp;40 x 25cm<\/li>\n<li>Ieteicamais lietot\u0101ja garums:&nbsp;195cm<\/li>\n<li>Izm\u0113rs:&nbsp;85 x 220cm<\/li>\n<li>Pild\u012bjums:&nbsp;2 x 200&nbsp;g\/m2 Hollowfibre, 4ch<\/li>\n<li>Ra\u017eot\u0101js:&nbsp;HUSKY<\/li>\n<li>Svars:&nbsp;1,87kg<\/li>\n<\/ul>\n<\/div>\n<div id=\"more_info_sheets\" class=\"sheets align_justify\">\n<ul id=\"idTab2\" class=\"bullet\">\n<\/ul>\n<\/div>\n","protected":false},"excerpt":{"rendered":"<p>Magnum -15 ir silt\u0101kais Husky gu\u013cammaiss Outdoor produktu kl\u0101st\u0101, un tas izmantojams tr\u012bs sezonas &#8211; no pavasara l\u012bdz rudenim. Gu\u013cammaiss pild\u012bts ar kvalitat\u012bvu \u010detru kan\u0101lu poliesteru, kas neuzs\u016bc mitrumu un rada pat\u012bkamu, komfortablu saj\u016btu. S\u012aK\u0100KA INFORM\u0100CIJA Augsts komforts:&nbsp;+1 Zems komforts:&nbsp;-3 Riska temperat\u016bra:&nbsp;-15 \u0100r\u0113jais materi\u0101ls&nbsp;70D 190T Nylon Taffeta \/ 300T Nylon baby ripstop Iek&scaron;\u0113jais materi\u0101ls:&nbsp;Soft Nylon [&hellip;]<\/p>\n","protected":false},"featured_media":0,"template":"","meta":[],"product_brand":[954],"product_cat":[4558,4569,4640,4962],"product_tag":[],"class_list":{"0":"post-76443","1":"product","2":"type-product","3":"status-publish","5":"product_brand-husky","6":"product_cat-for-tourism-recreation","7":"product_cat-sleeping-bags-for-tourism-recreation","8":"product_cat-recreation","9":"product_cat-husky-sleeping-bags-sleeping-bags-for-tourism-recreation","11":"first","12":"instock","13":"shipping-taxable","14":"purchasable","15":"product-type-simple"},"_links":{"self":[{"href":"https:\/\/sezona.lv\/en\/wp-json\/wp\/v2\/product\/76443","targetHints":{"allow":["GET"]}}],"collection":[{"href":"https:\/\/sezona.lv\/en\/wp-json\/wp\/v2\/product"}],"about":[{"href":"https:\/\/sezona.lv\/en\/wp-json\/wp\/v2\/types\/product"}],"wp:attachment":[{"href":"https:\/\/sezona.lv\/en\/wp-json\/wp\/v2\/media?parent=76443"}],"wp:term":[{"taxonomy":"product_brand","embeddable":true,"href":"https:\/\/sezona.lv\/en\/wp-json\/wp\/v2\/product_brand?post=76443"},{"taxonomy":"product_cat","embeddable":true,"href":"https:\/\/sezona.lv\/en\/wp-json\/wp\/v2\/product_cat?post=76443"},{"taxonomy":"product_tag","embeddable":true,"href":"https:\/\/sezona.lv\/en\/wp-json\/wp\/v2\/product_tag?post=76443"}],"curies":[{"name":"wp","href":"https:\/\/api.w.org\/{rel}","templated":true}]}}