{"id":76444,"date":"2025-07-11T15:47:18","date_gmt":"2025-07-11T12:47:18","guid":{"rendered":"https:\/\/demo8.ecube.lv\/sezona.lv\/products\/husky-espace-gulammaiss\/"},"modified":"2025-07-14T14:51:16","modified_gmt":"2025-07-14T11:51:16","slug":"husky-espace-gulammaiss","status":"publish","type":"product","link":"https:\/\/sezona.lv\/en\/products\/husky-espace-gulammaiss\/","title":{"rendered":"Husky ESPACE gu\u013cammaiss"},"content":{"rendered":"<p>Pateicoties Invista Thermolite Micro &scaron;\u0137iedr\u0101m, &scaron;is ir viegl\u0101kais  gu\u013cammaiss Husky Extreme kolekcij\u0101, ta\u010du tas neb\u016bt nav piem\u0113rots tikai  lieto&scaron;anai vasarn\u012bc\u0101. Tr\u012bs sezonu Espace lietojams da\u017e\u0101dos apst\u0101k\u013cos,  ta\u010du maz\u0101 svara d\u0113\u013c tas b\u016bs neatsverams pal\u012bgs velot\u016brisma cien\u012bt\u0101jiem.<\/p>\n<p>S\u012aK\u0100KA INFORM\u0100CIJA<\/p>\n<div id=\"more_info_sheets\" class=\"sheets align_justify\">\n<ul id=\"idTab2\" class=\"bullet\">\n<li><span>Augsts komforts:<\/span> +6<\/li>\n<li><span>Zems komforts:<\/span> 0<\/li>\n<li><span>Riska temperat\u016bra:<\/span> -6<\/li>\n<li><span>\u0100r\u0113jais materi\u0101ls<\/span> 40D 240T Tactel RipStop Nylon<\/li>\n<li><span>Iek&scaron;\u0113jais materi\u0101ls:<\/span> Soft Nylon<\/li>\n<li><span>Iepakojuma izm\u0113rs:<\/span> 26 x 14cm<\/li>\n<li><span>Ieteicamais lietot\u0101ja garums:<\/span> 185cm<\/li>\n<li><span>Izm\u0113rs:<\/span> 85 x 210cm<\/li>\n<li><span>Pild\u012bjums:<\/span> 1x120g\/m2 ThermoLite Micro<\/li>\n<li><span>Ra\u017eot\u0101js:<\/span> HUSKY<\/li>\n<li><span>Svars:<\/span> 0,99kg<\/li>\n<\/ul>\n<\/div>\n","protected":false},"excerpt":{"rendered":"<p>Pateicoties Invista Thermolite Micro &scaron;\u0137iedr\u0101m, &scaron;is ir viegl\u0101kais gu\u013cammaiss Husky Extreme kolekcij\u0101, ta\u010du tas neb\u016bt nav piem\u0113rots tikai lieto&scaron;anai vasarn\u012bc\u0101. Tr\u012bs sezonu Espace lietojams da\u017e\u0101dos apst\u0101k\u013cos, ta\u010du maz\u0101 svara d\u0113\u013c tas b\u016bs neatsverams pal\u012bgs velot\u016brisma cien\u012bt\u0101jiem. S\u012aK\u0100KA INFORM\u0100CIJA Augsts komforts: +6 Zems komforts: 0 Riska temperat\u016bra: -6 \u0100r\u0113jais materi\u0101ls 40D 240T Tactel RipStop Nylon Iek&scaron;\u0113jais [&hellip;]<\/p>\n","protected":false},"featured_media":61434,"template":"","meta":[],"product_brand":[954],"product_cat":[4558,4569,4962],"product_tag":[],"class_list":{"0":"post-76444","1":"product","2":"type-product","3":"status-publish","4":"has-post-thumbnail","6":"product_brand-husky","7":"product_cat-for-tourism-recreation","8":"product_cat-sleeping-bags-for-tourism-recreation","9":"product_cat-husky-sleeping-bags-sleeping-bags-for-tourism-recreation","11":"first","12":"instock","13":"shipping-taxable","14":"purchasable","15":"product-type-simple"},"_links":{"self":[{"href":"https:\/\/sezona.lv\/en\/wp-json\/wp\/v2\/product\/76444","targetHints":{"allow":["GET"]}}],"collection":[{"href":"https:\/\/sezona.lv\/en\/wp-json\/wp\/v2\/product"}],"about":[{"href":"https:\/\/sezona.lv\/en\/wp-json\/wp\/v2\/types\/product"}],"wp:featuredmedia":[{"embeddable":true,"href":"https:\/\/sezona.lv\/en\/wp-json\/wp\/v2\/media\/61434"}],"wp:attachment":[{"href":"https:\/\/sezona.lv\/en\/wp-json\/wp\/v2\/media?parent=76444"}],"wp:term":[{"taxonomy":"product_brand","embeddable":true,"href":"https:\/\/sezona.lv\/en\/wp-json\/wp\/v2\/product_brand?post=76444"},{"taxonomy":"product_cat","embeddable":true,"href":"https:\/\/sezona.lv\/en\/wp-json\/wp\/v2\/product_cat?post=76444"},{"taxonomy":"product_tag","embeddable":true,"href":"https:\/\/sezona.lv\/en\/wp-json\/wp\/v2\/product_tag?post=76444"}],"curies":[{"name":"wp","href":"https:\/\/api.w.org\/{rel}","templated":true}]}}