{"id":76445,"date":"2025-07-11T15:47:21","date_gmt":"2025-07-11T12:47:21","guid":{"rendered":"https:\/\/demo8.ecube.lv\/sezona.lv\/products\/husky-motion-ladies-gulammaiss\/"},"modified":"2025-07-14T14:51:17","modified_gmt":"2025-07-14T11:51:17","slug":"husky-motion-ladies-gulammaiss","status":"publish","type":"product","link":"https:\/\/sezona.lv\/en\/products\/husky-motion-ladies-gulammaiss\/","title":{"rendered":"Husky MOTION ladies gu\u013cammaiss"},"content":{"rendered":"<p>Pateicoties Invista Planen Qualofill &scaron;\u0137iedr\u0101m ekstr\u0113miem aukstumiem  piem\u0113rotais Motion Ladies -20 b\u016bs pareiz\u0101 gu\u013cammaisa izv\u0113le sieviet\u0113m,  kas ce\u013cojumos paredz nak&scaron;\u0146o&scaron;anu aukstum\u0101. Motion Ladies -20 ir \u012bpa&scaron;i  sieviet\u0113m &scaron;\u016bta forma un papildu siltumaizsardz\u012bba kr\u016b&scaron;u un k\u0101ju rajon\u0101.  Teicamas siltumizol\u0101cijas sp\u0113jas un izmantotais elpojo&scaron;s materi\u0101ls ir &scaron;\u012b  gu\u013cammaisa galven\u0101s \u012bpa&scaron;\u012bbas. Motion Ladies -20 kapuci kl\u0101j m\u012bksts  mikrofl\u012bsa audums \u012bpa&scaron;am komfortam. T\u0101pat gu\u013cammaisam ir iek&scaron;\u0113j\u0101s un  \u0101r\u0113j\u0101s kabatas, bet aizmugur\u0113 iz&scaron;\u016btas pretsl\u012bdes joslas. Ieteicamais  lietot\u0101jas garums: l\u012bdz 185 cm.<\/p>\n<p>S\u012aK\u0100KA INFORM\u0100CIJA<\/p>\n<div id=\"more_info_sheets\" class=\"sheets align_justify\">\n<ul id=\"idTab2\" class=\"bullet\">\n<li><span>Augsts komforts:<\/span> -6<\/li>\n<li><span>Riska temperat\u016bra:<\/span> -20<\/li>\n<li><span>Zems komforts:<\/span> -12<\/li>\n<li><span>\u0100r\u0113jais materi\u0101ls<\/span> 44D 235T Tactel Ripstop Nylon<\/li>\n<li><span>Iek&scaron;\u0113jais materi\u0101ls:<\/span> Soft Nylon, Microfleece<\/li>\n<li><span>Iepakojuma izm\u0113rs:<\/span> 36 x 24cm<\/li>\n<li><span>Ieteicamais lietot\u0101ja garums:<\/span> 185cm<\/li>\n<li><span>Izm\u0113rs:<\/span> 85 x 210cm<\/li>\n<li><span>Pild\u012bjums:<\/span> 2x190g\/m2 + 1x190g\/m2 Invista QualloFill, 7ch<\/li>\n<li><span>Svars:<\/span> 1,95kg<\/li>\n<\/ul>\n<\/div>\n","protected":false},"excerpt":{"rendered":"<p>Pateicoties Invista Planen Qualofill &scaron;\u0137iedr\u0101m ekstr\u0113miem aukstumiem piem\u0113rotais Motion Ladies -20 b\u016bs pareiz\u0101 gu\u013cammaisa izv\u0113le sieviet\u0113m, kas ce\u013cojumos paredz nak&scaron;\u0146o&scaron;anu aukstum\u0101. Motion Ladies -20 ir \u012bpa&scaron;i sieviet\u0113m &scaron;\u016bta forma un papildu siltumaizsardz\u012bba kr\u016b&scaron;u un k\u0101ju rajon\u0101. Teicamas siltumizol\u0101cijas sp\u0113jas un izmantotais elpojo&scaron;s materi\u0101ls ir &scaron;\u012b gu\u013cammaisa galven\u0101s \u012bpa&scaron;\u012bbas. Motion Ladies -20 kapuci kl\u0101j m\u012bksts mikrofl\u012bsa [&hellip;]<\/p>\n","protected":false},"featured_media":61439,"template":"","meta":[],"product_brand":[954],"product_cat":[4558,4569,4962],"product_tag":[],"class_list":{"0":"post-76445","1":"product","2":"type-product","3":"status-publish","4":"has-post-thumbnail","6":"product_brand-husky","7":"product_cat-for-tourism-recreation","8":"product_cat-sleeping-bags-for-tourism-recreation","9":"product_cat-husky-sleeping-bags-sleeping-bags-for-tourism-recreation","11":"first","12":"instock","13":"shipping-taxable","14":"purchasable","15":"product-type-simple"},"_links":{"self":[{"href":"https:\/\/sezona.lv\/en\/wp-json\/wp\/v2\/product\/76445","targetHints":{"allow":["GET"]}}],"collection":[{"href":"https:\/\/sezona.lv\/en\/wp-json\/wp\/v2\/product"}],"about":[{"href":"https:\/\/sezona.lv\/en\/wp-json\/wp\/v2\/types\/product"}],"wp:featuredmedia":[{"embeddable":true,"href":"https:\/\/sezona.lv\/en\/wp-json\/wp\/v2\/media\/61439"}],"wp:attachment":[{"href":"https:\/\/sezona.lv\/en\/wp-json\/wp\/v2\/media?parent=76445"}],"wp:term":[{"taxonomy":"product_brand","embeddable":true,"href":"https:\/\/sezona.lv\/en\/wp-json\/wp\/v2\/product_brand?post=76445"},{"taxonomy":"product_cat","embeddable":true,"href":"https:\/\/sezona.lv\/en\/wp-json\/wp\/v2\/product_cat?post=76445"},{"taxonomy":"product_tag","embeddable":true,"href":"https:\/\/sezona.lv\/en\/wp-json\/wp\/v2\/product_tag?post=76445"}],"curies":[{"name":"wp","href":"https:\/\/api.w.org\/{rel}","templated":true}]}}