{"id":76446,"date":"2025-07-14T14:51:17","date_gmt":"2025-07-14T11:51:17","guid":{"rendered":"https:\/\/demo8.ecube.lv\/sezona.lv\/products\/husky-anapurna-gulammaiss\/"},"modified":"2025-07-14T14:51:17","modified_gmt":"2025-07-14T11:51:17","slug":"husky-anapurna-gulammaiss","status":"publish","type":"product","link":"https:\/\/sezona.lv\/en\/products\/husky-anapurna-gulammaiss\/","title":{"rendered":"Husky ANAPURNA gu\u013cammaiss"},"content":{"rendered":"<p>Husky Anapurna -28 ir gu\u013cammaiss, ko nov\u0113rt\u0113s pat vispras\u012bg\u0101kie kalnu  eksped\u012bciju dal\u012bbnieki. Augstas kvalit\u0101tes gu\u013cammaiss, kas pild\u012bts ar  septi\u0146u kan\u0101lu Invista Quallofil &scaron;\u0137iedr\u0101m. Gu\u013cot Anapurna -28, jums  vair\u0101k neuztrauks, k\u0101da ir temperat\u016bra \u0101r\u0101. Turkl\u0101t, ja paliek par  siltu, iesp\u0113jams iz\u0146emt iek\u013cauto k\u0101ju sild\u012bt\u0101ju.<\/p>\n<p>S\u012aK\u0100KA INFORM\u0100CIJA<\/p>\n<div id=\"more_info_sheets\" class=\"sheets align_justify\">\n<ul id=\"idTab2\" class=\"bullet\">\n<li><span>Augsts komforts:<\/span> -4<\/li>\n<li><span>Zems komforts:<\/span> -10<\/li>\n<li><span>Riska temperat\u016bra:<\/span> -28<\/li>\n<li><span>\u0100r\u0113jais materi\u0101ls<\/span> 40D 290T Tactel RipSop Nylon<\/li>\n<li><span>Iek&scaron;\u0113jais materi\u0101ls:<\/span> Soft Nylon<\/li>\n<li><span>Iepakojuma izm\u0113rs:<\/span> 40 x 26cm<\/li>\n<li><span>Ieteicamais lietot\u0101ja garums:<\/span> 195cm<\/li>\n<li><span>Izm\u0113rs:<\/span> 85 x 220cm<\/li>\n<li><span>Pild\u012bjums:<\/span> 2x260g\/m2Invista QualloFill, 7ch<\/li>\n<li><span>Svars:<\/span> 2,26kg<\/li>\n<\/ul>\n<\/div>\n","protected":false},"excerpt":{"rendered":"<p>Husky Anapurna -28 ir gu\u013cammaiss, ko nov\u0113rt\u0113s pat vispras\u012bg\u0101kie kalnu eksped\u012bciju dal\u012bbnieki. Augstas kvalit\u0101tes gu\u013cammaiss, kas pild\u012bts ar septi\u0146u kan\u0101lu Invista Quallofil &scaron;\u0137iedr\u0101m. Gu\u013cot Anapurna -28, jums vair\u0101k neuztrauks, k\u0101da ir temperat\u016bra \u0101r\u0101. Turkl\u0101t, ja paliek par siltu, iesp\u0113jams iz\u0146emt iek\u013cauto k\u0101ju sild\u012bt\u0101ju. S\u012aK\u0100KA INFORM\u0100CIJA Augsts komforts: -4 Zems komforts: -10 Riska temperat\u016bra: -28 \u0100r\u0113jais [&hellip;]<\/p>\n","protected":false},"featured_media":0,"template":"","meta":[],"product_brand":[954],"product_cat":[4558,4569,4640,4962],"product_tag":[],"class_list":{"0":"post-76446","1":"product","2":"type-product","3":"status-publish","5":"product_brand-husky","6":"product_cat-for-tourism-recreation","7":"product_cat-sleeping-bags-for-tourism-recreation","8":"product_cat-recreation","9":"product_cat-husky-sleeping-bags-sleeping-bags-for-tourism-recreation","11":"first","12":"instock","13":"shipping-taxable","14":"purchasable","15":"product-type-simple"},"_links":{"self":[{"href":"https:\/\/sezona.lv\/en\/wp-json\/wp\/v2\/product\/76446","targetHints":{"allow":["GET"]}}],"collection":[{"href":"https:\/\/sezona.lv\/en\/wp-json\/wp\/v2\/product"}],"about":[{"href":"https:\/\/sezona.lv\/en\/wp-json\/wp\/v2\/types\/product"}],"wp:attachment":[{"href":"https:\/\/sezona.lv\/en\/wp-json\/wp\/v2\/media?parent=76446"}],"wp:term":[{"taxonomy":"product_brand","embeddable":true,"href":"https:\/\/sezona.lv\/en\/wp-json\/wp\/v2\/product_brand?post=76446"},{"taxonomy":"product_cat","embeddable":true,"href":"https:\/\/sezona.lv\/en\/wp-json\/wp\/v2\/product_cat?post=76446"},{"taxonomy":"product_tag","embeddable":true,"href":"https:\/\/sezona.lv\/en\/wp-json\/wp\/v2\/product_tag?post=76446"}],"curies":[{"name":"wp","href":"https:\/\/api.w.org\/{rel}","templated":true}]}}