{"id":76447,"date":"2025-07-11T15:47:27","date_gmt":"2025-07-11T12:47:27","guid":{"rendered":"https:\/\/demo8.ecube.lv\/sezona.lv\/products\/husky-ember-gulammaiss\/"},"modified":"2025-07-14T14:51:18","modified_gmt":"2025-07-14T11:51:18","slug":"husky-ember-gulammaiss","status":"publish","type":"product","link":"https:\/\/sezona.lv\/en\/products\/husky-ember-gulammaiss\/","title":{"rendered":"Husky EMBER gu\u013cammaiss"},"content":{"rendered":"<p>Gu\u013cammaiss Husky Ember garant\u0113 saldu miegu no pavasara l\u012bdz ziemai. Tam  ir lieliskas siltumizol\u0101cijas sp\u0113jas, kas pan\u0101ktas, izmantojot Invista  Thermolite Extreme &scaron;\u0137iedras. Gu\u013cammaiss ar\u012b ilgsto&scaron;\u0101 lieto&scaron;an\u0101 b\u016bs  komfortabls un iztur\u012bgs. Daudzi nov\u0113rt\u0113s t\u0101 mazo svaru un pretsl\u012bdes  joslas aizmugur\u0113, savuk\u0101rt vietu transport\u0113&scaron;anas laik\u0101 pal\u012bdz\u0113s ietaup\u012bt  kompresijas siksnas.<\/p>\n<p>S\u012aK\u0100KA INFORM\u0100CIJA<\/p>\n<div id=\"more_info_sheets\" class=\"sheets align_justify\">\n<ul id=\"idTab2\" class=\"bullet\">\n<li><span>Augsts komforts:<\/span> 0<\/li>\n<li><span>Zems komforts:<\/span> -6<\/li>\n<li><span>Riska temperat\u016bra:<\/span> -14<\/li>\n<li><span>\u0100r\u0113jais materi\u0101ls<\/span> 40D 240T Tactel RipStop Nylon<\/li>\n<li><span>Iek&scaron;\u0113jais materi\u0101ls:<\/span> Soft Nylon<\/li>\n<li><span>Iepakojuma izm\u0113rs:<\/span> 35 x 22cm<\/li>\n<li><span>Ieteicamais lietot\u0101ja garums:<\/span> 195cm<\/li>\n<li><span>Izm\u0113rs:<\/span> 85 x 220cm<\/li>\n<li><span>Pild\u012bjums:<\/span> 2x140g\/m3 ThermoLite Extreme<\/li>\n<li><span>Svars:<\/span> 1,42kg<\/li>\n<\/ul>\n<\/div>\n","protected":false},"excerpt":{"rendered":"<p>Gu\u013cammaiss Husky Ember garant\u0113 saldu miegu no pavasara l\u012bdz ziemai. Tam ir lieliskas siltumizol\u0101cijas sp\u0113jas, kas pan\u0101ktas, izmantojot Invista Thermolite Extreme &scaron;\u0137iedras. Gu\u013cammaiss ar\u012b ilgsto&scaron;\u0101 lieto&scaron;an\u0101 b\u016bs komfortabls un iztur\u012bgs. Daudzi nov\u0113rt\u0113s t\u0101 mazo svaru un pretsl\u012bdes joslas aizmugur\u0113, savuk\u0101rt vietu transport\u0113&scaron;anas laik\u0101 pal\u012bdz\u0113s ietaup\u012bt kompresijas siksnas. S\u012aK\u0100KA INFORM\u0100CIJA Augsts komforts: 0 Zems komforts: -6 [&hellip;]<\/p>\n","protected":false},"featured_media":61450,"template":"","meta":[],"product_brand":[954],"product_cat":[4558,4569,4962],"product_tag":[],"class_list":{"0":"post-76447","1":"product","2":"type-product","3":"status-publish","4":"has-post-thumbnail","6":"product_brand-husky","7":"product_cat-for-tourism-recreation","8":"product_cat-sleeping-bags-for-tourism-recreation","9":"product_cat-husky-sleeping-bags-sleeping-bags-for-tourism-recreation","11":"first","12":"instock","13":"shipping-taxable","14":"purchasable","15":"product-type-simple"},"_links":{"self":[{"href":"https:\/\/sezona.lv\/en\/wp-json\/wp\/v2\/product\/76447","targetHints":{"allow":["GET"]}}],"collection":[{"href":"https:\/\/sezona.lv\/en\/wp-json\/wp\/v2\/product"}],"about":[{"href":"https:\/\/sezona.lv\/en\/wp-json\/wp\/v2\/types\/product"}],"wp:featuredmedia":[{"embeddable":true,"href":"https:\/\/sezona.lv\/en\/wp-json\/wp\/v2\/media\/61450"}],"wp:attachment":[{"href":"https:\/\/sezona.lv\/en\/wp-json\/wp\/v2\/media?parent=76447"}],"wp:term":[{"taxonomy":"product_brand","embeddable":true,"href":"https:\/\/sezona.lv\/en\/wp-json\/wp\/v2\/product_brand?post=76447"},{"taxonomy":"product_cat","embeddable":true,"href":"https:\/\/sezona.lv\/en\/wp-json\/wp\/v2\/product_cat?post=76447"},{"taxonomy":"product_tag","embeddable":true,"href":"https:\/\/sezona.lv\/en\/wp-json\/wp\/v2\/product_tag?post=76447"}],"curies":[{"name":"wp","href":"https:\/\/api.w.org\/{rel}","templated":true}]}}