{"id":76448,"date":"2025-07-14T14:51:19","date_gmt":"2025-07-14T11:51:19","guid":{"rendered":"https:\/\/demo8.ecube.lv\/sezona.lv\/products\/ziemas-zabaki-norfin-klondaik\/"},"modified":"2025-07-14T14:51:19","modified_gmt":"2025-07-14T11:51:19","slug":"ziemas-zabaki-norfin-klondaik","status":"publish","type":"product","link":"https:\/\/sezona.lv\/en\/products\/ziemas-zabaki-norfin-klondaik\/","title":{"rendered":"Ziemas z\u0101baki Norfin KLONDAIK"},"content":{"rendered":"<p>NORFIN Klondaik modelis izgatavots no iztur\u012bga EVA materi\u0101la ar iz\u0146emamu  ieliktni, kas nodro&scaron;ina siltumu, kustoties l\u012bdz pat &#8211; 40 C. Z\u0101bakam ir  iztur\u012bga zole, k\u0101 ar\u012b papildus iz\u0146emamas zol\u012btes papildus  siltumizol\u0101cijai ilgi atrodoties uz ledus. Pateicoties jaunai ra\u017eo&scaron;anas  tehnolo\u0123ijai, &scaron;ie z\u0101baki ir gandr\u012bz 2 viegl\u0101ki, nek\u0101 PVC analogi.<\/p>\n<p> &middot; Tr\u012bsk\u0101rt\u012bgs, 10 mm biezs ieliktnis nodro&scaron;ina nep\u0101rsp\u0113jamu termoizol\u0101ciju.<br \/> &middot; Poliestera Thinsulate iek&scaron;\u0113j\u0101 k\u0101rta uzs\u016bc mitrumu<br \/> &middot; Siltumu atstarojo&scaron;a folija aiztur aukstumu un uztur \u0137erme\u0146a siltumu<br \/> &middot; Poliestera k\u0101rta aiztur silto gaisu un nodro&scaron;ina nep\u0101rsp\u0113jamu termoizol\u0101ciju <\/p>\n<p> Pap\u0113\u017ea zon\u0101 iestr\u0101d\u0101ts speci\u0101ls pretsl\u012bdes mehanisms<\/p>\n<p> Man&scaron;etes izgatavotas no iztur\u012bga neilona<\/p>\n<p>Izm\u0113ri: 40-47<\/p>\n","protected":false},"excerpt":{"rendered":"<p>NORFIN Klondaik modelis izgatavots no iztur\u012bga EVA materi\u0101la ar iz\u0146emamu ieliktni, kas nodro&scaron;ina siltumu, kustoties l\u012bdz pat &#8211; 40 C. Z\u0101bakam ir iztur\u012bga zole, k\u0101 ar\u012b papildus iz\u0146emamas zol\u012btes papildus siltumizol\u0101cijai ilgi atrodoties uz ledus. Pateicoties jaunai ra\u017eo&scaron;anas tehnolo\u0123ijai, &scaron;ie z\u0101baki ir gandr\u012bz 2 viegl\u0101ki, nek\u0101 PVC analogi. &middot; Tr\u012bsk\u0101rt\u012bgs, 10 mm biezs ieliktnis nodro&scaron;ina [&hellip;]<\/p>\n","protected":false},"featured_media":0,"template":"","meta":[],"product_brand":[899],"product_cat":[4615,4640],"product_tag":[],"class_list":{"0":"post-76448","1":"product","2":"type-product","3":"status-publish","5":"product_brand-norfin","6":"product_cat-winter-boots-recreation","7":"product_cat-recreation","9":"first","10":"instock","11":"shipping-taxable","12":"purchasable","13":"product-type-simple"},"_links":{"self":[{"href":"https:\/\/sezona.lv\/en\/wp-json\/wp\/v2\/product\/76448","targetHints":{"allow":["GET"]}}],"collection":[{"href":"https:\/\/sezona.lv\/en\/wp-json\/wp\/v2\/product"}],"about":[{"href":"https:\/\/sezona.lv\/en\/wp-json\/wp\/v2\/types\/product"}],"wp:attachment":[{"href":"https:\/\/sezona.lv\/en\/wp-json\/wp\/v2\/media?parent=76448"}],"wp:term":[{"taxonomy":"product_brand","embeddable":true,"href":"https:\/\/sezona.lv\/en\/wp-json\/wp\/v2\/product_brand?post=76448"},{"taxonomy":"product_cat","embeddable":true,"href":"https:\/\/sezona.lv\/en\/wp-json\/wp\/v2\/product_cat?post=76448"},{"taxonomy":"product_tag","embeddable":true,"href":"https:\/\/sezona.lv\/en\/wp-json\/wp\/v2\/product_tag?post=76448"}],"curies":[{"name":"wp","href":"https:\/\/api.w.org\/{rel}","templated":true}]}}