{"id":76450,"date":"2025-07-11T15:47:30","date_gmt":"2025-07-11T12:47:30","guid":{"rendered":"https:\/\/demo8.ecube.lv\/sezona.lv\/products\/egles-stativs-064137\/"},"modified":"2025-07-14T14:51:21","modified_gmt":"2025-07-14T11:51:21","slug":"egles-stativs-064137","status":"publish","type":"product","link":"https:\/\/sezona.lv\/en\/products\/egles-stativs-064137\/","title":{"rendered":"Egles stat\u012bvs 064137"},"content":{"rendered":"<p>Met\u0101la egles stat\u012bvs 064137.<\/p>\n<p>Augstums: 170 mm<\/p>\n<p>Platums: 280 mm<\/p>\n<p>Max egles stumbra diametrs: 70 mm<\/p>\n","protected":false},"excerpt":{"rendered":"<p>Met\u0101la egles stat\u012bvs 064137. Augstums: 170 mm Platums: 280 mm Max egles stumbra diametrs: 70 mm<\/p>\n","protected":false},"featured_media":61458,"template":"","meta":[],"product_brand":[],"product_cat":[4604,4606],"product_tag":[],"class_list":{"0":"post-76450","1":"product","2":"type-product","3":"status-publish","4":"has-post-thumbnail","6":"product_cat-christmas-items-winter","7":"product_cat-trees-legs-christmas-items-winter","9":"first","10":"instock","11":"shipping-taxable","12":"purchasable","13":"product-type-simple"},"_links":{"self":[{"href":"https:\/\/sezona.lv\/en\/wp-json\/wp\/v2\/product\/76450","targetHints":{"allow":["GET"]}}],"collection":[{"href":"https:\/\/sezona.lv\/en\/wp-json\/wp\/v2\/product"}],"about":[{"href":"https:\/\/sezona.lv\/en\/wp-json\/wp\/v2\/types\/product"}],"wp:featuredmedia":[{"embeddable":true,"href":"https:\/\/sezona.lv\/en\/wp-json\/wp\/v2\/media\/61458"}],"wp:attachment":[{"href":"https:\/\/sezona.lv\/en\/wp-json\/wp\/v2\/media?parent=76450"}],"wp:term":[{"taxonomy":"product_brand","embeddable":true,"href":"https:\/\/sezona.lv\/en\/wp-json\/wp\/v2\/product_brand?post=76450"},{"taxonomy":"product_cat","embeddable":true,"href":"https:\/\/sezona.lv\/en\/wp-json\/wp\/v2\/product_cat?post=76450"},{"taxonomy":"product_tag","embeddable":true,"href":"https:\/\/sezona.lv\/en\/wp-json\/wp\/v2\/product_tag?post=76450"}],"curies":[{"name":"wp","href":"https:\/\/api.w.org\/{rel}","templated":true}]}}