{"id":76453,"date":"2025-07-14T14:51:24","date_gmt":"2025-07-14T11:51:24","guid":{"rendered":"https:\/\/demo8.ecube.lv\/sezona.lv\/products\/apavu-zavetajs-bright-350-w\/"},"modified":"2025-07-14T14:51:24","modified_gmt":"2025-07-14T11:51:24","slug":"apavu-zavetajs-bright-350-w","status":"publish","type":"product","link":"https:\/\/sezona.lv\/en\/products\/apavu-zavetajs-bright-350-w\/","title":{"rendered":"Apavu \u017e\u0101v\u0113t\u0101js Bright 350 W"},"content":{"rendered":"<p>S\u0101c r\u012btu ar siltiem z\u0101bakiem!<\/p>\n<p>Praktisks, viegli lietojams apavu \u017e\u0101v\u0113t\u0101js, kuru var lietot m\u0101j\u0101s, dz\u012bvokl\u012b,<\/p>\n<p>vasarn\u012bc\u0101 u.c. Piem\u0113rots ikdienas apaviem, cimdiem, sporta apaviem, slid\u0101m,<\/p>\n<p>sl\u0113pju z\u0101bakiem, u.c. Apavi tiek \u017e\u0101v\u0113ti ar silt\u0101 gaisa pl\u016bsmu, vienlaic\u012bgi var<\/p>\n<p>\u017e\u0101v\u0113t 2 apavu p\u0101rus, stiprin\u0101ms pie sienas.<\/p>\n<p>Elast\u012bg\u0101s &scaron;\u013c\u016btenes ir viegli pagarin\u0101t un saliekt. Tas \u013cauj izmantot \u017e\u0101v\u0113t\u0101ju<\/p>\n<p>da\u017e\u0101da lieluma apaviem, kurp\u0113m un z\u0101bakiem.<\/p>\n<p>Apavu \u017e\u0101v\u0113t\u0101js ir apr\u012bkots ar p\u0101rkar&scaron;anas aizsardz\u012bbu, regul\u0113jamu<\/p>\n<p>\u017e\u0101v\u0113&scaron;anas temperat\u016bru un l\u012bdz 120 min\u016b&scaron;u taimeri.<\/p>\n<p>Regul\u0101ri \u017e\u0101v\u0113jot apavus tiek nov\u0113rsts nepat\u012bkamais arom\u0101ts.<\/p>\n<p>&nbsp;<\/p>\n<p>Jauda 350 W, Spriegums 230 V\/50Hz;<\/p>\n<p>Trok&scaron;\u0146u l\u012bmenis &#8211; 49 dB;<\/p>\n<p>Ier\u012bces izm\u0113ri: (Pl x Dz x A)- 22 cm x 9.5 cm x 29 cm;<\/p>\n<p>Cauru\u013cu garums 24-70 cm;<\/p>\n<p>Iepakojuma izm\u0113ri: (Pl x Dz x A)- 23 cm x 14.5 cm x 34 cm;<\/p>\n<p>Svars: bruto-1.55 kg, netto-1.25 kg.<\/p>\n<p>&nbsp;<\/p>\n","protected":false},"excerpt":{"rendered":"<p>S\u0101c r\u012btu ar siltiem z\u0101bakiem! Praktisks, viegli lietojams apavu \u017e\u0101v\u0113t\u0101js, kuru var lietot m\u0101j\u0101s, dz\u012bvokl\u012b, vasarn\u012bc\u0101 u.c. Piem\u0113rots ikdienas apaviem, cimdiem, sporta apaviem, slid\u0101m, sl\u0113pju z\u0101bakiem, u.c. Apavi tiek \u017e\u0101v\u0113ti ar silt\u0101 gaisa pl\u016bsmu, vienlaic\u012bgi var \u017e\u0101v\u0113t 2 apavu p\u0101rus, stiprin\u0101ms pie sienas. Elast\u012bg\u0101s &scaron;\u013c\u016btenes ir viegli pagarin\u0101t un saliekt. Tas \u013cauj izmantot \u017e\u0101v\u0113t\u0101ju da\u017e\u0101da [&hellip;]<\/p>\n","protected":false},"featured_media":0,"template":"","meta":[],"product_brand":[],"product_cat":[4582,4615,4640],"product_tag":[],"class_list":{"0":"post-76453","1":"product","2":"type-product","3":"status-publish","5":"product_cat-shoe-dryers-winter-boots","6":"product_cat-winter-boots-recreation","7":"product_cat-recreation","9":"first","10":"instock","11":"shipping-taxable","12":"purchasable","13":"product-type-simple"},"_links":{"self":[{"href":"https:\/\/sezona.lv\/en\/wp-json\/wp\/v2\/product\/76453","targetHints":{"allow":["GET"]}}],"collection":[{"href":"https:\/\/sezona.lv\/en\/wp-json\/wp\/v2\/product"}],"about":[{"href":"https:\/\/sezona.lv\/en\/wp-json\/wp\/v2\/types\/product"}],"wp:attachment":[{"href":"https:\/\/sezona.lv\/en\/wp-json\/wp\/v2\/media?parent=76453"}],"wp:term":[{"taxonomy":"product_brand","embeddable":true,"href":"https:\/\/sezona.lv\/en\/wp-json\/wp\/v2\/product_brand?post=76453"},{"taxonomy":"product_cat","embeddable":true,"href":"https:\/\/sezona.lv\/en\/wp-json\/wp\/v2\/product_cat?post=76453"},{"taxonomy":"product_tag","embeddable":true,"href":"https:\/\/sezona.lv\/en\/wp-json\/wp\/v2\/product_tag?post=76453"}],"curies":[{"name":"wp","href":"https:\/\/api.w.org\/{rel}","templated":true}]}}