{"id":76454,"date":"2025-07-11T15:47:36","date_gmt":"2025-07-11T12:47:36","guid":{"rendered":"https:\/\/demo8.ecube.lv\/sezona.lv\/products\/hokeja-kivere-bauer-hh4500c-blk\/"},"modified":"2025-07-14T14:51:24","modified_gmt":"2025-07-14T11:51:24","slug":"hokeja-kivere-bauer-hh4500c-blk","status":"publish","type":"product","link":"https:\/\/sezona.lv\/en\/products\/hokeja-kivere-bauer-hh4500c-blk\/","title":{"rendered":"Hokeja \u0137ivere BAUER HH4500C BLK"},"content":{"rendered":"<p>Hokeja \u0137ivere BAUER HH4500C BLK<\/p>\n<p>Izm\u0113ri:<\/p>\n<p>S- 52-57 (cm, galvas apk\u0101rtm\u0113rs)<\/p>\n<p>M- 56-60 (cm, galvas apk\u0101rtm\u0113rs)<\/p>\n<p>L- 59-63 (cm, galvas apk\u0101rtm\u0113rs)<\/p>\n","protected":false},"excerpt":{"rendered":"<p>Hokeja \u0137ivere BAUER HH4500C BLK Izm\u0113ri: S- 52-57 (cm, galvas apk\u0101rtm\u0113rs) M- 56-60 (cm, galvas apk\u0101rtm\u0113rs) L- 59-63 (cm, galvas apk\u0101rtm\u0113rs)<\/p>\n","protected":false},"featured_media":61473,"template":"","meta":[],"product_brand":[],"product_cat":[4603,4688],"product_tag":[],"class_list":{"0":"post-76454","1":"product","2":"type-product","3":"status-publish","4":"has-post-thumbnail","6":"product_cat-ice-hockey-winter-sports","7":"product_cat-hockey-helmets-ice-hockey-winter-sports","9":"first","10":"instock","11":"shipping-taxable","12":"purchasable","13":"product-type-simple"},"_links":{"self":[{"href":"https:\/\/sezona.lv\/en\/wp-json\/wp\/v2\/product\/76454","targetHints":{"allow":["GET"]}}],"collection":[{"href":"https:\/\/sezona.lv\/en\/wp-json\/wp\/v2\/product"}],"about":[{"href":"https:\/\/sezona.lv\/en\/wp-json\/wp\/v2\/types\/product"}],"wp:featuredmedia":[{"embeddable":true,"href":"https:\/\/sezona.lv\/en\/wp-json\/wp\/v2\/media\/61473"}],"wp:attachment":[{"href":"https:\/\/sezona.lv\/en\/wp-json\/wp\/v2\/media?parent=76454"}],"wp:term":[{"taxonomy":"product_brand","embeddable":true,"href":"https:\/\/sezona.lv\/en\/wp-json\/wp\/v2\/product_brand?post=76454"},{"taxonomy":"product_cat","embeddable":true,"href":"https:\/\/sezona.lv\/en\/wp-json\/wp\/v2\/product_cat?post=76454"},{"taxonomy":"product_tag","embeddable":true,"href":"https:\/\/sezona.lv\/en\/wp-json\/wp\/v2\/product_tag?post=76454"}],"curies":[{"name":"wp","href":"https:\/\/api.w.org\/{rel}","templated":true}]}}