{"id":76455,"date":"2025-07-11T15:47:37","date_gmt":"2025-07-11T12:47:37","guid":{"rendered":"https:\/\/demo8.ecube.lv\/sezona.lv\/products\/reebok-sp-12k-10k-sr\/"},"modified":"2025-07-14T14:51:25","modified_gmt":"2025-07-14T11:51:25","slug":"reebok-sp-12k-10k-sr","status":"publish","type":"product","link":"https:\/\/sezona.lv\/en\/products\/reebok-sp-12k-10k-sr\/","title":{"rendered":"REEBOK SP 12K\/10K SR"},"content":{"rendered":"<p>Hokeja kr\u016b&scaron;u bru\u0146as REEBOK SP 12K\/10K SR<\/p>\n<table style=\"text-align: center\" border=\"0\">\n<tbody>\n<tr>\n<td>Izm\u0113rs<\/td>\n<td>S<\/td>\n<td>M<\/td>\n<td>L<\/td>\n<td>XL<\/td>\n<td>XXL<\/td>\n<\/tr>\n<tr>\n<td>Augums (cm)<\/td>\n<td>165-175<\/td>\n<td>170-180<\/td>\n<td>175-185<\/td>\n<td>180-190<\/td>\n<td>185-198<\/td>\n<\/tr>\n<tr>\n<td>Kr\u016b&scaron;u apk\u0101rtm\u0113rs (cm)<\/td>\n<td>91-102<\/td>\n<td>97-107<\/td>\n<td>102-112<\/td>\n<td>107+<\/td>\n<td>112+<\/td>\n<\/tr>\n<tr>\n<td>Svars (kg)<\/td>\n<td>54-73<\/td>\n<td>64-82<\/td>\n<td>73-91<\/td>\n<td>82-100<\/td>\n<td>91+<\/td>\n<\/tr>\n<\/tbody>\n<\/table>\n","protected":false},"excerpt":{"rendered":"<p>Hokeja kr\u016b&scaron;u bru\u0146as REEBOK SP 12K\/10K SR Izm\u0113rs S M L XL XXL Augums (cm) 165-175 170-180 175-185 180-190 185-198 Kr\u016b&scaron;u apk\u0101rtm\u0113rs (cm) 91-102 97-107 102-112 107+ 112+ Svars (kg) 54-73 64-82 73-91 82-100 91+<\/p>\n","protected":false},"featured_media":61476,"template":"","meta":[],"product_brand":[],"product_cat":[4602,4603,4683],"product_tag":[],"class_list":{"0":"post-76455","1":"product","2":"type-product","3":"status-publish","4":"has-post-thumbnail","6":"product_cat-summer-sports-sports","7":"product_cat-ice-hockey-winter-sports","8":"product_cat-hockey-shoulder-pads-ice-hockey-winter-sports","10":"first","11":"instock","12":"shipping-taxable","13":"purchasable","14":"product-type-simple"},"_links":{"self":[{"href":"https:\/\/sezona.lv\/en\/wp-json\/wp\/v2\/product\/76455","targetHints":{"allow":["GET"]}}],"collection":[{"href":"https:\/\/sezona.lv\/en\/wp-json\/wp\/v2\/product"}],"about":[{"href":"https:\/\/sezona.lv\/en\/wp-json\/wp\/v2\/types\/product"}],"wp:featuredmedia":[{"embeddable":true,"href":"https:\/\/sezona.lv\/en\/wp-json\/wp\/v2\/media\/61476"}],"wp:attachment":[{"href":"https:\/\/sezona.lv\/en\/wp-json\/wp\/v2\/media?parent=76455"}],"wp:term":[{"taxonomy":"product_brand","embeddable":true,"href":"https:\/\/sezona.lv\/en\/wp-json\/wp\/v2\/product_brand?post=76455"},{"taxonomy":"product_cat","embeddable":true,"href":"https:\/\/sezona.lv\/en\/wp-json\/wp\/v2\/product_cat?post=76455"},{"taxonomy":"product_tag","embeddable":true,"href":"https:\/\/sezona.lv\/en\/wp-json\/wp\/v2\/product_tag?post=76455"}],"curies":[{"name":"wp","href":"https:\/\/api.w.org\/{rel}","templated":true}]}}