{"id":76457,"date":"2025-07-11T15:47:40","date_gmt":"2025-07-11T12:47:40","guid":{"rendered":"https:\/\/demo8.ecube.lv\/sezona.lv\/products\/hokeja-elkonsargs-reebok-ep-12k-10k-sr\/"},"modified":"2025-07-14T14:51:27","modified_gmt":"2025-07-14T11:51:27","slug":"hokeja-elkonsargs-reebok-ep-12k-10k-sr","status":"publish","type":"product","link":"https:\/\/sezona.lv\/en\/products\/hokeja-elkonsargs-reebok-ep-12k-10k-sr\/","title":{"rendered":"Hokeja elko\u0146sargs REEBOK EP 12K\/10K SR"},"content":{"rendered":"<p>Hokeja elko\u0146sargs REEBOK EP 12K\/10K SR<\/p>\n<p>+ Piln\u012bgai bicepsa aizsardz\u012bbai<\/p>\n<p>+ Mitrumuzs\u016bcos&scaron; polster\u0113jums<\/p>\n<p>+ Veidoti no cieta materi\u0101la piln\u012bgai elko\u0146a dro&scaron;\u012bbai<\/p>\n<p>+ Tr\u012bs siksnu savilk&scaron;anas sist\u0113ma<\/p>\n<p>Pieejamie izm\u0113ri: S,M,L<\/p>\n","protected":false},"excerpt":{"rendered":"<p>Hokeja elko\u0146sargs REEBOK EP 12K\/10K SR + Piln\u012bgai bicepsa aizsardz\u012bbai + Mitrumuzs\u016bcos&scaron; polster\u0113jums + Veidoti no cieta materi\u0101la piln\u012bgai elko\u0146a dro&scaron;\u012bbai + Tr\u012bs siksnu savilk&scaron;anas sist\u0113ma Pieejamie izm\u0113ri: S,M,L<\/p>\n","protected":false},"featured_media":61482,"template":"","meta":[],"product_brand":[],"product_cat":[4602,4603,4684],"product_tag":[],"class_list":{"0":"post-76457","1":"product","2":"type-product","3":"status-publish","4":"has-post-thumbnail","6":"product_cat-summer-sports-sports","7":"product_cat-ice-hockey-winter-sports","8":"product_cat-hockey-elbow-pads-ice-hockey-winter-sports","10":"first","11":"instock","12":"shipping-taxable","13":"purchasable","14":"product-type-simple"},"_links":{"self":[{"href":"https:\/\/sezona.lv\/en\/wp-json\/wp\/v2\/product\/76457","targetHints":{"allow":["GET"]}}],"collection":[{"href":"https:\/\/sezona.lv\/en\/wp-json\/wp\/v2\/product"}],"about":[{"href":"https:\/\/sezona.lv\/en\/wp-json\/wp\/v2\/types\/product"}],"wp:featuredmedia":[{"embeddable":true,"href":"https:\/\/sezona.lv\/en\/wp-json\/wp\/v2\/media\/61482"}],"wp:attachment":[{"href":"https:\/\/sezona.lv\/en\/wp-json\/wp\/v2\/media?parent=76457"}],"wp:term":[{"taxonomy":"product_brand","embeddable":true,"href":"https:\/\/sezona.lv\/en\/wp-json\/wp\/v2\/product_brand?post=76457"},{"taxonomy":"product_cat","embeddable":true,"href":"https:\/\/sezona.lv\/en\/wp-json\/wp\/v2\/product_cat?post=76457"},{"taxonomy":"product_tag","embeddable":true,"href":"https:\/\/sezona.lv\/en\/wp-json\/wp\/v2\/product_tag?post=76457"}],"curies":[{"name":"wp","href":"https:\/\/api.w.org\/{rel}","templated":true}]}}