{"id":76461,"date":"2025-07-11T15:47:44","date_gmt":"2025-07-11T12:47:44","guid":{"rendered":"https:\/\/demo8.ecube.lv\/sezona.lv\/products\/hokeja-soma-ccm-eb-sport-12\/"},"modified":"2025-07-14T14:51:31","modified_gmt":"2025-07-14T11:51:31","slug":"hokeja-soma-ccm-eb-sport-12","status":"publish","type":"product","link":"https:\/\/sezona.lv\/en\/products\/hokeja-soma-ccm-eb-sport-12\/","title":{"rendered":"Hokeja soma CCM EB SPORT &#8217;12"},"content":{"rendered":"<p>Hokeja soma CCM EB SPORT &#8217;12<\/p>\n<p>+ Lielas noslodzes uzb\u016bve &ndash; 600D poliesters un Ripstop\/neilons pal\u012bdz nov\u0113rst pl\u012bsumus un p\u0101rr\u0101vumus<\/p>\n<p>+ Lielas noslodzes r\u0101v\u0113jsl\u0113dz\u0113js &ndash; uzlabota iztur\u012bba un viegli lietojams<\/p>\n<p>+ Polster\u0113ta lence &ndash; regul\u0113jama un atvieglo ne&scaron;anu<\/p>\n<p>+ Lod\u012b&scaron;u neilona pamats &ndash; papildus iztur\u012bba &scaron;aj\u0101 galvenaj\u0101 nodiluma viet\u0101<\/p>\n<p>+ Galu kabatas &ndash; pla&scaron;as kabatas atdal\u012btas no galven\u0101 nodal\u012bjuma<\/p>\n<p>+ 22&#8243; (~ 56 cm) x 12&#8243; (~30,50 cm) x 12&#8243; (~30,50 cm)<\/p>\n","protected":false},"excerpt":{"rendered":"<p>Hokeja soma CCM EB SPORT &#8217;12 + Lielas noslodzes uzb\u016bve &ndash; 600D poliesters un Ripstop\/neilons pal\u012bdz nov\u0113rst pl\u012bsumus un p\u0101rr\u0101vumus + Lielas noslodzes r\u0101v\u0113jsl\u0113dz\u0113js &ndash; uzlabota iztur\u012bba un viegli lietojams + Polster\u0113ta lence &ndash; regul\u0113jama un atvieglo ne&scaron;anu + Lod\u012b&scaron;u neilona pamats &ndash; papildus iztur\u012bba &scaron;aj\u0101 galvenaj\u0101 nodiluma viet\u0101 + Galu kabatas &ndash; pla&scaron;as kabatas [&hellip;]<\/p>\n","protected":false},"featured_media":61494,"template":"","meta":[],"product_brand":[],"product_cat":[4602,4603,4690],"product_tag":[],"class_list":{"0":"post-76461","1":"product","2":"type-product","3":"status-publish","4":"has-post-thumbnail","6":"product_cat-summer-sports-sports","7":"product_cat-ice-hockey-winter-sports","8":"product_cat-hockey-bags-ice-hockey-winter-sports","10":"first","11":"instock","12":"shipping-taxable","13":"purchasable","14":"product-type-simple"},"_links":{"self":[{"href":"https:\/\/sezona.lv\/en\/wp-json\/wp\/v2\/product\/76461","targetHints":{"allow":["GET"]}}],"collection":[{"href":"https:\/\/sezona.lv\/en\/wp-json\/wp\/v2\/product"}],"about":[{"href":"https:\/\/sezona.lv\/en\/wp-json\/wp\/v2\/types\/product"}],"wp:featuredmedia":[{"embeddable":true,"href":"https:\/\/sezona.lv\/en\/wp-json\/wp\/v2\/media\/61494"}],"wp:attachment":[{"href":"https:\/\/sezona.lv\/en\/wp-json\/wp\/v2\/media?parent=76461"}],"wp:term":[{"taxonomy":"product_brand","embeddable":true,"href":"https:\/\/sezona.lv\/en\/wp-json\/wp\/v2\/product_brand?post=76461"},{"taxonomy":"product_cat","embeddable":true,"href":"https:\/\/sezona.lv\/en\/wp-json\/wp\/v2\/product_cat?post=76461"},{"taxonomy":"product_tag","embeddable":true,"href":"https:\/\/sezona.lv\/en\/wp-json\/wp\/v2\/product_tag?post=76461"}],"curies":[{"name":"wp","href":"https:\/\/api.w.org\/{rel}","templated":true}]}}