{"id":76462,"date":"2025-07-14T14:51:32","date_gmt":"2025-07-14T11:51:32","guid":{"rendered":"https:\/\/demo8.ecube.lv\/sezona.lv\/products\/baterija-powermonkey-discovery\/"},"modified":"2025-07-14T14:51:32","modified_gmt":"2025-07-14T11:51:32","slug":"baterija-powermonkey-discovery","status":"publish","type":"product","link":"https:\/\/sezona.lv\/en\/products\/baterija-powermonkey-discovery\/","title":{"rendered":"Baterija Powermonkey Discovery"},"content":{"rendered":"<p align=\"justify\"><span style=\"font-size: x-small\"><strong>Powermonkey Discovery<\/strong> ir jaud\u012bga rezerves baterija prakstiski jebkurai elektroier\u012bcei, kuru  var uzl\u0101d\u0113t caur USB piesl\u0113gt vietu, piem\u0113ram, mobilais telefons,  fotokamera, GPS. T\u0101 ietver sev\u012b ne tikai lielisku veiktsp\u0113ju un  komapktumu, bet ar\u012b eleganci, kas ir ietverta izskat\u012bg\u0101 alum\u012bnija  korpus\u0101. Visas darb\u012bbas notiek ar vienu pogu. Gaismas indikators  pal\u012bdz\u0113s kontrol\u0113t ener\u0123ijas atlikumu batarej\u0101. <strong>Powermonkey Discovery <\/strong>ir iesp\u0113jams uzl\u0101d\u0113t caur USB vai standarta kontakta izmantojot AC USB l\u0101d\u0113t\u0101ju.<\/span><\/p>\n<p align=\"justify\"><span style=\"color: #800000;font-size: x-small\"><strong>Specifik\u0101cija:<\/strong><\/span><\/p>\n<p align=\"justify\"><span style=\"font-size: x-small\"><strong>Korpusa materi\u0101ls:<\/strong> alum\u012bnijs<br \/> <strong>Akumulators:<\/strong> Litija polim\u0113ra<br \/> <strong>Akumulatora ietilp\u012bba:<\/strong> 3500mAh<br \/> <strong>Spriegums:<\/strong> USB 5V<br \/> <strong>Izejas jauda:<\/strong> l\u012bdz 700mA<br \/> <strong>Izm\u0113rs:<\/strong> 114mm x 13mm x 46mm<br \/> <strong>Svars:<\/strong> 107garmi<\/span><\/p>\n<p align=\"justify\"><span style=\"color: #800000;font-size: x-small\"><strong>Komplekt\u0101 ietilpts:<\/strong><\/span><\/p>\n<p align=\"justify\"><span style=\"font-size: x-small\">1 x Powermonkey Discovery batereja<br \/> 1 x USB piesl\u0113guma kabelis<br \/> 1 x adapteris <strong>Samsung<\/strong> telefoniem<br \/> 1 x adapteris <strong>Sony Ericsson<\/strong> telefoniem<br \/> 1 x adapteris <strong>Nokia<\/strong> telefoniem<br \/> 1 x <strong>Mini USB<\/strong> adapteris <br \/> 1 x <strong>Micro USB<\/strong> adapteris<br \/> 1 x ce\u013cojumu maci\u0146&scaron;<\/span><\/p>\n<p align=\"justify\">&nbsp;<\/p>\n<table style=\"height: 154px\" border=\"1\" cellspacing=\"1\" cellpadding=\"1\" width=\"265\">\n<tbody>\n<tr align=\"center\">\n<td colspan=\"2\"><strong><span style=\"font-size: x-small\"><span style=\"color: #800000\">Sp\u0113j uzl\u0101d\u0113t<\/span><\/span><\/strong><\/td>\n<\/tr>\n<tr>\n<td><strong><span style=\"font-size: x-small\">Mobilie telefoni<\/span><\/strong><\/td>\n<td><span style=\"font-size: x-small\">J\u0101<\/span><\/td>\n<\/tr>\n<tr>\n<td><strong><span style=\"font-size: x-small\">iPhone<\/span><\/strong><\/td>\n<td><span style=\"font-size: x-small\">J\u0101<\/span><\/td>\n<\/tr>\n<tr>\n<td><strong><span style=\"font-size: x-small\">iPod, MP3, MP4 atska\u0146ot\u0101ji<\/span><\/strong><\/td>\n<td><span style=\"font-size: x-small\">J\u0101<\/span><\/td>\n<\/tr>\n<tr>\n<td><strong><span style=\"font-size: x-small\">PDA (Plauktsdatori)<\/span><\/strong><\/td>\n<td><span style=\"font-size: x-small\">J\u0101<\/span><\/td>\n<\/tr>\n<tr>\n<td><strong><span style=\"font-size: x-small\">PSP sp\u0113lu konsole<\/span><\/strong><\/td>\n<td><span style=\"font-size: x-small\">J\u0101<\/span><\/td>\n<\/tr>\n<tr>\n<td><strong><span style=\"font-size: x-small\">iPad, plan&scaron;et datori<\/span><\/strong><\/td>\n<td><span style=\"font-size: x-small\">J\u0101<\/span><\/td>\n<\/tr>\n<tr>\n<td><strong><span style=\"font-size: x-small\">GPS navig\u0101cija<br \/> <\/span><\/strong><\/td>\n<td><span style=\"font-size: x-small\">J\u0101<\/span><\/td>\n<\/tr>\n<tr>\n<td><span style=\"font-size: x-small\"><strong>Laptopi<\/strong><\/span><\/td>\n<td><span style=\"font-size: x-small\">N\u0113<\/span><\/td>\n<\/tr>\n<\/tbody>\n<\/table>\n","protected":false},"excerpt":{"rendered":"<p>Powermonkey Discovery ir jaud\u012bga rezerves baterija prakstiski jebkurai elektroier\u012bcei, kuru var uzl\u0101d\u0113t caur USB piesl\u0113gt vietu, piem\u0113ram, mobilais telefons, fotokamera, GPS. T\u0101 ietver sev\u012b ne tikai lielisku veiktsp\u0113ju un komapktumu, bet ar\u012b eleganci, kas ir ietverta izskat\u012bg\u0101 alum\u012bnija korpus\u0101. Visas darb\u012bbas notiek ar vienu pogu. Gaismas indikators pal\u012bdz\u0113s kontrol\u0113t ener\u0123ijas atlikumu batarej\u0101. Powermonkey Discovery ir [&hellip;]<\/p>\n","protected":false},"featured_media":0,"template":"","meta":[],"product_brand":[],"product_cat":[4640,4782,4783],"product_tag":[],"class_list":{"0":"post-76462","1":"product","2":"type-product","3":"status-publish","5":"product_cat-recreation","6":"product_cat-navigation-watches-radios-recreation","7":"product_cat-solar-panels-batteries-and-chargers-navigation-watches-radios-recreation","9":"first","10":"instock","11":"shipping-taxable","12":"purchasable","13":"product-type-simple"},"_links":{"self":[{"href":"https:\/\/sezona.lv\/en\/wp-json\/wp\/v2\/product\/76462","targetHints":{"allow":["GET"]}}],"collection":[{"href":"https:\/\/sezona.lv\/en\/wp-json\/wp\/v2\/product"}],"about":[{"href":"https:\/\/sezona.lv\/en\/wp-json\/wp\/v2\/types\/product"}],"wp:attachment":[{"href":"https:\/\/sezona.lv\/en\/wp-json\/wp\/v2\/media?parent=76462"}],"wp:term":[{"taxonomy":"product_brand","embeddable":true,"href":"https:\/\/sezona.lv\/en\/wp-json\/wp\/v2\/product_brand?post=76462"},{"taxonomy":"product_cat","embeddable":true,"href":"https:\/\/sezona.lv\/en\/wp-json\/wp\/v2\/product_cat?post=76462"},{"taxonomy":"product_tag","embeddable":true,"href":"https:\/\/sezona.lv\/en\/wp-json\/wp\/v2\/product_tag?post=76462"}],"curies":[{"name":"wp","href":"https:\/\/api.w.org\/{rel}","templated":true}]}}