{"id":76463,"date":"2025-07-11T15:47:47","date_gmt":"2025-07-11T12:47:47","guid":{"rendered":"https:\/\/demo8.ecube.lv\/sezona.lv\/products\/saules-ladetajs-powermonkey-explorer\/"},"modified":"2025-07-14T14:51:33","modified_gmt":"2025-07-14T11:51:33","slug":"saules-ladetajs-powermonkey-explorer","status":"publish","type":"product","link":"https:\/\/sezona.lv\/en\/products\/saules-ladetajs-powermonkey-explorer\/","title":{"rendered":"Saules l\u0101d\u0113t\u0101js Powermonkey Explorer"},"content":{"rendered":"<p align=\"justify\"><span style=\"font-size: x-small\"><strong>Powermonkey Explorer<\/strong> ir kompakt\u0101kais salues panelis ar atsevi\u0137u akumulatoru. Ar to var  uzl\u0101d\u0113t prakstiski jebkuru elektroier\u012bcei, kura ir l\u0101d\u0113jama caur USB  piesl\u0113gt vietu, piem\u0113ram, mobilais telefons, fotokamera, GPS.  Akumulatoru var uzl\u0101d\u0113t gan caur saules paneli, gan ar\u012b caur AC konkatu.  Uz akumulatora ir LCD displejs, kas inform\u0113s par ener\u0123\u012bjas atlikumu  taj\u0101. Kad akumulatros ir tuk&scaron; ier\u012bces var l\u0101d\u0113t no saules pane\u013ca.&nbsp;<\/span><span style=\"font-size: x-small\"><span style=\"font-size: x-small\"><span style=\"font-size: x-small\"><strong>Powermonkey Explorer<\/strong><\/span> ir \u016bdens notur\u012bgs (Water Resistant) &#8211; sniegs un lietus tam nekait\u0113s. <\/span><\/span><\/p>\n<p align=\"justify\"><span style=\"color: #800000;font-size: x-small\"><strong>Akumulatora specifik\u0101cija:<\/strong><\/span><\/p>\n<p align=\"justify\"><span style=\"font-size: x-small\"><strong>Korpusa materi\u0101ls:<\/strong> iztur\u012bga plastmasa<br \/> <strong>Akumulators:<\/strong> Litija polim\u0113ra<br \/> <strong>Akumulatora ietilp\u012bba:<\/strong> 2200mAh<br \/> <strong>Spriegums:<\/strong> USB 5V<br \/> <\/span><span style=\"font-size: x-small\"><span style=\"font-size: x-small\"><strong>Izejas jauda:<\/strong> l\u012bdz 700mA<\/span><br \/> <strong>Izm\u0113rs: <\/strong>90mm x 45mm x 38mm <br \/> <strong>Svars: <\/strong>83grami<\/span><\/p>\n<p align=\"justify\"><span style=\"color: #800000;font-size: x-small\"><strong>Saules pane\u013ca specifik\u0101cija:<\/strong><\/span><\/p>\n<p><span style=\"font-size: x-small\"><strong>Korpusa materi\u0101ls:<\/strong> iztur\u012bga plastmasa<br \/> <strong>Spriegums:<\/strong> USB 5V<br \/> <strong>Izejas jauda:<\/strong> l\u012bdz 200mA (atkar\u012bb\u0101 no saules gaisamas daudzuma)<br \/> <strong>Izm\u0113rs: <\/strong>100mm x 70mm x 10mm (salikt\u0101 veid\u0101)<br \/> <strong>Svars: <\/strong>82grami<\/span><\/p>\n<p align=\"justify\"><span style=\"font-size: x-small\"> <\/span><span style=\"color: #800000;font-size: x-small\"><strong>Komplekt\u0101 ietilpts:<\/strong><\/span><\/p>\n<p align=\"justify\"><span style=\"font-size: x-small\">1 x Saules panelis<br \/> 1 x Akumulators<br \/> 1 x Univers\u0101ls AC l\u0101d\u0113t\u0101js (ar UK, USA, Australijas un Eirpoas p\u0101rej\u0101m)<br \/> 1 x adapteris <strong>Sony Ericsson<\/strong> telefoniem<br \/> 1 x adapteris <strong>Samsung<\/strong> telefoniem<br \/> 1 x adapteris <strong>LG<\/strong> telefoniem<br \/> 1 x adapteris <strong>Nokia<\/strong> telefoniem<br \/> 1 x <strong>Mini USB<\/strong> adapteris <br \/> 1 x <strong>Micro USB<\/strong> adapteris<br \/> 1 x adapteris <strong>Sony PSP<\/strong> ier\u012bc\u0113m<br \/> 1 x adapteris <strong>Apple iPod<\/strong> atska\u0146ot\u0101jiem<br \/> 1 x adapteris <strong>USB ieeja<br \/> <\/strong>1 x adapteris <strong>USB izeja<\/strong><br \/> <\/span><\/p>\n<p align=\"justify\">&nbsp;<\/p>\n<table style=\"height: 154px\" border=\"1\" cellspacing=\"1\" cellpadding=\"1\" width=\"265\">\n<tbody>\n<tr align=\"center\">\n<td colspan=\"2\"><span style=\"font-size: x-small\"><strong><span style=\"color: #800000\">Sp\u0113j uzl\u0101d\u0113t<\/span><\/strong><\/span><\/td>\n<\/tr>\n<tr>\n<td><span style=\"font-size: x-small\"><strong>Mobilie telefoni<\/strong><\/span><\/td>\n<td><span style=\"font-size: x-small\">J\u0101<\/span><\/td>\n<\/tr>\n<tr>\n<td><span style=\"font-size: x-small\"><strong>iPhone<\/strong><\/span><\/td>\n<td><span style=\"font-size: x-small\">J\u0101<\/span><\/td>\n<\/tr>\n<tr>\n<td><span style=\"font-size: x-small\"><strong>iPod, MP3, MP4 atska\u0146ot\u0101ji<\/strong><\/span><\/td>\n<td><span style=\"font-size: x-small\">J\u0101<\/span><\/td>\n<\/tr>\n<tr>\n<td><span style=\"font-size: x-small\"><strong>PDA (Plauktsdatori)<\/strong><\/span><\/td>\n<td><span style=\"font-size: x-small\">J\u0101<\/span><\/td>\n<\/tr>\n<tr>\n<td><span style=\"font-size: x-small\"><strong>PSP sp\u0113lu konsole<\/strong><\/span><\/td>\n<td><span style=\"font-size: x-small\">J\u0101<\/span><\/td>\n<\/tr>\n<tr>\n<td><span style=\"font-size: x-small\"><strong>iPad, plan&scaron;et datori<\/strong><\/span><\/td>\n<td><span style=\"font-size: x-small\">N\u0113<\/span><\/td>\n<\/tr>\n<tr>\n<td><span style=\"font-size: x-small\"><strong>GPS navig\u0101cija<\/strong><\/span><\/td>\n<td><span style=\"font-size: x-small\">J\u0101<\/span><\/td>\n<\/tr>\n<tr>\n<td><span style=\"font-size: x-small\"><strong>Laptopi<\/strong><\/span><\/td>\n<td><span style=\"font-size: x-small\">N\u0113<\/span><\/td>\n<\/tr>\n<\/tbody>\n<\/table>\n","protected":false},"excerpt":{"rendered":"<p>Powermonkey Explorer ir kompakt\u0101kais salues panelis ar atsevi\u0137u akumulatoru. Ar to var uzl\u0101d\u0113t prakstiski jebkuru elektroier\u012bcei, kura ir l\u0101d\u0113jama caur USB piesl\u0113gt vietu, piem\u0113ram, mobilais telefons, fotokamera, GPS. Akumulatoru var uzl\u0101d\u0113t gan caur saules paneli, gan ar\u012b caur AC konkatu. Uz akumulatora ir LCD displejs, kas inform\u0113s par ener\u0123\u012bjas atlikumu taj\u0101. Kad akumulatros ir tuk&scaron; [&hellip;]<\/p>\n","protected":false},"featured_media":61506,"template":"","meta":[],"product_brand":[],"product_cat":[4782,4783],"product_tag":[],"class_list":{"0":"post-76463","1":"product","2":"type-product","3":"status-publish","4":"has-post-thumbnail","6":"product_cat-navigation-watches-radios-recreation","7":"product_cat-solar-panels-batteries-and-chargers-navigation-watches-radios-recreation","9":"first","10":"instock","11":"shipping-taxable","12":"purchasable","13":"product-type-simple"},"_links":{"self":[{"href":"https:\/\/sezona.lv\/en\/wp-json\/wp\/v2\/product\/76463","targetHints":{"allow":["GET"]}}],"collection":[{"href":"https:\/\/sezona.lv\/en\/wp-json\/wp\/v2\/product"}],"about":[{"href":"https:\/\/sezona.lv\/en\/wp-json\/wp\/v2\/types\/product"}],"wp:featuredmedia":[{"embeddable":true,"href":"https:\/\/sezona.lv\/en\/wp-json\/wp\/v2\/media\/61506"}],"wp:attachment":[{"href":"https:\/\/sezona.lv\/en\/wp-json\/wp\/v2\/media?parent=76463"}],"wp:term":[{"taxonomy":"product_brand","embeddable":true,"href":"https:\/\/sezona.lv\/en\/wp-json\/wp\/v2\/product_brand?post=76463"},{"taxonomy":"product_cat","embeddable":true,"href":"https:\/\/sezona.lv\/en\/wp-json\/wp\/v2\/product_cat?post=76463"},{"taxonomy":"product_tag","embeddable":true,"href":"https:\/\/sezona.lv\/en\/wp-json\/wp\/v2\/product_tag?post=76463"}],"curies":[{"name":"wp","href":"https:\/\/api.w.org\/{rel}","templated":true}]}}