{"id":76464,"date":"2025-07-11T15:47:50","date_gmt":"2025-07-11T12:47:50","guid":{"rendered":"https:\/\/demo8.ecube.lv\/sezona.lv\/products\/saules-ladetajs-powermonkey-extreme\/"},"modified":"2025-07-14T14:51:34","modified_gmt":"2025-07-14T11:51:34","slug":"saules-ladetajs-powermonkey-extreme","status":"publish","type":"product","link":"https:\/\/sezona.lv\/en\/products\/saules-ladetajs-powermonkey-extreme\/","title":{"rendered":"Saules l\u0101d\u0113t\u0101js Powermonkey Extreme"},"content":{"rendered":"<p align=\"justify\"><span style=\"font-size: x-small\"><strong>Powermonkey Extreme<\/strong> ir viens no popul\u0101r\u0101kajiem saules l\u0101d\u0113t\u0101jiem sav\u0101 klas\u0113. Tas sast\u0101v no  div\u0101m liet\u0101m &#8211; saules pane\u013ca un akumulatora ar ietilp\u012bbu 9000mAh. <strong>Powermonkey Extreme <\/strong>ir  \u016bdensdro&scaron;s, triecieniztur\u012bgs un efekt\u012bvs l\u0101d\u0113t\u0101js mobilajiem t\u0101lru\u0146iem  (iPhone, HTC, Nokia u.c.), plan&scaron;etdatoriem (iPad, Galaxy TAB u.c.),  m\u016bzikas atska\u0146ot\u0101jiem (iPod u.c.). <strong>Maximum Power Point Tracker (MPPT) <\/strong>tehnolo\u0123ija nodro&scaron;in\u0101s <strong>Powermonkey Extreme <\/strong>uzl\u0101di  15 stund\u0101s pie optim\u0101las saules gaismas intensit\u0101tes, vai ar\u012b da\u017eu  stundu laik\u0101 to var uzlad\u0113t ar\u012b no kontaktligzdas. Tas piln\u012bb\u0101 uzl\u0101d\u0113s  Apple iPhone\/iPod ier\u012bces un citas 5V mobil\u0101s ier\u012bces. L\u012bdz\u012bgi k\u0101  Powergorilla un Minigorilla, Powermonkey pied\u0101v\u0101 uzl\u0101d\u0113t caur USB vai DC  interfeisu, \u013caujot vienlaic\u012bgi uzl\u0101d\u0113t vair\u0101kas ier\u012bces. Tas ir ide\u0101li  piem\u0113rots outdoor aktivit\u0101t\u0113m, eksped\u012bcij\u0101m, ce\u013cojumiem,  laivu vai velo  ce\u013cojumiem, k\u0101 ar\u012b milit\u0101raj\u0101m un gl\u0101b&scaron;anas vajadz\u012bb\u0101m.<\/span><\/p>\n<p align=\"justify\"><span style=\"color: #800000;font-size: x-small\"><strong>Akumulatora specifik\u0101cija:<\/strong><\/span><\/p>\n<p align=\"justify\"><span style=\"font-size: x-small\"><strong>Korpusa materi\u0101ls:<\/strong> iztur\u012bga plastmasa<br \/> <strong>Akumulators:<\/strong><\/span> <span style=\"font-size: x-small\"> Litija polim\u0113ra<br \/> <strong>Akumulatora ietilp\u012bba:<\/strong><\/span> <span style=\"font-size: x-small\"> 9000mAh<br \/> <strong>Spriegums un jauda:<\/strong><\/span> <span style=\"font-size: x-small\"> USB 5V 700mA un DC 2.1A<br \/> <strong>Izm\u0113rs: <\/strong><\/span> <span style=\"font-size: x-small\">155mm x 62mm x 29mm <br \/> <strong>Svars: <\/strong><\/span> <span style=\"font-size: x-small\">242grami<\/span><\/p>\n<p align=\"justify\"><span style=\"color: #800000;font-size: x-small\"><strong>Saules pane\u013ca specifik\u0101cija:<\/strong><\/span><\/p>\n<p><span style=\"font-size: x-small\"><strong>Korpusa materi\u0101ls:<\/strong> iztur\u012bga plastmasa<br \/> <strong>Spriegums:<\/strong><\/span> <span style=\"font-size: x-small\"> USB 5V<br \/> <strong>Izejas jauda:<\/strong><\/span> <span style=\"font-size: x-small\"> l\u012bdz 700mA (atkar\u012bb\u0101 no saules gaisamas daudzuma)<br \/> <strong>Izm\u0113rs: <\/strong><\/span> <span style=\"font-size: x-small\">170mm x 91mm x 18mm (salikt\u0101 veid\u0101)<br \/> <strong>Svars: <\/strong><\/span> <span style=\"font-size: x-small\">214grami<\/span><\/p>\n<p align=\"justify\"><span style=\"color: #800000;font-size: x-small\"><strong>Komplekt\u0101 ietilpts:<\/strong><\/span><\/p>\n<p align=\"justify\"><span style=\"font-size: x-small\">1 x Saules panelis<br \/> 1 x Akumulators<br \/> 1 x Univers\u0101ls AC l\u0101d\u0113t\u0101js (ar UK, USA, Australijas un Eirpoas p\u0101rej\u0101m)<br \/> 1 x adapteris <strong>Sony Ericsson<\/strong> telefoniem<br \/> 1 x adapteris <strong>Samsung<\/strong> telefoniem<br \/> 1 x adapteris <strong>LG<\/strong> telefoniem<br \/> 1 x adapteris <strong>Nokia<\/strong> telefoniem<br \/> 1 x <strong>Mini USB<\/strong> adapteris <br \/> 1 x <strong>Micro USB<\/strong> adapteris<br \/> 1 x adapteris <strong>Sony PSP<\/strong> ier\u012bc\u0113m<br \/> 1 x adapteris <strong>Apple iPod<\/strong> atska\u0146ot\u0101jiem<br \/> 1 x adapteris <strong>USB ieeja<br \/> <\/strong>1 x adapteris <strong>USB izeja<br \/> <\/strong>1 x cieta kast\u012bte<br \/> <\/span><\/p>\n<p align=\"justify\">&nbsp;<\/p>\n<table style=\"height: 154px\" border=\"1\" cellspacing=\"1\" cellpadding=\"1\" width=\"265\">\n<tbody>\n<tr align=\"center\">\n<td colspan=\"2\"><span style=\"font-size: x-small\"><strong><span style=\"color: #800000\">Sp\u0113j uzl\u0101d\u0113t<\/span><\/strong><\/span><\/td>\n<\/tr>\n<tr>\n<td><span style=\"font-size: x-small\"><strong>Mobilie telefoni<\/strong><\/span><\/td>\n<td><span style=\"font-size: x-small\">J\u0101<\/span><\/td>\n<\/tr>\n<tr>\n<td><span style=\"font-size: x-small\"><strong>iPhone<\/strong><\/span><\/td>\n<td><span style=\"font-size: x-small\">J\u0101<\/span><\/td>\n<\/tr>\n<tr>\n<td><span style=\"font-size: x-small\"><strong>iPod, MP3, MP4 atska\u0146ot\u0101ji<\/strong><\/span><\/td>\n<td><span style=\"font-size: x-small\">J\u0101<\/span><\/td>\n<\/tr>\n<tr>\n<td><span style=\"font-size: x-small\"><strong>PDA (Plauktsdatori)<\/strong><\/span><\/td>\n<td><span style=\"font-size: x-small\">J\u0101<\/span><\/td>\n<\/tr>\n<tr>\n<td><span style=\"font-size: x-small\"><strong>PSP sp\u0113lu konsole<\/strong><\/span><\/td>\n<td><span style=\"font-size: x-small\">J\u0101<\/span><\/td>\n<\/tr>\n<tr>\n<td><span style=\"font-size: x-small\"><strong>iPad, plan&scaron;et datori<\/strong><\/span><\/td>\n<td><span style=\"font-size: x-small\">J\u0101<\/span><\/td>\n<\/tr>\n<tr>\n<td><span style=\"font-size: x-small\"><strong>GPS navig\u0101cija<\/strong><\/span><\/td>\n<td><span style=\"font-size: x-small\">J\u0101<\/span><\/td>\n<\/tr>\n<tr>\n<td><span style=\"font-size: x-small\"><strong>Laptopi<\/strong><\/span><\/td>\n<td><span style=\"font-size: x-small\">N\u0113<\/span><\/td>\n<\/tr>\n<\/tbody>\n<\/table>\n","protected":false},"excerpt":{"rendered":"<p>Powermonkey Extreme ir viens no popul\u0101r\u0101kajiem saules l\u0101d\u0113t\u0101jiem sav\u0101 klas\u0113. Tas sast\u0101v no div\u0101m liet\u0101m &#8211; saules pane\u013ca un akumulatora ar ietilp\u012bbu 9000mAh. Powermonkey Extreme ir \u016bdensdro&scaron;s, triecieniztur\u012bgs un efekt\u012bvs l\u0101d\u0113t\u0101js mobilajiem t\u0101lru\u0146iem (iPhone, HTC, Nokia u.c.), plan&scaron;etdatoriem (iPad, Galaxy TAB u.c.), m\u016bzikas atska\u0146ot\u0101jiem (iPod u.c.). Maximum Power Point Tracker (MPPT) tehnolo\u0123ija nodro&scaron;in\u0101s Powermonkey Extreme [&hellip;]<\/p>\n","protected":false},"featured_media":61515,"template":"","meta":[],"product_brand":[],"product_cat":[4782,4783],"product_tag":[],"class_list":{"0":"post-76464","1":"product","2":"type-product","3":"status-publish","4":"has-post-thumbnail","6":"product_cat-navigation-watches-radios-recreation","7":"product_cat-solar-panels-batteries-and-chargers-navigation-watches-radios-recreation","9":"first","10":"instock","11":"shipping-taxable","12":"purchasable","13":"product-type-simple"},"_links":{"self":[{"href":"https:\/\/sezona.lv\/en\/wp-json\/wp\/v2\/product\/76464","targetHints":{"allow":["GET"]}}],"collection":[{"href":"https:\/\/sezona.lv\/en\/wp-json\/wp\/v2\/product"}],"about":[{"href":"https:\/\/sezona.lv\/en\/wp-json\/wp\/v2\/types\/product"}],"wp:featuredmedia":[{"embeddable":true,"href":"https:\/\/sezona.lv\/en\/wp-json\/wp\/v2\/media\/61515"}],"wp:attachment":[{"href":"https:\/\/sezona.lv\/en\/wp-json\/wp\/v2\/media?parent=76464"}],"wp:term":[{"taxonomy":"product_brand","embeddable":true,"href":"https:\/\/sezona.lv\/en\/wp-json\/wp\/v2\/product_brand?post=76464"},{"taxonomy":"product_cat","embeddable":true,"href":"https:\/\/sezona.lv\/en\/wp-json\/wp\/v2\/product_cat?post=76464"},{"taxonomy":"product_tag","embeddable":true,"href":"https:\/\/sezona.lv\/en\/wp-json\/wp\/v2\/product_tag?post=76464"}],"curies":[{"name":"wp","href":"https:\/\/api.w.org\/{rel}","templated":true}]}}