{"id":76466,"date":"2025-07-11T15:47:53","date_gmt":"2025-07-11T12:47:53","guid":{"rendered":"https:\/\/demo8.ecube.lv\/sezona.lv\/products\/ladetajs-powerchimp\/"},"modified":"2025-07-14T14:51:36","modified_gmt":"2025-07-14T11:51:36","slug":"ladetajs-powerchimp","status":"publish","type":"product","link":"https:\/\/sezona.lv\/en\/products\/ladetajs-powerchimp\/","title":{"rendered":"L\u0101d\u0113t\u0101js Powerchimp"},"content":{"rendered":"<p align=\"justify\"><span style=\"font-size: x-small\"><strong>Powerchimp <\/strong>ier\u012bce ir neat\u0146emams aksesu\u0101rs ce\u013cot\u0101jiem, kuriem bie\u017ei pietr\u016bkst laika uzl\u0101d\u0113t telefonu. Pateicoties <strong>Powerchimp<span style=\"font-size: x-small\"> <\/span><\/strong>j\u016bs var\u0113siet savu telefonu nodro&scaron;in\u0101t ar papildus ener\u0123ij<span style=\"font-size: x-small\">u<\/span>. Viss, kas nepiecie&scaron;ams, ir divas pirksti\u0146u (AA tipa) baterij\u0101m. Ja izmanto l\u0101d\u0113jam\u0101s pirksti\u0146u baterijas,<span style=\"font-size: x-small\"> tad t\u0101s var uzl<span style=\"font-size: x-small\">\u0101d\u0113t ar\u012b caur USB piesl\u0113gtvietu.<\/span><\/span> Turkl\u0101t <strong>Powerchimp <\/strong>var izmantot ar\u012b k<span style=\"font-size: x-small\">\u0101<\/span> luktur\u012bti.<br \/> <\/span><\/p>\n<p><span style=\"font-size: x-small\"> <\/span><\/p>\n<p><span style=\"color: #800000;font-size: x-small\"><strong>Specifik\u0101cija:<\/strong><\/span><\/p>\n<p><span style=\"font-size: x-small\"> <\/span><\/p>\n<p><span style=\"font-size: x-small\"><strong>Izejas spriegums: <\/strong>5V, <span style=\"font-size: x-small\">4<\/span>50mA<br \/> <\/span> <span style=\"font-size: x-small\"><strong>Kapacit\u0101te: <\/strong>3600mAh<br \/> <\/span> <span style=\"font-size: x-small\"><strong>Izm\u0113rs: <\/strong>92 x 24 x 40 mm<br \/> <\/span> <span style=\"font-size: x-small\"><strong>Svars: <\/strong>20 grami (73 grami ar baterij\u0101m)<br \/> <\/span> <span style=\"font-size: x-small\"><strong>Kr\u0101sa:<\/strong> <span style=\"font-size: x-small\">pel\u0113ka<\/span><br \/> <\/span><\/p>\n<p><span style=\"font-size: x-small\"> <\/span><\/p>\n<p><span style=\"color: #800000;font-size: x-small\"><strong>Komplekt\u0101 iek\u013cauts:<\/strong><\/span><\/p>\n<p><span style=\"font-size: x-small\"> <\/span><\/p>\n<p><span style=\"font-size: x-small\">1 x Powerchimp ier\u012bce<br \/> 2 x AA tipa 1800mAh l\u0101d\u0113jam\u0101s baterija<br \/> 1 x L\u0101d\u0113&scaron;anas vads<br \/> 1 x Transport\u0113&scaron;anas maisi\u0146&scaron;<br \/> 1 x Samsung E900i uzgalis<br \/> 1 x Motorola <span style=\"font-size: x-small\">V<\/span>66 uzgalis<br \/> 1 x Sony Eric<span style=\"font-size: x-small\">sson uzgalis<br \/> 1 x mini Nokia<\/span> uzgalis<br \/> 1 x DC 4.0 PSP uzgalis<br \/> 1 x iPod uzgalis<br \/> 1 x Mini USB uzgalis<br \/> 1 x Micro USB uzgalis<br \/> 1 x USB ieejas uzgalis<\/span><\/p>\n","protected":false},"excerpt":{"rendered":"<p>Powerchimp ier\u012bce ir neat\u0146emams aksesu\u0101rs ce\u013cot\u0101jiem, kuriem bie\u017ei pietr\u016bkst laika uzl\u0101d\u0113t telefonu. Pateicoties Powerchimp j\u016bs var\u0113siet savu telefonu nodro&scaron;in\u0101t ar papildus ener\u0123iju. Viss, kas nepiecie&scaron;ams, ir divas pirksti\u0146u (AA tipa) baterij\u0101m. Ja izmanto l\u0101d\u0113jam\u0101s pirksti\u0146u baterijas, tad t\u0101s var uzl\u0101d\u0113t ar\u012b caur USB piesl\u0113gtvietu. Turkl\u0101t Powerchimp var izmantot ar\u012b k\u0101 luktur\u012bti. Specifik\u0101cija: Izejas spriegums: 5V, [&hellip;]<\/p>\n","protected":false},"featured_media":61531,"template":"","meta":[],"product_brand":[],"product_cat":[4782,4783],"product_tag":[],"class_list":{"0":"post-76466","1":"product","2":"type-product","3":"status-publish","4":"has-post-thumbnail","6":"product_cat-navigation-watches-radios-recreation","7":"product_cat-solar-panels-batteries-and-chargers-navigation-watches-radios-recreation","9":"first","10":"instock","11":"shipping-taxable","12":"purchasable","13":"product-type-simple"},"_links":{"self":[{"href":"https:\/\/sezona.lv\/en\/wp-json\/wp\/v2\/product\/76466","targetHints":{"allow":["GET"]}}],"collection":[{"href":"https:\/\/sezona.lv\/en\/wp-json\/wp\/v2\/product"}],"about":[{"href":"https:\/\/sezona.lv\/en\/wp-json\/wp\/v2\/types\/product"}],"wp:featuredmedia":[{"embeddable":true,"href":"https:\/\/sezona.lv\/en\/wp-json\/wp\/v2\/media\/61531"}],"wp:attachment":[{"href":"https:\/\/sezona.lv\/en\/wp-json\/wp\/v2\/media?parent=76466"}],"wp:term":[{"taxonomy":"product_brand","embeddable":true,"href":"https:\/\/sezona.lv\/en\/wp-json\/wp\/v2\/product_brand?post=76466"},{"taxonomy":"product_cat","embeddable":true,"href":"https:\/\/sezona.lv\/en\/wp-json\/wp\/v2\/product_cat?post=76466"},{"taxonomy":"product_tag","embeddable":true,"href":"https:\/\/sezona.lv\/en\/wp-json\/wp\/v2\/product_tag?post=76466"}],"curies":[{"name":"wp","href":"https:\/\/api.w.org\/{rel}","templated":true}]}}