{"id":76467,"date":"2025-07-11T15:47:59","date_gmt":"2025-07-11T12:47:59","guid":{"rendered":"https:\/\/demo8.ecube.lv\/sezona.lv\/products\/ladetajs-powerchimp-plus\/"},"modified":"2025-07-14T14:51:37","modified_gmt":"2025-07-14T11:51:37","slug":"ladetajs-powerchimp-plus","status":"publish","type":"product","link":"https:\/\/sezona.lv\/en\/products\/ladetajs-powerchimp-plus\/","title":{"rendered":"L\u0101d\u0113t\u0101js Powerchimp Plus"},"content":{"rendered":"<p align=\"justify\"><span style=\"font-size: x-small\"><strong>Powerchimp Plus <\/strong>ier\u012bce ir neat\u0146emams aksesu\u0101rs ce\u013cot\u0101jiem, kuriem bie\u017ei pietr\u016bkst laika uzl\u0101d\u0113t telefonu. Pateicoties <strong>Powerchimp Plus <\/strong>j\u016bs  var\u0113siet savu telefonu nodro&scaron;in\u0101t ar papildus ener\u0123iju. Viss, kas  nepiecie&scaron;ams, ir divas pirksti\u0146u (AA tipa) baterij\u0101m. Ja izmanto  l\u0101d\u0113jam\u0101s pirksti\u0146u baterijas, tad t\u0101s var uzl\u0101d\u0113t ar\u012b caur USB  piesl\u0113gtvietu. Turkl\u0101t <strong>Powerchimp Plus <\/strong>var izmantot ar\u012b k\u0101 luktur\u012bti. <strong>Powerchimp Plus<\/strong> komplekt\u0101 ir <strong>Motormonkey<\/strong> kas ir pasaul\u0113 kompakt\u0101kais auto-piep\u012bp\u0113t\u0101ja USB adapteris, ar  kuru  var uzl\u0101d\u0113t gan iPad tipa ier\u012bces, gan jebkuru citu elektroier\u012bci, kuru  var uzl\u0101d\u0113t caur USB piesl\u0113gt vietu.<\/span><\/p>\n<p><span style=\"font-size: x-small\"> <\/span><\/p>\n<p align=\"justify\"><span style=\"color: #800000;font-size: x-small\"><strong>Motormonkey Specifik\u0101cija:<\/strong><\/span><\/p>\n<p><span style=\"font-size: x-small\"> <\/span><\/p>\n<p align=\"justify\"><span style=\"font-size: x-small\"><strong>Korpusa materi\u0101ls:<\/strong> ner\u016bs\u0113jo&scaron;ais t\u0113rauds<br \/> <\/span> <span style=\"font-size: x-small\"><strong>Izejas spriegums:<\/strong> USB 5V 1000mA<br \/> <\/span> <span style=\"font-size: x-small\"><strong>Ieejas spreigums:<\/strong> 12V \/ 24V<br \/> <\/span> <span style=\"font-size: x-small\"><strong>Izm\u0113rs:<\/strong> 43mm x 24mm<br \/> <\/span> <span style=\"font-size: x-small\"><strong>Svars:<\/strong> 40garmi<\/span><\/p>\n<p><span style=\"font-size: x-small\"> <\/span><\/p>\n<p><span style=\"color: #800000;font-size: x-small\"><strong>Powerchimp Specifik\u0101cija:<\/strong><\/span><\/p>\n<p><span style=\"font-size: x-small\"> <\/span><\/p>\n<p><span style=\"font-size: x-small\"> <\/span><\/p>\n<p><span style=\"font-size: x-small\"><strong>Izejas spriegums: <\/strong>5V, 450mA<br \/> <\/span> <span style=\"font-size: x-small\"><strong>Kapacit\u0101te: <\/strong>3600mAh<br \/> <\/span> <span style=\"font-size: x-small\"><strong>Izm\u0113rs: <\/strong>92 x 24 x 40 mm<br \/> <\/span> <span style=\"font-size: x-small\"><strong>Svars: <\/strong>20 grami (73 grami ar baterij\u0101m)<br \/> <\/span> <span style=\"font-size: x-small\"><strong>Kr\u0101sa:<\/strong> pel\u0113ka<br \/> <\/span><\/p>\n<p><span style=\"font-size: x-small\"> <\/span><\/p>\n<p><span style=\"font-size: x-small\"> <\/span><\/p>\n<p><span style=\"color: #800000;font-size: x-small\"><strong>Komplekt\u0101 iek\u013cauts:<\/strong><\/span><\/p>\n<p><span style=\"font-size: x-small\"> <\/span><\/p>\n<p><span style=\"font-size: x-small\"> <\/span><\/p>\n<p><span style=\"font-size: x-small\">1 x Powerchimp Plus ier\u012bce<br \/> 1 x Motormonkey USB l\u0101d\u0113t\u0101js<br \/> 2 x AA tipa 1800mAh l\u0101d\u0113jam\u0101s baterija<br \/> 1 x L\u0101d\u0113&scaron;anas vads<br \/> 1 x DC3.5 x 1.1 uzgalis<br \/> <\/span> <span style=\"font-size: x-small\">1 x DC2.0 (mini Nokia) uzgalis<br \/> 1 x&nbsp; Micro USB uzgalis<br \/> <\/span> <span style=\"font-size: x-small\">1 x Mini USB uzgalis<br \/> 1 x Samsung G600 uzgalis<br \/> <\/span> <span style=\"font-size: x-small\">1 x iPod uzgalis<br \/> 1 x LG chocolate uzgalis<br \/> 1 x Sony Ericsson uzgalis<br \/> 1 x USB ieejas uzgalis<br \/> 1 x DC4.0 Sony PSP uzgalis<br \/> <\/span> <span style=\"font-size: x-small\">1 x Nintendo DSi uzgalis<br \/> 1 x Nintendo DS Lite uzgalis<\/span><\/p>\n","protected":false},"excerpt":{"rendered":"<p>Powerchimp Plus ier\u012bce ir neat\u0146emams aksesu\u0101rs ce\u013cot\u0101jiem, kuriem bie\u017ei pietr\u016bkst laika uzl\u0101d\u0113t telefonu. Pateicoties Powerchimp Plus j\u016bs var\u0113siet savu telefonu nodro&scaron;in\u0101t ar papildus ener\u0123iju. Viss, kas nepiecie&scaron;ams, ir divas pirksti\u0146u (AA tipa) baterij\u0101m. Ja izmanto l\u0101d\u0113jam\u0101s pirksti\u0146u baterijas, tad t\u0101s var uzl\u0101d\u0113t ar\u012b caur USB piesl\u0113gtvietu. Turkl\u0101t Powerchimp Plus var izmantot ar\u012b k\u0101 luktur\u012bti. Powerchimp [&hellip;]<\/p>\n","protected":false},"featured_media":61540,"template":"","meta":[],"product_brand":[],"product_cat":[4782,4783],"product_tag":[],"class_list":{"0":"post-76467","1":"product","2":"type-product","3":"status-publish","4":"has-post-thumbnail","6":"product_cat-navigation-watches-radios-recreation","7":"product_cat-solar-panels-batteries-and-chargers-navigation-watches-radios-recreation","9":"first","10":"instock","11":"shipping-taxable","12":"purchasable","13":"product-type-simple"},"_links":{"self":[{"href":"https:\/\/sezona.lv\/en\/wp-json\/wp\/v2\/product\/76467","targetHints":{"allow":["GET"]}}],"collection":[{"href":"https:\/\/sezona.lv\/en\/wp-json\/wp\/v2\/product"}],"about":[{"href":"https:\/\/sezona.lv\/en\/wp-json\/wp\/v2\/types\/product"}],"wp:featuredmedia":[{"embeddable":true,"href":"https:\/\/sezona.lv\/en\/wp-json\/wp\/v2\/media\/61540"}],"wp:attachment":[{"href":"https:\/\/sezona.lv\/en\/wp-json\/wp\/v2\/media?parent=76467"}],"wp:term":[{"taxonomy":"product_brand","embeddable":true,"href":"https:\/\/sezona.lv\/en\/wp-json\/wp\/v2\/product_brand?post=76467"},{"taxonomy":"product_cat","embeddable":true,"href":"https:\/\/sezona.lv\/en\/wp-json\/wp\/v2\/product_cat?post=76467"},{"taxonomy":"product_tag","embeddable":true,"href":"https:\/\/sezona.lv\/en\/wp-json\/wp\/v2\/product_tag?post=76467"}],"curies":[{"name":"wp","href":"https:\/\/api.w.org\/{rel}","templated":true}]}}