{"id":76468,"date":"2025-07-11T15:48:00","date_gmt":"2025-07-11T12:48:00","guid":{"rendered":"https:\/\/demo8.ecube.lv\/sezona.lv\/products\/aquastrap\/"},"modified":"2025-07-14T14:51:38","modified_gmt":"2025-07-14T11:51:38","slug":"aquastrap","status":"publish","type":"product","link":"https:\/\/sezona.lv\/en\/products\/aquastrap\/","title":{"rendered":"Aquastrap"},"content":{"rendered":"<p align=\"justify\"><span style=\"font-size: x-small\">Aquastrap ir aksesu\u0101rs, kas ir  speci\u0101li paredz\u0113ts Powermonkey eXtreme l\u0101dier\u012bcei. Aquastrap nodro&scaron;ina  \u016bdensaizardz\u012bbu atbilsto&scaron;i IP65 standartam.<\/span><\/p>\n<p><span style=\"color: #800000;font-size: x-small\"><strong>Komplekt\u0101 ietilpst:<\/strong><\/span><\/p>\n<p><span style=\"font-size: x-small\">1 x 1 x DC-In kabelis<br \/> 1 x USB izejas kabelis <\/span><\/p>\n","protected":false},"excerpt":{"rendered":"<p>Aquastrap ir aksesu\u0101rs, kas ir speci\u0101li paredz\u0113ts Powermonkey eXtreme l\u0101dier\u012bcei. Aquastrap nodro&scaron;ina \u016bdensaizardz\u012bbu atbilsto&scaron;i IP65 standartam. Komplekt\u0101 ietilpst: 1 x 1 x DC-In kabelis 1 x USB izejas kabelis<\/p>\n","protected":false},"featured_media":61547,"template":"","meta":[],"product_brand":[],"product_cat":[4782,4783],"product_tag":[],"class_list":{"0":"post-76468","1":"product","2":"type-product","3":"status-publish","4":"has-post-thumbnail","6":"product_cat-navigation-watches-radios-recreation","7":"product_cat-solar-panels-batteries-and-chargers-navigation-watches-radios-recreation","9":"first","10":"instock","11":"shipping-taxable","12":"purchasable","13":"product-type-simple"},"_links":{"self":[{"href":"https:\/\/sezona.lv\/en\/wp-json\/wp\/v2\/product\/76468","targetHints":{"allow":["GET"]}}],"collection":[{"href":"https:\/\/sezona.lv\/en\/wp-json\/wp\/v2\/product"}],"about":[{"href":"https:\/\/sezona.lv\/en\/wp-json\/wp\/v2\/types\/product"}],"wp:featuredmedia":[{"embeddable":true,"href":"https:\/\/sezona.lv\/en\/wp-json\/wp\/v2\/media\/61547"}],"wp:attachment":[{"href":"https:\/\/sezona.lv\/en\/wp-json\/wp\/v2\/media?parent=76468"}],"wp:term":[{"taxonomy":"product_brand","embeddable":true,"href":"https:\/\/sezona.lv\/en\/wp-json\/wp\/v2\/product_brand?post=76468"},{"taxonomy":"product_cat","embeddable":true,"href":"https:\/\/sezona.lv\/en\/wp-json\/wp\/v2\/product_cat?post=76468"},{"taxonomy":"product_tag","embeddable":true,"href":"https:\/\/sezona.lv\/en\/wp-json\/wp\/v2\/product_tag?post=76468"}],"curies":[{"name":"wp","href":"https:\/\/api.w.org\/{rel}","templated":true}]}}