{"id":76469,"date":"2025-07-11T15:48:02","date_gmt":"2025-07-11T12:48:02","guid":{"rendered":"https:\/\/demo8.ecube.lv\/sezona.lv\/products\/jetboil-gazes-plitina-zip\/"},"modified":"2025-07-14T14:51:39","modified_gmt":"2025-07-14T11:51:39","slug":"jetboil-gazes-plitina-zip","status":"publish","type":"product","link":"https:\/\/sezona.lv\/en\/products\/jetboil-gazes-plitina-zip\/","title":{"rendered":"Jetboil g\u0101zes pl\u012bti\u0146a Zip"},"content":{"rendered":"<p align=\"justify\"><strong><span style=\"font-size: x-small\">Jetboil Zip&trade; <\/span><\/strong><span style=\"font-size: x-small\">ir vienk\u0101r&scaron;a, bet efekt\u012bva gatavo&scaron;anas sist\u0113ma un padar\u012bs jebkuru ce\u013cojumu v\u0113l baud\u0101m\u0101ku. Pateicoties patent\u0113tajai<\/span><span style=\"font-size: x-small\"> <strong>FluxRing&reg;<\/strong> kr\u016bzei, \u016bdens uzv\u0101r\u012bsies daudz \u0101tr\u0101k, pat stipr\u0101 v\u0113j\u0101 un sal\u0101. <\/span><strong><span style=\"font-size: x-small\">Jetboil Zip&trade; <\/span><\/strong><span style=\"font-size: x-small\">ir  apr\u012bkots ar neopr\u0113na siltumizol\u0101cijas apdari. Visa konstrukcija ir  tikt\u0101l p\u0101rodm\u0101ta, ka viss komplekt\u0101 eso&scaron;ais apr\u012bkojums kop\u0101 ar 100g  g\u0101zes balonu ietilps kr\u016bz\u0113 bez probl\u0113m\u0101m. <\/span><strong><span style=\"font-size: x-small\">Jetboil Zip&trade; <\/span><\/strong><span style=\"font-size: x-small\">ir moderns, jaud\u012bgs, kompakts un moderns \u0113diena gatavo&scaron;anas risin\u0101jums j\u016bsu outdoor piedz\u012bvojumiem.<\/span><\/p>\n<p><span style=\"font-size: x-small\"> <\/span><\/p>\n<p><span style=\"color: #800000;font-size: x-small\"><strong>Specifik\u0101cija:<\/strong><\/span><\/p>\n<p><span style=\"font-size: x-small\"><strong>Kr\u016bzes materi\u0101ls: <\/strong>anodiz\u0113ts alum\u012bnijs<br \/> <\/span> <span style=\"font-size: x-small\"><strong>Deg\u013ca materi\u0101ls: <\/strong>ner\u016bs\u0113jo&scaron;ais t\u0113rauds<br \/> <\/span> <span style=\"font-size: x-small\"><strong>Svars: <\/strong>345 grami, bez stabilizatora<br \/> <\/span> <span style=\"font-size: x-small\"><strong>Tilpums: <\/strong>0.8 Litrs <br \/> <\/span> <span style=\"font-size: x-small\"><strong>Izm\u0113rs: <\/strong>104mm x 161 mmm<br \/> <\/span> <span style=\"font-size: x-small\"><strong>Aizdedze:<\/strong> nav<br \/> <\/span> <span style=\"font-size: x-small\"><strong>V\u0101r\u012b&scaron;anas laiks: <\/strong>2.5min &frac12; litrs \u016bdens<br \/> <strong>Kr\u0101sa: <\/strong>melna<\/span><\/p>\n<p><span style=\"color: #800000;font-size: x-small\"><strong>Raksturojums:<\/strong><\/span><\/p>\n<p><span style=\"font-size: x-small\">+ Viegls un \u0113rti lietojams<\/span><span style=\"font-size: x-small\"><br \/> <\/span> <span style=\"font-size: x-small\">+ Patent\u0113ta FluxRing&reg; v\u0101r\u012b&scaron;ans sist\u0113ma<br \/> <\/span> <span style=\"font-size: x-small\">+ Neopr\u0113na kr\u016bzes sliltuma izlatators<br \/> <\/span> <span style=\"font-size: x-small\">+ Mazs un kompakts<br \/> <\/span><\/p>\n<p><span style=\"color: #800000;font-size: x-small\"><strong>Komplekt\u0101 iek\u013cauts:<\/strong><\/span><\/p>\n<p><span style=\"font-size: x-small\">+ Kr\u016bze ar v\u0101ku<br \/> + Deglis<br \/> <\/span><span style=\"font-size: x-small\"><span style=\"font-size: x-small\">+ G\u0101zes balona stabilizators<br \/> <\/span><\/span><span style=\"font-size: x-small\"><span style=\"font-size: x-small\"><span style=\"font-size: x-small\">+ Katla p\u0101reja deglim <\/span><\/span><br \/> + M\u0113rkr\u016bze<\/span><span style=\"font-size: x-small\"><br \/> <\/span><\/p>\n","protected":false},"excerpt":{"rendered":"<p>Jetboil Zip&trade; ir vienk\u0101r&scaron;a, bet efekt\u012bva gatavo&scaron;anas sist\u0113ma un padar\u012bs jebkuru ce\u013cojumu v\u0113l baud\u0101m\u0101ku. Pateicoties patent\u0113tajai FluxRing&reg; kr\u016bzei, \u016bdens uzv\u0101r\u012bsies daudz \u0101tr\u0101k, pat stipr\u0101 v\u0113j\u0101 un sal\u0101. Jetboil Zip&trade; ir apr\u012bkots ar neopr\u0113na siltumizol\u0101cijas apdari. Visa konstrukcija ir tikt\u0101l p\u0101rodm\u0101ta, ka viss komplekt\u0101 eso&scaron;ais apr\u012bkojums kop\u0101 ar 100g g\u0101zes balonu ietilps kr\u016bz\u0113 bez probl\u0113m\u0101m. Jetboil [&hellip;]<\/p>\n","protected":false},"featured_media":61556,"template":"","meta":[],"product_brand":[],"product_cat":[4558,4720,4721],"product_tag":[],"class_list":{"0":"post-76469","1":"product","2":"type-product","3":"status-publish","4":"has-post-thumbnail","6":"product_cat-for-tourism-recreation","7":"product_cat-gas-stoves-burners-lanterns-heaters-for-tourism-recreation","8":"product_cat-gas-stoves-gas-stoves-burners-lanterns-heaters-for-tourism-recreation","10":"first","11":"instock","12":"shipping-taxable","13":"purchasable","14":"product-type-simple"},"_links":{"self":[{"href":"https:\/\/sezona.lv\/en\/wp-json\/wp\/v2\/product\/76469","targetHints":{"allow":["GET"]}}],"collection":[{"href":"https:\/\/sezona.lv\/en\/wp-json\/wp\/v2\/product"}],"about":[{"href":"https:\/\/sezona.lv\/en\/wp-json\/wp\/v2\/types\/product"}],"wp:featuredmedia":[{"embeddable":true,"href":"https:\/\/sezona.lv\/en\/wp-json\/wp\/v2\/media\/61556"}],"wp:attachment":[{"href":"https:\/\/sezona.lv\/en\/wp-json\/wp\/v2\/media?parent=76469"}],"wp:term":[{"taxonomy":"product_brand","embeddable":true,"href":"https:\/\/sezona.lv\/en\/wp-json\/wp\/v2\/product_brand?post=76469"},{"taxonomy":"product_cat","embeddable":true,"href":"https:\/\/sezona.lv\/en\/wp-json\/wp\/v2\/product_cat?post=76469"},{"taxonomy":"product_tag","embeddable":true,"href":"https:\/\/sezona.lv\/en\/wp-json\/wp\/v2\/product_tag?post=76469"}],"curies":[{"name":"wp","href":"https:\/\/api.w.org\/{rel}","templated":true}]}}