{"id":76470,"date":"2025-07-11T15:48:05","date_gmt":"2025-07-11T12:48:05","guid":{"rendered":"https:\/\/demo8.ecube.lv\/sezona.lv\/products\/jetboil-trauku-komplekts-sumo-bowl-set\/"},"modified":"2025-07-14T14:51:40","modified_gmt":"2025-07-14T11:51:40","slug":"jetboil-trauku-komplekts-sumo-bowl-set","status":"publish","type":"product","link":"https:\/\/sezona.lv\/en\/products\/jetboil-trauku-komplekts-sumo-bowl-set\/","title":{"rendered":"Jetboil trauku komplekts Sumo Bowl Set"},"content":{"rendered":"<p align=\"justify\"><span style=\"font-size: x-small\">\u0112rts un iztur\u012bgs Jetboil traku komplekts <strong>Sumo Bowl Set. <\/strong>To var \u013coti kompakti, kop\u0101 ar 100g g\u0101zes balonu un p\u0101r\u0113jiem <strong>Sumo Cooking System<\/strong> deg\u013ca komplekt\u0101 eso&scaron;ajiem priek&scaron;metiem, ievietot pa&scaron;\u0101 Sumo deg\u013ca kr\u016bz\u0113.  Lielisks aksesu\u0101rs ce\u013cojo&scaron;\u0101m \u0123imen\u0113m vai liel\u0101ki grupai ar minim\u0101lu  ekip\u0113jum daudzumu. Katrai b\u013codai ir neopr\u0113na termoapvalks, kas saglab\u0101s  \u0113dienu siltu. <br \/> <\/span><\/p>\n<p><span style=\"font-size: x-small\"> <\/span><\/p>\n<p><span style=\"color: #800000;font-size: x-small\"><strong>Specifik\u0101cija:<\/strong><\/span><\/p>\n<p><span style=\"font-size: x-small\"> <\/span><\/p>\n<p><span style=\"font-size: x-small\"><strong>Materi\u0101ls: <\/strong>BPA FREE Polypropylene<br \/> <\/span> <span style=\"font-size: x-small\"><strong>Kop\u0113jais augstums: <\/strong>15.4 cm<br \/> <\/span> <span style=\"font-size: x-small\"><strong>Kop\u0113jais svars: <\/strong>190 grami<br \/> <\/span> <span style=\"font-size: x-small\"><strong>Tilpums: <\/strong>2x 675ml, 1x 450ml<\/span><\/p>\n<p><span style=\"font-size: x-small\"> <\/span><\/p>\n<p><span style=\"font-size: x-small\"><strong>Liel\u0101 b\u013coda<\/strong>: 108mm x 76mm (675ml)<br \/> <\/span> <span style=\"font-size: x-small\"><strong>Maz\u0101 b\u013coda: <\/strong>102mm x 64mm (450ml)<\/span><\/p>\n","protected":false},"excerpt":{"rendered":"<p>\u0112rts un iztur\u012bgs Jetboil traku komplekts Sumo Bowl Set. To var \u013coti kompakti, kop\u0101 ar 100g g\u0101zes balonu un p\u0101r\u0113jiem Sumo Cooking System deg\u013ca komplekt\u0101 eso&scaron;ajiem priek&scaron;metiem, ievietot pa&scaron;\u0101 Sumo deg\u013ca kr\u016bz\u0113. Lielisks aksesu\u0101rs ce\u013cojo&scaron;\u0101m \u0123imen\u0113m vai liel\u0101ki grupai ar minim\u0101lu ekip\u0113jum daudzumu. Katrai b\u013codai ir neopr\u0113na termoapvalks, kas saglab\u0101s \u0113dienu siltu. Specifik\u0101cija: Materi\u0101ls: BPA [&hellip;]<\/p>\n","protected":false},"featured_media":61565,"template":"","meta":[],"product_brand":[],"product_cat":[4558,4571,4737],"product_tag":[],"class_list":{"0":"post-76470","1":"product","2":"type-product","3":"status-publish","4":"has-post-thumbnail","6":"product_cat-for-tourism-recreation","7":"product_cat-dishes-knives-folding-tables-for-tourism-recreation","8":"product_cat-polycarbonate-and-silicone-dishes-dishes-knives-folding-tables-for-tourism-recreation","10":"first","11":"instock","12":"shipping-taxable","13":"purchasable","14":"product-type-simple"},"_links":{"self":[{"href":"https:\/\/sezona.lv\/en\/wp-json\/wp\/v2\/product\/76470","targetHints":{"allow":["GET"]}}],"collection":[{"href":"https:\/\/sezona.lv\/en\/wp-json\/wp\/v2\/product"}],"about":[{"href":"https:\/\/sezona.lv\/en\/wp-json\/wp\/v2\/types\/product"}],"wp:featuredmedia":[{"embeddable":true,"href":"https:\/\/sezona.lv\/en\/wp-json\/wp\/v2\/media\/61565"}],"wp:attachment":[{"href":"https:\/\/sezona.lv\/en\/wp-json\/wp\/v2\/media?parent=76470"}],"wp:term":[{"taxonomy":"product_brand","embeddable":true,"href":"https:\/\/sezona.lv\/en\/wp-json\/wp\/v2\/product_brand?post=76470"},{"taxonomy":"product_cat","embeddable":true,"href":"https:\/\/sezona.lv\/en\/wp-json\/wp\/v2\/product_cat?post=76470"},{"taxonomy":"product_tag","embeddable":true,"href":"https:\/\/sezona.lv\/en\/wp-json\/wp\/v2\/product_tag?post=76470"}],"curies":[{"name":"wp","href":"https:\/\/api.w.org\/{rel}","templated":true}]}}