{"id":76471,"date":"2025-07-11T15:48:06","date_gmt":"2025-07-11T12:48:06","guid":{"rendered":"https:\/\/demo8.ecube.lv\/sezona.lv\/products\/bernu-glabsanas-veste-norfin\/"},"modified":"2025-07-14T14:51:41","modified_gmt":"2025-07-14T11:51:41","slug":"bernu-glabsanas-veste-norfin","status":"publish","type":"product","link":"https:\/\/sezona.lv\/en\/products\/bernu-glabsanas-veste-norfin\/","title":{"rendered":"B\u0113rnu gl\u0101b\u0161anas veste Norfin"},"content":{"rendered":"<p>B\u0113rnu gl\u0101b&scaron;anas veste<\/p>\n<p>&bull; Liela apkakle<\/p>\n<p>&bull; Priek&scaron;pus\u0113 r\u0101v\u0113jsl\u0113dz\u0113js<\/p>\n<p>&bull; Josta ar sl\u0113dzi nexus<\/p>\n<p>&bull; Josta sastiprin\u0101&scaron;anai apak&scaron;\u0101<\/p>\n<p>&bull; Divas sasienamas auklas<\/p>\n<p>&bull; Svilpe<\/p>\n<p>&bull; Gaismu atstarojo&scaron;as uz&scaron;uves<\/p>\n<p>Kr\u0101sa: oran\u017ea<\/p>\n<table id=\"product-properties\" class=\"table-display\" border=\"0\">\n<tbody>\n<tr>\n<td class=\"title\">Celtsp\u0113ja (kg)<\/td>\n<td>10&ndash;20<\/td>\n<\/tr>\n<tr>\n<td class=\"title\">Modelis<\/td>\n<td>NK<\/td>\n<\/tr>\n<\/tbody>\n<\/table>\n","protected":false},"excerpt":{"rendered":"<p>B\u0113rnu gl\u0101b&scaron;anas veste &bull; Liela apkakle &bull; Priek&scaron;pus\u0113 r\u0101v\u0113jsl\u0113dz\u0113js &bull; Josta ar sl\u0113dzi nexus &bull; Josta sastiprin\u0101&scaron;anai apak&scaron;\u0101 &bull; Divas sasienamas auklas &bull; Svilpe &bull; Gaismu atstarojo&scaron;as uz&scaron;uves Kr\u0101sa: oran\u017ea Celtsp\u0113ja (kg) 10&ndash;20 Modelis NK<\/p>\n","protected":false},"featured_media":61570,"template":"","meta":[],"product_brand":[],"product_cat":[4557,4784],"product_tag":[],"class_list":{"0":"post-76471","1":"product","2":"type-product","3":"status-publish","4":"has-post-thumbnail","6":"product_cat-boats-recreation","7":"product_cat-lifejackets-boats-recreation","9":"first","10":"instock","11":"shipping-taxable","12":"purchasable","13":"product-type-simple"},"_links":{"self":[{"href":"https:\/\/sezona.lv\/en\/wp-json\/wp\/v2\/product\/76471","targetHints":{"allow":["GET"]}}],"collection":[{"href":"https:\/\/sezona.lv\/en\/wp-json\/wp\/v2\/product"}],"about":[{"href":"https:\/\/sezona.lv\/en\/wp-json\/wp\/v2\/types\/product"}],"wp:featuredmedia":[{"embeddable":true,"href":"https:\/\/sezona.lv\/en\/wp-json\/wp\/v2\/media\/61570"}],"wp:attachment":[{"href":"https:\/\/sezona.lv\/en\/wp-json\/wp\/v2\/media?parent=76471"}],"wp:term":[{"taxonomy":"product_brand","embeddable":true,"href":"https:\/\/sezona.lv\/en\/wp-json\/wp\/v2\/product_brand?post=76471"},{"taxonomy":"product_cat","embeddable":true,"href":"https:\/\/sezona.lv\/en\/wp-json\/wp\/v2\/product_cat?post=76471"},{"taxonomy":"product_tag","embeddable":true,"href":"https:\/\/sezona.lv\/en\/wp-json\/wp\/v2\/product_tag?post=76471"}],"curies":[{"name":"wp","href":"https:\/\/api.w.org\/{rel}","templated":true}]}}