{"id":76472,"date":"2025-07-11T15:48:08","date_gmt":"2025-07-11T12:48:08","guid":{"rendered":"https:\/\/demo8.ecube.lv\/sezona.lv\/products\/stravas-generators-powertool-pg1200i\/"},"modified":"2025-07-14T14:51:42","modified_gmt":"2025-07-14T11:51:42","slug":"stravas-generators-powertool-pg1200i","status":"publish","type":"product","link":"https:\/\/sezona.lv\/en\/products\/stravas-generators-powertool-pg1200i\/","title":{"rendered":"Str\u0101vas \u0123enerators Powertool PG1200i"},"content":{"rendered":"<p>Str\u0101vas \u0123enerators Powertool PG1200i<\/p>\n<p>Pateicoties invertora tehnolo\u0123ijai, Powertool \u0123eneratori rada stabilu un vienm\u0113r\u012bgu izejo&scaron;o str\u0101vu, kas teicami ir piel\u0101gota pat visjut\u012bg\u0101kaj\u0101m str\u0101vas pat\u0113ri\u0146a iek\u0101rt\u0101m!<\/p>\n<p>Invertortipa \u0123eneratoru priek&scaron;roc\u012bbas sal\u012bdzin\u0101jum\u0101 ar alternat\u012bvajiem \u0123eneratoriem:<\/p>\n<p>+ Jaud\u012bgi dzin\u0113ji: invertortipa \u0123eneratoros ieb\u016bv\u0113ti \u012bpa&scaron;as konstrukcijas 4-taktu motori;<\/p>\n<p>+ Viegla un eleganta konstrukcija un neliels svars;<\/p>\n<p>+ Stabils izejo&scaron;ais spriegums un frekvence: sprieguma sv\u0101rst\u012bbas tiek notur\u0113tas 4 % robe\u017e\u0101s, ide\u0101li piem\u0113rots datoriem un cit\u0101m augstas klases elektronikas ier\u012bc\u0113m;<\/p>\n<p>+ Zems trok&scaron;\u0146u l\u012bmenis: \u0123eneratora konstrukcija veidota no dubultas ska\u0146u izol\u0113jo&scaron;\u0101s strukt\u016bras;<\/p>\n<p>+ Ekonomisks pat\u0113ri\u0146&scaron;: autom\u0101tiska dzin\u0113ja apgriezienu korekcija atkar\u012bb\u0101 no slodzes, samazina degvielas pat\u0113ri\u0146u un trok&scaron;\u0146u l\u012bmeni;<\/p>\n<p>+ Aizsardz\u012bbas funkcijas: gaismas diodes panel\u012b br\u012bdina par zemu e\u013c\u013cas l\u012bmeni un p\u0101rslodzi<\/p>\n<p>+ GS un CE sertifik\u0101ti<\/p>\n<p>&nbsp;<\/p>\n<table border=\"1\" cellspacing=\"0\" cellpadding=\"0\">\n<tbody>\n<tr>\n<td width=\"284\" valign=\"top\">\n<p>Modelis<\/p>\n<\/td>\n<td width=\"284\" valign=\"top\">\n<p><strong>PG 1200-i<\/strong><\/p>\n<\/td>\n<\/tr>\n<tr>\n<td width=\"284\" valign=\"top\">\n<p>Frekvence<\/p>\n<\/td>\n<td width=\"284\" valign=\"top\">\n<p>50\/60 Hz<\/p>\n<\/td>\n<\/tr>\n<tr>\n<td width=\"284\" valign=\"top\">\n<p>Maksim\u0101l\u0101 izejas jauda AC<\/p>\n<\/td>\n<td width=\"284\" valign=\"top\">\n<p>1200 W<\/p>\n<\/td>\n<\/tr>\n<tr>\n<td width=\"284\" valign=\"top\">\n<p>Nomin\u0101l\u0101 jauda AC<\/p>\n<\/td>\n<td width=\"284\" valign=\"top\">\n<p>1000 W<\/p>\n<\/td>\n<\/tr>\n<tr>\n<td width=\"284\" valign=\"top\">\n<p>Nomin\u0101lais spriegums AC<\/p>\n<\/td>\n<td width=\"284\" valign=\"top\">\n<p>100V, 120V, 230V, 240V<\/p>\n<\/td>\n<\/tr>\n<tr>\n<td width=\"284\" valign=\"top\">\n<p>Dzin\u0113ja tilpums<\/p>\n<\/td>\n<td width=\"284\" valign=\"top\">\n<p>60 ccm<\/p>\n<\/td>\n<\/tr>\n<tr>\n<td width=\"284\" valign=\"top\">\n<p>Degviela<\/p>\n<\/td>\n<td width=\"284\" valign=\"top\">\n<p>benz\u012bns<\/p>\n<\/td>\n<\/tr>\n<tr>\n<td width=\"284\" valign=\"top\">\n<p>Degvielas tvertnes tilpums<\/p>\n<\/td>\n<td width=\"284\" valign=\"top\">\n<p>3,0 l<\/p>\n<\/td>\n<\/tr>\n<tr>\n<td width=\"284\" valign=\"top\">\n<p>Nep\u0101rtrauktais darba cikls<\/p>\n<\/td>\n<td width=\"284\" valign=\"top\">\n<p>4,8 h (100% slodze ar pilnu   tvertni)<\/p>\n<\/td>\n<\/tr>\n<tr>\n<td width=\"284\" valign=\"top\">\n<p>Darba re\u017e\u012bma trok&scaron;\u0146u l\u012bmenis (7m)<\/p>\n<\/td>\n<td width=\"284\" valign=\"top\">\n<p>58 db<\/p>\n<\/td>\n<\/tr>\n<tr>\n<td width=\"284\" valign=\"top\">\n<p>Izm\u0113ri (GxPxA) mm<\/p>\n<\/td>\n<td width=\"284\" valign=\"top\">\n<p>480x225x425<\/p>\n<\/td>\n<\/tr>\n<tr>\n<td width=\"284\" valign=\"top\">\n<p>Svars<\/p>\n<\/td>\n<td width=\"284\" valign=\"top\">\n<p>13,5 kg<\/p>\n<\/td>\n<\/tr>\n<\/tbody>\n<\/table>\n<p>&nbsp;<\/p>\n","protected":false},"excerpt":{"rendered":"<p>Str\u0101vas \u0123enerators Powertool PG1200i Pateicoties invertora tehnolo\u0123ijai, Powertool \u0123eneratori rada stabilu un vienm\u0113r\u012bgu izejo&scaron;o str\u0101vu, kas teicami ir piel\u0101gota pat visjut\u012bg\u0101kaj\u0101m str\u0101vas pat\u0113ri\u0146a iek\u0101rt\u0101m! Invertortipa \u0123eneratoru priek&scaron;roc\u012bbas sal\u012bdzin\u0101jum\u0101 ar alternat\u012bvajiem \u0123eneratoriem: + Jaud\u012bgi dzin\u0113ji: invertortipa \u0123eneratoros ieb\u016bv\u0113ti \u012bpa&scaron;as konstrukcijas 4-taktu motori; + Viegla un eleganta konstrukcija un neliels svars; + Stabils izejo&scaron;ais spriegums un frekvence: [&hellip;]<\/p>\n","protected":false},"featured_media":61573,"template":"","meta":[],"product_brand":[],"product_cat":[4558,4785],"product_tag":[],"class_list":{"0":"post-76472","1":"product","2":"type-product","3":"status-publish","4":"has-post-thumbnail","6":"product_cat-for-tourism-recreation","7":"product_cat-generators-for-tourism-recreation","9":"first","10":"instock","11":"shipping-taxable","12":"purchasable","13":"product-type-simple"},"_links":{"self":[{"href":"https:\/\/sezona.lv\/en\/wp-json\/wp\/v2\/product\/76472","targetHints":{"allow":["GET"]}}],"collection":[{"href":"https:\/\/sezona.lv\/en\/wp-json\/wp\/v2\/product"}],"about":[{"href":"https:\/\/sezona.lv\/en\/wp-json\/wp\/v2\/types\/product"}],"wp:featuredmedia":[{"embeddable":true,"href":"https:\/\/sezona.lv\/en\/wp-json\/wp\/v2\/media\/61573"}],"wp:attachment":[{"href":"https:\/\/sezona.lv\/en\/wp-json\/wp\/v2\/media?parent=76472"}],"wp:term":[{"taxonomy":"product_brand","embeddable":true,"href":"https:\/\/sezona.lv\/en\/wp-json\/wp\/v2\/product_brand?post=76472"},{"taxonomy":"product_cat","embeddable":true,"href":"https:\/\/sezona.lv\/en\/wp-json\/wp\/v2\/product_cat?post=76472"},{"taxonomy":"product_tag","embeddable":true,"href":"https:\/\/sezona.lv\/en\/wp-json\/wp\/v2\/product_tag?post=76472"}],"curies":[{"name":"wp","href":"https:\/\/api.w.org\/{rel}","templated":true}]}}