{"id":76473,"date":"2025-07-11T15:48:09","date_gmt":"2025-07-11T12:48:09","guid":{"rendered":"https:\/\/demo8.ecube.lv\/sezona.lv\/products\/automatiska-telts-norfin-zope-2\/"},"modified":"2025-07-14T14:51:43","modified_gmt":"2025-07-14T11:51:43","slug":"automatiska-telts-norfin-zope-2","status":"publish","type":"product","link":"https:\/\/sezona.lv\/en\/products\/automatiska-telts-norfin-zope-2\/","title":{"rendered":"Autom\u0101tiska telts Norfin ZOPE 2"},"content":{"rendered":"<p>Divu k\u0101rtu lokveida pusautom\u0101tisk\u0101 telts ar \u0101tri saliekamu konstrukciju.  Abas telts k\u0101rtas saliekas vienlaic\u012bgi. Telts salik&scaron;ana vienam cilv\u0113kam  aiz\u0146em nepilnu min\u016bti.<\/p>\n<ul>\n<li>viena ieeja<\/li>\n<li>ieejas tiek papildin\u0101tas ar mosk\u012btu t\u012bklu<\/li>\n<li>kabatas nodal\u012bjumi s\u012bkumiem<\/li>\n<li>visas &scaron;uves prec\u012bzi nol\u012bm\u0113tas&nbsp; ar \u016bdensnecaurlaid\u012bgu lenti<\/li>\n<\/ul>\n<h4 class=\"table_title\">\u012apa&scaron;\u012bbas un materi\u0101li<\/h4>\n<table class=\"spec\" border=\"0\">\n<tbody>\n<tr>\n<td>Tips<\/td>\n<td>Trekinga\/ Autom\u0101tisk\u0101<\/td>\n<\/tr>\n<tr>\n<td>Ietilp\u012bba (personas)<\/td>\n<td>2<\/td>\n<\/tr>\n<tr>\n<td>\u0100r\u0113j\u0101s telts izm\u0113rs (cm)<\/td>\n<td>(130+35)x210x105<\/td>\n<\/tr>\n<tr>\n<td>Iek&scaron;\u0113j\u0101s telts izm\u0113rs (cm)<\/td>\n<td>200x120x93<\/td>\n<\/tr>\n<tr>\n<td>Saliktas telts izm\u0113rs (cm)<\/td>\n<td>66x15x15<\/td>\n<\/tr>\n<tr>\n<td>Svars (kg)<\/td>\n<td>2,9<\/td>\n<\/tr>\n<tr>\n<td>\u0100r\u0113j\u0101s telts materi\u0101ls\/ mitrumiztur\u012bba (mm\/cm2)<\/td>\n<td>190T Poliesters  PU\/3000<\/td>\n<\/tr>\n<tr>\n<td>Iek&scaron;\u0113j\u0101s telts materi\u0101ls<\/td>\n<td>190T poliesters<\/td>\n<\/tr>\n<tr>\n<td>Gr\u012bdas materi\u0101ls\/ mitrumiztur\u012bba (mm\/cm2)<\/td>\n<td>Poliesters 150D Oxford PU\/ 6000<\/td>\n<\/tr>\n<tr>\n<td>Loki<\/td>\n<td>FG<\/td>\n<\/tr>\n<tr>\n<td>Loku skaits\/ diametrs (mm)<\/td>\n<td>8,5mm<\/td>\n<\/tr>\n<tr>\n<td>Mieti\u0146u materi\u0101ls<\/td>\n<td>T\u0113rauds<\/td>\n<\/tr>\n<\/tbody>\n<\/table>\n","protected":false},"excerpt":{"rendered":"<p>Divu k\u0101rtu lokveida pusautom\u0101tisk\u0101 telts ar \u0101tri saliekamu konstrukciju. Abas telts k\u0101rtas saliekas vienlaic\u012bgi. Telts salik&scaron;ana vienam cilv\u0113kam aiz\u0146em nepilnu min\u016bti. viena ieeja ieejas tiek papildin\u0101tas ar mosk\u012btu t\u012bklu kabatas nodal\u012bjumi s\u012bkumiem visas &scaron;uves prec\u012bzi nol\u012bm\u0113tas&nbsp; ar \u016bdensnecaurlaid\u012bgu lenti \u012apa&scaron;\u012bbas un materi\u0101li Tips Trekinga\/ Autom\u0101tisk\u0101 Ietilp\u012bba (personas) 2 \u0100r\u0113j\u0101s telts izm\u0113rs (cm) (130+35)x210x105 Iek&scaron;\u0113j\u0101s telts [&hellip;]<\/p>\n","protected":false},"featured_media":0,"template":"","meta":[],"product_brand":[],"product_cat":[4558,4568,4956],"product_tag":[],"class_list":{"0":"post-76473","1":"product","2":"type-product","3":"status-publish","5":"product_cat-for-tourism-recreation","6":"product_cat-tents-for-tourism-recreation","7":"product_cat-norfin-tents-tents-for-tourism-recreation","9":"first","10":"instock","11":"shipping-taxable","12":"purchasable","13":"product-type-simple"},"_links":{"self":[{"href":"https:\/\/sezona.lv\/en\/wp-json\/wp\/v2\/product\/76473","targetHints":{"allow":["GET"]}}],"collection":[{"href":"https:\/\/sezona.lv\/en\/wp-json\/wp\/v2\/product"}],"about":[{"href":"https:\/\/sezona.lv\/en\/wp-json\/wp\/v2\/types\/product"}],"wp:attachment":[{"href":"https:\/\/sezona.lv\/en\/wp-json\/wp\/v2\/media?parent=76473"}],"wp:term":[{"taxonomy":"product_brand","embeddable":true,"href":"https:\/\/sezona.lv\/en\/wp-json\/wp\/v2\/product_brand?post=76473"},{"taxonomy":"product_cat","embeddable":true,"href":"https:\/\/sezona.lv\/en\/wp-json\/wp\/v2\/product_cat?post=76473"},{"taxonomy":"product_tag","embeddable":true,"href":"https:\/\/sezona.lv\/en\/wp-json\/wp\/v2\/product_tag?post=76473"}],"curies":[{"name":"wp","href":"https:\/\/api.w.org\/{rel}","templated":true}]}}