{"id":76474,"date":"2025-07-11T15:48:11","date_gmt":"2025-07-11T12:48:11","guid":{"rendered":"https:\/\/demo8.ecube.lv\/sezona.lv\/products\/saliekamais-kresls-norfin-risor-nf\/"},"modified":"2025-07-14T14:51:44","modified_gmt":"2025-07-14T11:51:44","slug":"saliekamais-kresls-norfin-risor-nf","status":"publish","type":"product","link":"https:\/\/sezona.lv\/en\/products\/saliekamais-kresls-norfin-risor-nf\/","title":{"rendered":"Saliekamais kr\u0113sls Norfin Risor NF"},"content":{"rendered":"<p>Saliekams kr\u0113sls ar \u012bpa&scaron;u, augstas iztur\u012bbas r\u0101mi, kas nodro&scaron;ina liel\u0101ku  stabilit\u0101ti smilt\u012bs vai uz irdenas virsmas. M\u012bkstin\u0101ts kr\u0113sls, kam s\u0101n\u0101  pievienots galdi\u0146&scaron; un s\u0101nu kabatas.<\/p>\n<h4 class=\"table_title\">\u012apa&scaron;\u012bbas un materi\u0101li<\/h4>\n<table class=\"spec\" border=\"0\">\n<tbody>\n<tr>\n<td>Izm\u0113rs (cm)<\/td>\n<td>47x42x43\/80<\/td>\n<\/tr>\n<tr>\n<td>Izm\u0113rs salikt\u0101 veid\u0101 (cm)<\/td>\n<td>82x53x10<\/td>\n<\/tr>\n<tr>\n<td>Svars (kg)<\/td>\n<td>3,5<\/td>\n<\/tr>\n<tr>\n<td>Maksim\u0101l\u0101 nestsp\u0113ja (kg)<\/td>\n<td>100<\/td>\n<\/tr>\n<tr>\n<td>Materi\u0101ls<\/td>\n<td>600D poliesters, 420DRipStop Neilons<\/td>\n<\/tr>\n<tr>\n<td>Konstrukcija<\/td>\n<td>Alum\u012bnijs 30\u044516 mm<\/td>\n<\/tr>\n<\/tbody>\n<\/table>\n","protected":false},"excerpt":{"rendered":"<p>Saliekams kr\u0113sls ar \u012bpa&scaron;u, augstas iztur\u012bbas r\u0101mi, kas nodro&scaron;ina liel\u0101ku stabilit\u0101ti smilt\u012bs vai uz irdenas virsmas. M\u012bkstin\u0101ts kr\u0113sls, kam s\u0101n\u0101 pievienots galdi\u0146&scaron; un s\u0101nu kabatas. \u012apa&scaron;\u012bbas un materi\u0101li Izm\u0113rs (cm) 47x42x43\/80 Izm\u0113rs salikt\u0101 veid\u0101 (cm) 82x53x10 Svars (kg) 3,5 Maksim\u0101l\u0101 nestsp\u0113ja (kg) 100 Materi\u0101ls 600D poliesters, 420DRipStop Neilons Konstrukcija Alum\u012bnijs 30\u044516 mm<\/p>\n","protected":false},"featured_media":0,"template":"","meta":[],"product_brand":[],"product_cat":[4558,4679],"product_tag":[],"class_list":{"0":"post-76474","1":"product","2":"type-product","3":"status-publish","5":"product_cat-for-tourism-recreation","6":"product_cat-folding-chairs-camp-beds-for-tourism-recreation","8":"first","9":"instock","10":"shipping-taxable","11":"purchasable","12":"product-type-simple"},"_links":{"self":[{"href":"https:\/\/sezona.lv\/en\/wp-json\/wp\/v2\/product\/76474","targetHints":{"allow":["GET"]}}],"collection":[{"href":"https:\/\/sezona.lv\/en\/wp-json\/wp\/v2\/product"}],"about":[{"href":"https:\/\/sezona.lv\/en\/wp-json\/wp\/v2\/types\/product"}],"wp:attachment":[{"href":"https:\/\/sezona.lv\/en\/wp-json\/wp\/v2\/media?parent=76474"}],"wp:term":[{"taxonomy":"product_brand","embeddable":true,"href":"https:\/\/sezona.lv\/en\/wp-json\/wp\/v2\/product_brand?post=76474"},{"taxonomy":"product_cat","embeddable":true,"href":"https:\/\/sezona.lv\/en\/wp-json\/wp\/v2\/product_cat?post=76474"},{"taxonomy":"product_tag","embeddable":true,"href":"https:\/\/sezona.lv\/en\/wp-json\/wp\/v2\/product_tag?post=76474"}],"curies":[{"name":"wp","href":"https:\/\/api.w.org\/{rel}","templated":true}]}}