{"id":76475,"date":"2025-07-11T15:48:13","date_gmt":"2025-07-11T12:48:13","guid":{"rendered":"https:\/\/demo8.ecube.lv\/sezona.lv\/products\/saliekamais-kresls-norfin-tampere-nf\/"},"modified":"2025-07-14T14:51:45","modified_gmt":"2025-07-14T11:51:45","slug":"saliekamais-kresls-norfin-tampere-nf","status":"publish","type":"product","link":"https:\/\/sezona.lv\/en\/products\/saliekamais-kresls-norfin-tampere-nf\/","title":{"rendered":"Saliekamais kr\u0113sls Norfin TAMPERE NF"},"content":{"rendered":"<p>Viegls un \u0113rts saliekams kr\u0113sls ar alum\u012bnija konstrukciju.<\/p>\n<h4 class=\"table_title\">\u012apa&scaron;\u012bbas un materi\u0101li<\/h4>\n<table class=\"spec\" border=\"0\">\n<tbody>\n<tr>\n<td>Izm\u0113rs (cm)<\/td>\n<td>34x33x46<\/td>\n<\/tr>\n<tr>\n<td>Izm\u0113rs salikt\u0101 veid\u0101 (cm)<\/td>\n<td>55x33x3<\/td>\n<\/tr>\n<tr>\n<td>Svars (kg)<\/td>\n<td>0,6<\/td>\n<\/tr>\n<tr>\n<td>Maksim\u0101l\u0101 nestsp\u0113ja (kg)<\/td>\n<td>100<\/td>\n<\/tr>\n<tr>\n<td>Materi\u0101ls<\/td>\n<td>600D Poliesters<\/td>\n<\/tr>\n<tr>\n<td>Konstrukcija<\/td>\n<td>Alum\u012bnijs 22 mm<\/td>\n<\/tr>\n<\/tbody>\n<\/table>\n","protected":false},"excerpt":{"rendered":"<p>Viegls un \u0113rts saliekams kr\u0113sls ar alum\u012bnija konstrukciju. \u012apa&scaron;\u012bbas un materi\u0101li Izm\u0113rs (cm) 34x33x46 Izm\u0113rs salikt\u0101 veid\u0101 (cm) 55x33x3 Svars (kg) 0,6 Maksim\u0101l\u0101 nestsp\u0113ja (kg) 100 Materi\u0101ls 600D Poliesters Konstrukcija Alum\u012bnijs 22 mm<\/p>\n","protected":false},"featured_media":61582,"template":"","meta":[],"product_brand":[],"product_cat":[4558,4679],"product_tag":[],"class_list":{"0":"post-76475","1":"product","2":"type-product","3":"status-publish","4":"has-post-thumbnail","6":"product_cat-for-tourism-recreation","7":"product_cat-folding-chairs-camp-beds-for-tourism-recreation","9":"first","10":"instock","11":"shipping-taxable","12":"purchasable","13":"product-type-simple"},"_links":{"self":[{"href":"https:\/\/sezona.lv\/en\/wp-json\/wp\/v2\/product\/76475","targetHints":{"allow":["GET"]}}],"collection":[{"href":"https:\/\/sezona.lv\/en\/wp-json\/wp\/v2\/product"}],"about":[{"href":"https:\/\/sezona.lv\/en\/wp-json\/wp\/v2\/types\/product"}],"wp:featuredmedia":[{"embeddable":true,"href":"https:\/\/sezona.lv\/en\/wp-json\/wp\/v2\/media\/61582"}],"wp:attachment":[{"href":"https:\/\/sezona.lv\/en\/wp-json\/wp\/v2\/media?parent=76475"}],"wp:term":[{"taxonomy":"product_brand","embeddable":true,"href":"https:\/\/sezona.lv\/en\/wp-json\/wp\/v2\/product_brand?post=76475"},{"taxonomy":"product_cat","embeddable":true,"href":"https:\/\/sezona.lv\/en\/wp-json\/wp\/v2\/product_cat?post=76475"},{"taxonomy":"product_tag","embeddable":true,"href":"https:\/\/sezona.lv\/en\/wp-json\/wp\/v2\/product_tag?post=76475"}],"curies":[{"name":"wp","href":"https:\/\/api.w.org\/{rel}","templated":true}]}}