{"id":76476,"date":"2025-07-11T15:48:14","date_gmt":"2025-07-11T12:48:14","guid":{"rendered":"https:\/\/demo8.ecube.lv\/sezona.lv\/products\/saliekamais-kresls-norfin-humber\/"},"modified":"2025-07-14T14:51:46","modified_gmt":"2025-07-14T11:51:46","slug":"saliekamais-kresls-norfin-humber","status":"publish","type":"product","link":"https:\/\/sezona.lv\/en\/products\/saliekamais-kresls-norfin-humber\/","title":{"rendered":"Saliekamais kr\u0113sls Norfin HUMBER"},"content":{"rendered":"<p>Salok\u0101ms kr\u0113sls, kuram priek&scaron;\u0113jo k\u0101ju papla&scaron;in\u0101tie uzga\u013ci un aizmugur\u0113j\u0101  U veida k\u0101ja nodro&scaron;ina papildus stabilit\u0101ti. Polster\u0113ta atzveltne,  m\u012bksts un \u0113rts galvas balsts.<\/p>\n<h4 class=\"table_title\">\u012apa&scaron;\u012bbas un materi\u0101li<\/h4>\n<table class=\"spec\" border=\"0\">\n<tbody>\n<tr>\n<td>Izm\u0113rs (cm)<\/td>\n<td>70x63x75\/108<\/td>\n<\/tr>\n<tr>\n<td>Izm\u0113rs salikt\u0101 veid\u0101 (cm)<\/td>\n<td>62x18x97<\/td>\n<\/tr>\n<tr>\n<td>Svars (kg)<\/td>\n<td>5<\/td>\n<\/tr>\n<tr>\n<td>Maksim\u0101l\u0101 nestsp\u0113ja (kg)<\/td>\n<td>140<\/td>\n<\/tr>\n<tr>\n<td>Materi\u0101ls<\/td>\n<td>420D Poliesters ar PVC<\/td>\n<\/tr>\n<tr>\n<td>Konstrukcija<\/td>\n<td>Alum\u012bnijs 19 mm, 25 mm<\/td>\n<\/tr>\n<\/tbody>\n<\/table>\n","protected":false},"excerpt":{"rendered":"<p>Salok\u0101ms kr\u0113sls, kuram priek&scaron;\u0113jo k\u0101ju papla&scaron;in\u0101tie uzga\u013ci un aizmugur\u0113j\u0101 U veida k\u0101ja nodro&scaron;ina papildus stabilit\u0101ti. Polster\u0113ta atzveltne, m\u012bksts un \u0113rts galvas balsts. \u012apa&scaron;\u012bbas un materi\u0101li Izm\u0113rs (cm) 70x63x75\/108 Izm\u0113rs salikt\u0101 veid\u0101 (cm) 62x18x97 Svars (kg) 5 Maksim\u0101l\u0101 nestsp\u0113ja (kg) 140 Materi\u0101ls 420D Poliesters ar PVC Konstrukcija Alum\u012bnijs 19 mm, 25 mm<\/p>\n","protected":false},"featured_media":61585,"template":"","meta":[],"product_brand":[],"product_cat":[4558,4679],"product_tag":[],"class_list":{"0":"post-76476","1":"product","2":"type-product","3":"status-publish","4":"has-post-thumbnail","6":"product_cat-for-tourism-recreation","7":"product_cat-folding-chairs-camp-beds-for-tourism-recreation","9":"first","10":"instock","11":"shipping-taxable","12":"purchasable","13":"product-type-simple"},"_links":{"self":[{"href":"https:\/\/sezona.lv\/en\/wp-json\/wp\/v2\/product\/76476","targetHints":{"allow":["GET"]}}],"collection":[{"href":"https:\/\/sezona.lv\/en\/wp-json\/wp\/v2\/product"}],"about":[{"href":"https:\/\/sezona.lv\/en\/wp-json\/wp\/v2\/types\/product"}],"wp:featuredmedia":[{"embeddable":true,"href":"https:\/\/sezona.lv\/en\/wp-json\/wp\/v2\/media\/61585"}],"wp:attachment":[{"href":"https:\/\/sezona.lv\/en\/wp-json\/wp\/v2\/media?parent=76476"}],"wp:term":[{"taxonomy":"product_brand","embeddable":true,"href":"https:\/\/sezona.lv\/en\/wp-json\/wp\/v2\/product_brand?post=76476"},{"taxonomy":"product_cat","embeddable":true,"href":"https:\/\/sezona.lv\/en\/wp-json\/wp\/v2\/product_cat?post=76476"},{"taxonomy":"product_tag","embeddable":true,"href":"https:\/\/sezona.lv\/en\/wp-json\/wp\/v2\/product_tag?post=76476"}],"curies":[{"name":"wp","href":"https:\/\/api.w.org\/{rel}","templated":true}]}}