{"id":76478,"date":"2025-07-11T15:48:16","date_gmt":"2025-07-11T12:48:16","guid":{"rendered":"https:\/\/demo8.ecube.lv\/sezona.lv\/products\/saliekama-gulta-norfin-cambridge\/"},"modified":"2025-07-14T14:51:47","modified_gmt":"2025-07-14T11:51:47","slug":"saliekama-gulta-norfin-cambridge","status":"publish","type":"product","link":"https:\/\/sezona.lv\/en\/products\/saliekama-gulta-norfin-cambridge\/","title":{"rendered":"Saliekam\u0101 gulta Norfin CAMBRIDGE"},"content":{"rendered":"<p>Salok\u0101ma gulta ar iztur\u012bgu r\u0101mi un elest\u012bgu matraci. Kompleksas formas  muguras da\u013ca nodro&scaron;ina papildus komfortu. Asto\u0146as k\u0101jas ar papla&scaron;in\u0101tiem  uzga\u013ciem nodro&scaron;ina papildus stabilit\u0101ti.<\/p>\n<h4 class=\"table_title\">\u012apa&scaron;\u012bbas un materi\u0101li<\/h4>\n<table class=\"spec\" border=\"0\">\n<tbody>\n<tr>\n<td>Izm\u0113rs (cm)<\/td>\n<td>210x85x30<\/td>\n<\/tr>\n<tr>\n<td>Izm\u0113rs salikt\u0101 veid\u0101 (cm)<\/td>\n<td>83x75x25<\/td>\n<\/tr>\n<tr>\n<td>Svars (kg)<\/td>\n<td>8,8<\/td>\n<\/tr>\n<tr>\n<td>Maksim\u0101l\u0101 nestsp\u0113ja (kg)<\/td>\n<td>140<\/td>\n<\/tr>\n<tr>\n<td>Materi\u0101ls<\/td>\n<td>600D Poliesters<\/td>\n<\/tr>\n<tr>\n<td>Konstrukcija<\/td>\n<td>Alum\u012bnijs 22 mm, 25 mm<\/td>\n<\/tr>\n<\/tbody>\n<\/table>\n","protected":false},"excerpt":{"rendered":"<p>Salok\u0101ma gulta ar iztur\u012bgu r\u0101mi un elest\u012bgu matraci. Kompleksas formas muguras da\u013ca nodro&scaron;ina papildus komfortu. Asto\u0146as k\u0101jas ar papla&scaron;in\u0101tiem uzga\u013ciem nodro&scaron;ina papildus stabilit\u0101ti. \u012apa&scaron;\u012bbas un materi\u0101li Izm\u0113rs (cm) 210x85x30 Izm\u0113rs salikt\u0101 veid\u0101 (cm) 83x75x25 Svars (kg) 8,8 Maksim\u0101l\u0101 nestsp\u0113ja (kg) 140 Materi\u0101ls 600D Poliesters Konstrukcija Alum\u012bnijs 22 mm, 25 mm<\/p>\n","protected":false},"featured_media":0,"template":"","meta":[],"product_brand":[894],"product_cat":[4558,4679],"product_tag":[],"class_list":{"0":"post-76478","1":"product","2":"type-product","3":"status-publish","5":"product_brand-salmo","6":"product_cat-for-tourism-recreation","7":"product_cat-folding-chairs-camp-beds-for-tourism-recreation","9":"first","10":"instock","11":"shipping-taxable","12":"purchasable","13":"product-type-simple"},"_links":{"self":[{"href":"https:\/\/sezona.lv\/en\/wp-json\/wp\/v2\/product\/76478","targetHints":{"allow":["GET"]}}],"collection":[{"href":"https:\/\/sezona.lv\/en\/wp-json\/wp\/v2\/product"}],"about":[{"href":"https:\/\/sezona.lv\/en\/wp-json\/wp\/v2\/types\/product"}],"wp:attachment":[{"href":"https:\/\/sezona.lv\/en\/wp-json\/wp\/v2\/media?parent=76478"}],"wp:term":[{"taxonomy":"product_brand","embeddable":true,"href":"https:\/\/sezona.lv\/en\/wp-json\/wp\/v2\/product_brand?post=76478"},{"taxonomy":"product_cat","embeddable":true,"href":"https:\/\/sezona.lv\/en\/wp-json\/wp\/v2\/product_cat?post=76478"},{"taxonomy":"product_tag","embeddable":true,"href":"https:\/\/sezona.lv\/en\/wp-json\/wp\/v2\/product_tag?post=76478"}],"curies":[{"name":"wp","href":"https:\/\/api.w.org\/{rel}","templated":true}]}}