{"id":76480,"date":"2025-07-11T15:48:20","date_gmt":"2025-07-11T12:48:20","guid":{"rendered":"https:\/\/demo8.ecube.lv\/sezona.lv\/products\/paspiepusamais-matracis-norfin-atlantic-comfort\/"},"modified":"2025-07-14T14:51:49","modified_gmt":"2025-07-14T11:51:49","slug":"paspiepusamais-matracis-norfin-atlantic-comfort","status":"publish","type":"product","link":"https:\/\/sezona.lv\/en\/products\/paspiepusamais-matracis-norfin-atlantic-comfort\/","title":{"rendered":"Pa\u0161piep\u016b\u0161amais matracis Norfin ATLANTIC COMFORT"},"content":{"rendered":"<p>Pa&scaron;piep\u016b&scaron;amais matracis Norfin ATLANTIC COMFORT<\/p>\n<p>Pa&scaron;piep\u016b&scaron;amais matracis ar liel\u0101ku platumu, garumu un biezumu, kas nodro&scaron;ina liel\u0101ku komfortu.<\/p>\n<h4 class=\"table_title\">\u012apa&scaron;\u012bbas un materi\u0101li<\/h4>\n<table class=\"spec\" border=\"0\">\n<tbody>\n<tr>\n<td>Izm\u0113rs (cm)<\/td>\n<td>198x63x5<\/td>\n<\/tr>\n<tr>\n<td>Izm\u0113rs salikt\u0101 veid\u0101 (cm)<\/td>\n<td>17&#215;66<\/td>\n<\/tr>\n<tr>\n<td>Svars (kg)<\/td>\n<td>2,2<\/td>\n<\/tr>\n<tr>\n<td>Materi\u0101ls<\/td>\n<td>150D Oxford Poliesters\/ Ventils &#8211; bronza ar plastmasas v\u0101ci\u0146u<\/td>\n<\/tr>\n<\/tbody>\n<\/table>\n","protected":false},"excerpt":{"rendered":"<p>Pa&scaron;piep\u016b&scaron;amais matracis Norfin ATLANTIC COMFORT Pa&scaron;piep\u016b&scaron;amais matracis ar liel\u0101ku platumu, garumu un biezumu, kas nodro&scaron;ina liel\u0101ku komfortu. \u012apa&scaron;\u012bbas un materi\u0101li Izm\u0113rs (cm) 198x63x5 Izm\u0113rs salikt\u0101 veid\u0101 (cm) 17&#215;66 Svars (kg) 2,2 Materi\u0101ls 150D Oxford Poliesters\/ Ventils &#8211; bronza ar plastmasas v\u0101ci\u0146u<\/p>\n","protected":false},"featured_media":0,"template":"","meta":[],"product_brand":[],"product_cat":[4558,4663,4772],"product_tag":[],"class_list":{"0":"post-76480","1":"product","2":"type-product","3":"status-publish","5":"product_cat-for-tourism-recreation","6":"product_cat-mattresses-and-travel-mats-for-tourism-recreation","7":"product_cat-self-inflating-mattresses-mattresses-and-travel-mats-for-tourism-recreation","9":"first","10":"instock","11":"shipping-taxable","12":"purchasable","13":"product-type-simple"},"_links":{"self":[{"href":"https:\/\/sezona.lv\/en\/wp-json\/wp\/v2\/product\/76480","targetHints":{"allow":["GET"]}}],"collection":[{"href":"https:\/\/sezona.lv\/en\/wp-json\/wp\/v2\/product"}],"about":[{"href":"https:\/\/sezona.lv\/en\/wp-json\/wp\/v2\/types\/product"}],"wp:attachment":[{"href":"https:\/\/sezona.lv\/en\/wp-json\/wp\/v2\/media?parent=76480"}],"wp:term":[{"taxonomy":"product_brand","embeddable":true,"href":"https:\/\/sezona.lv\/en\/wp-json\/wp\/v2\/product_brand?post=76480"},{"taxonomy":"product_cat","embeddable":true,"href":"https:\/\/sezona.lv\/en\/wp-json\/wp\/v2\/product_cat?post=76480"},{"taxonomy":"product_tag","embeddable":true,"href":"https:\/\/sezona.lv\/en\/wp-json\/wp\/v2\/product_tag?post=76480"}],"curies":[{"name":"wp","href":"https:\/\/api.w.org\/{rel}","templated":true}]}}