{"id":76482,"date":"2025-07-11T15:48:21","date_gmt":"2025-07-11T12:48:21","guid":{"rendered":"https:\/\/demo8.ecube.lv\/sezona.lv\/products\/termosoma-norfin-luiro-l\/"},"modified":"2025-07-14T14:51:51","modified_gmt":"2025-07-14T11:51:51","slug":"termosoma-norfin-luiro-l","status":"publish","type":"product","link":"https:\/\/sezona.lv\/en\/products\/termosoma-norfin-luiro-l\/","title":{"rendered":"Termosoma Norfin LUIRO-L"},"content":{"rendered":"<p>Vieglas lieto&scaron;anas termosoma p\u0101rtikai ar \u0113rtiem rokturiem, regul\u0113jamu  pleca lenci un 5 kabat\u0101m (divas ar r\u0101v\u0113jsl\u0113dz\u0113jiem). \u013boti kompakta, kad  saloc\u012bta.<\/p>\n<h4 class=\"table_title\">\u012apa&scaron;\u012bbas un materi\u0101li<\/h4>\n<table class=\"spec\" border=\"0\">\n<tbody>\n<tr>\n<td>Izm\u0113rs (cm)<\/td>\n<td>44x32x32<\/td>\n<\/tr>\n<tr>\n<td>Svars (kg)<\/td>\n<td>1,6<\/td>\n<\/tr>\n<tr>\n<td>Materi\u0101ls<\/td>\n<td>600D poliesters, PEVA odere<\/td>\n<\/tr>\n<\/tbody>\n<\/table>\n","protected":false},"excerpt":{"rendered":"<p>Vieglas lieto&scaron;anas termosoma p\u0101rtikai ar \u0113rtiem rokturiem, regul\u0113jamu pleca lenci un 5 kabat\u0101m (divas ar r\u0101v\u0113jsl\u0113dz\u0113jiem). \u013boti kompakta, kad saloc\u012bta. \u012apa&scaron;\u012bbas un materi\u0101li Izm\u0113rs (cm) 44x32x32 Svars (kg) 1,6 Materi\u0101ls 600D poliesters, PEVA odere<\/p>\n","protected":false},"featured_media":61600,"template":"","meta":[],"product_brand":[],"product_cat":[4558,4571,4766],"product_tag":[],"class_list":{"0":"post-76482","1":"product","2":"type-product","3":"status-publish","4":"has-post-thumbnail","6":"product_cat-for-tourism-recreation","7":"product_cat-dishes-knives-folding-tables-for-tourism-recreation","8":"product_cat-cold-boxes-dishes-knives-folding-tables-for-tourism-recreation","10":"first","11":"instock","12":"shipping-taxable","13":"purchasable","14":"product-type-simple"},"_links":{"self":[{"href":"https:\/\/sezona.lv\/en\/wp-json\/wp\/v2\/product\/76482","targetHints":{"allow":["GET"]}}],"collection":[{"href":"https:\/\/sezona.lv\/en\/wp-json\/wp\/v2\/product"}],"about":[{"href":"https:\/\/sezona.lv\/en\/wp-json\/wp\/v2\/types\/product"}],"wp:featuredmedia":[{"embeddable":true,"href":"https:\/\/sezona.lv\/en\/wp-json\/wp\/v2\/media\/61600"}],"wp:attachment":[{"href":"https:\/\/sezona.lv\/en\/wp-json\/wp\/v2\/media?parent=76482"}],"wp:term":[{"taxonomy":"product_brand","embeddable":true,"href":"https:\/\/sezona.lv\/en\/wp-json\/wp\/v2\/product_brand?post=76482"},{"taxonomy":"product_cat","embeddable":true,"href":"https:\/\/sezona.lv\/en\/wp-json\/wp\/v2\/product_cat?post=76482"},{"taxonomy":"product_tag","embeddable":true,"href":"https:\/\/sezona.lv\/en\/wp-json\/wp\/v2\/product_tag?post=76482"}],"curies":[{"name":"wp","href":"https:\/\/api.w.org\/{rel}","templated":true}]}}