{"id":76483,"date":"2025-07-11T15:48:22","date_gmt":"2025-07-11T12:48:22","guid":{"rendered":"https:\/\/demo8.ecube.lv\/sezona.lv\/products\/saliekamais-galds-norfin-gaula-m\/"},"modified":"2025-07-14T14:51:52","modified_gmt":"2025-07-14T11:51:52","slug":"saliekamais-galds-norfin-gaula-m","status":"publish","type":"product","link":"https:\/\/sezona.lv\/en\/products\/saliekamais-galds-norfin-gaula-m\/","title":{"rendered":"Saliekamais galds Norfin GAULA-M"},"content":{"rendered":"<p>Viegls un iztur\u012bgs saliekams galds, kura r\u0101mis izgatavots no alum\u012bnija un virsma no MDF. \u013boti \u0113rti saliekams.<\/p>\n<h4 class=\"table_title\">\u012apa&scaron;\u012bbas un materi\u0101li<\/h4>\n<table class=\"spec\" border=\"0\">\n<tbody>\n<tr>\n<td>Izm\u0113rs (cm)<\/td>\n<td>90x60x30\/70<\/td>\n<\/tr>\n<tr>\n<td>Izm\u0113rs salikt\u0101 veid\u0101 (cm)<\/td>\n<td>60x6x45<\/td>\n<\/tr>\n<tr>\n<td>Svars (kg)<\/td>\n<td>4<\/td>\n<\/tr>\n<tr>\n<td>Maksim\u0101l\u0101 nestsp\u0113ja (kg)<\/td>\n<td>30<\/td>\n<\/tr>\n<tr>\n<td>Materi\u0101ls<\/td>\n<td>alum\u012bnijs 25 mm, MDF<\/td>\n<\/tr>\n<\/tbody>\n<\/table>\n","protected":false},"excerpt":{"rendered":"<p>Viegls un iztur\u012bgs saliekams galds, kura r\u0101mis izgatavots no alum\u012bnija un virsma no MDF. \u013boti \u0113rti saliekams. \u012apa&scaron;\u012bbas un materi\u0101li Izm\u0113rs (cm) 90x60x30\/70 Izm\u0113rs salikt\u0101 veid\u0101 (cm) 60x6x45 Svars (kg) 4 Maksim\u0101l\u0101 nestsp\u0113ja (kg) 30 Materi\u0101ls alum\u012bnijs 25 mm, MDF<\/p>\n","protected":false},"featured_media":0,"template":"","meta":[],"product_brand":[],"product_cat":[4558,4571,4764],"product_tag":[],"class_list":{"0":"post-76483","1":"product","2":"type-product","3":"status-publish","5":"product_cat-for-tourism-recreation","6":"product_cat-dishes-knives-folding-tables-for-tourism-recreation","7":"product_cat-folding-tables-dishes-knives-folding-tables-for-tourism-recreation","9":"first","10":"instock","11":"shipping-taxable","12":"purchasable","13":"product-type-simple"},"_links":{"self":[{"href":"https:\/\/sezona.lv\/en\/wp-json\/wp\/v2\/product\/76483","targetHints":{"allow":["GET"]}}],"collection":[{"href":"https:\/\/sezona.lv\/en\/wp-json\/wp\/v2\/product"}],"about":[{"href":"https:\/\/sezona.lv\/en\/wp-json\/wp\/v2\/types\/product"}],"wp:attachment":[{"href":"https:\/\/sezona.lv\/en\/wp-json\/wp\/v2\/media?parent=76483"}],"wp:term":[{"taxonomy":"product_brand","embeddable":true,"href":"https:\/\/sezona.lv\/en\/wp-json\/wp\/v2\/product_brand?post=76483"},{"taxonomy":"product_cat","embeddable":true,"href":"https:\/\/sezona.lv\/en\/wp-json\/wp\/v2\/product_cat?post=76483"},{"taxonomy":"product_tag","embeddable":true,"href":"https:\/\/sezona.lv\/en\/wp-json\/wp\/v2\/product_tag?post=76483"}],"curies":[{"name":"wp","href":"https:\/\/api.w.org\/{rel}","templated":true}]}}