{"id":76484,"date":"2025-07-11T15:48:24","date_gmt":"2025-07-11T12:48:24","guid":{"rendered":"https:\/\/demo8.ecube.lv\/sezona.lv\/products\/saliekamais-galds-norfin-gaula-l\/"},"modified":"2025-07-14T14:51:53","modified_gmt":"2025-07-14T11:51:53","slug":"saliekamais-galds-norfin-gaula-l","status":"publish","type":"product","link":"https:\/\/sezona.lv\/en\/products\/saliekamais-galds-norfin-gaula-l\/","title":{"rendered":"Saliekamais galds Norfin GAULA-L"},"content":{"rendered":"<p>Viegls un iztur\u012bgs saliekams galds, kura r\u0101mis izgatavots no alum\u012bnija un virsma no MDF. \u013boti \u0113rti saliekams.<\/p>\n<h4 class=\"table_title\">\u012apa&scaron;\u012bbas un materi\u0101li<\/h4>\n<table class=\"spec\" border=\"0\">\n<tbody>\n<tr>\n<td>Izm\u0113rs (cm)<\/td>\n<td>120x60x30\/71<\/td>\n<\/tr>\n<tr>\n<td>Izm\u0113rs salikt\u0101 veid\u0101 (cm)<\/td>\n<td>56x56x6,5<\/td>\n<\/tr>\n<tr>\n<td>Svars (kg)<\/td>\n<td>4,5<\/td>\n<\/tr>\n<tr>\n<td>Maksim\u0101l\u0101 nestsp\u0113ja (kg)<\/td>\n<td>30<\/td>\n<\/tr>\n<tr>\n<td>Materi\u0101ls<\/td>\n<td>alum\u012bnijs 25 mm, MDF<\/td>\n<\/tr>\n<\/tbody>\n<\/table>\n","protected":false},"excerpt":{"rendered":"<p>Viegls un iztur\u012bgs saliekams galds, kura r\u0101mis izgatavots no alum\u012bnija un virsma no MDF. \u013boti \u0113rti saliekams. \u012apa&scaron;\u012bbas un materi\u0101li Izm\u0113rs (cm) 120x60x30\/71 Izm\u0113rs salikt\u0101 veid\u0101 (cm) 56x56x6,5 Svars (kg) 4,5 Maksim\u0101l\u0101 nestsp\u0113ja (kg) 30 Materi\u0101ls alum\u012bnijs 25 mm, MDF<\/p>\n","protected":false},"featured_media":61606,"template":"","meta":[],"product_brand":[],"product_cat":[4558,4571,4764],"product_tag":[],"class_list":{"0":"post-76484","1":"product","2":"type-product","3":"status-publish","4":"has-post-thumbnail","6":"product_cat-for-tourism-recreation","7":"product_cat-dishes-knives-folding-tables-for-tourism-recreation","8":"product_cat-folding-tables-dishes-knives-folding-tables-for-tourism-recreation","10":"first","11":"instock","12":"shipping-taxable","13":"purchasable","14":"product-type-simple"},"_links":{"self":[{"href":"https:\/\/sezona.lv\/en\/wp-json\/wp\/v2\/product\/76484","targetHints":{"allow":["GET"]}}],"collection":[{"href":"https:\/\/sezona.lv\/en\/wp-json\/wp\/v2\/product"}],"about":[{"href":"https:\/\/sezona.lv\/en\/wp-json\/wp\/v2\/types\/product"}],"wp:featuredmedia":[{"embeddable":true,"href":"https:\/\/sezona.lv\/en\/wp-json\/wp\/v2\/media\/61606"}],"wp:attachment":[{"href":"https:\/\/sezona.lv\/en\/wp-json\/wp\/v2\/media?parent=76484"}],"wp:term":[{"taxonomy":"product_brand","embeddable":true,"href":"https:\/\/sezona.lv\/en\/wp-json\/wp\/v2\/product_brand?post=76484"},{"taxonomy":"product_cat","embeddable":true,"href":"https:\/\/sezona.lv\/en\/wp-json\/wp\/v2\/product_cat?post=76484"},{"taxonomy":"product_tag","embeddable":true,"href":"https:\/\/sezona.lv\/en\/wp-json\/wp\/v2\/product_tag?post=76484"}],"curies":[{"name":"wp","href":"https:\/\/api.w.org\/{rel}","templated":true}]}}