{"id":76485,"date":"2025-07-11T15:48:28","date_gmt":"2025-07-11T12:48:28","guid":{"rendered":"https:\/\/demo8.ecube.lv\/sezona.lv\/products\/saliekamais-galds-norfin-runn\/"},"modified":"2025-07-14T14:51:54","modified_gmt":"2025-07-14T11:51:54","slug":"saliekamais-galds-norfin-runn","status":"publish","type":"product","link":"https:\/\/sezona.lv\/en\/products\/saliekamais-galds-norfin-runn\/","title":{"rendered":"Saliekamais galds Norfin RUNN"},"content":{"rendered":"<p>\u013boti \u0113rts piknika komplekts, ar galdu un \u010detriem kr\u0113sliem. &nbsp;&Scaron;os kr\u0113slus  ir iesp\u0113jams savietot aizveram\u0101 galda virsm\u0101, kas ir \u013coti paroc\u012bgi &scaron;\u012b  komplekta p\u0101rvieto&scaron;anai.<\/p>\n<h4 class=\"table_title\">\u012apa&scaron;\u012bbas un materi\u0101li<\/h4>\n<table class=\"spec\" border=\"0\">\n<tbody>\n<tr>\n<td>Izm\u0113rs (cm)<\/td>\n<td>120x60x70<\/td>\n<\/tr>\n<tr>\n<td>Izm\u0113rs salikt\u0101 veid\u0101 (cm)<\/td>\n<td>60x60x8<\/td>\n<\/tr>\n<tr>\n<td>Svars (kg)<\/td>\n<td>7,6<\/td>\n<\/tr>\n<tr>\n<td>Maksim\u0101l\u0101 nestsp\u0113ja (kg)<\/td>\n<td>30 galdam, 90 kr\u0113sliem<\/td>\n<\/tr>\n<tr>\n<td>Materi\u0101ls<\/td>\n<td>alum\u012bnijs 25\u044522 \u043c\u043c, MDF, 600D poliesters<\/td>\n<\/tr>\n<\/tbody>\n<\/table>\n","protected":false},"excerpt":{"rendered":"<p>\u013boti \u0113rts piknika komplekts, ar galdu un \u010detriem kr\u0113sliem. &nbsp;&Scaron;os kr\u0113slus ir iesp\u0113jams savietot aizveram\u0101 galda virsm\u0101, kas ir \u013coti paroc\u012bgi &scaron;\u012b komplekta p\u0101rvieto&scaron;anai. \u012apa&scaron;\u012bbas un materi\u0101li Izm\u0113rs (cm) 120x60x70 Izm\u0113rs salikt\u0101 veid\u0101 (cm) 60x60x8 Svars (kg) 7,6 Maksim\u0101l\u0101 nestsp\u0113ja (kg) 30 galdam, 90 kr\u0113sliem Materi\u0101ls alum\u012bnijs 25\u044522 \u043c\u043c, MDF, 600D poliesters<\/p>\n","protected":false},"featured_media":0,"template":"","meta":[],"product_brand":[],"product_cat":[4558,4571,4764],"product_tag":[],"class_list":{"0":"post-76485","1":"product","2":"type-product","3":"status-publish","5":"product_cat-for-tourism-recreation","6":"product_cat-dishes-knives-folding-tables-for-tourism-recreation","7":"product_cat-folding-tables-dishes-knives-folding-tables-for-tourism-recreation","9":"first","10":"instock","11":"shipping-taxable","12":"purchasable","13":"product-type-simple"},"_links":{"self":[{"href":"https:\/\/sezona.lv\/en\/wp-json\/wp\/v2\/product\/76485","targetHints":{"allow":["GET"]}}],"collection":[{"href":"https:\/\/sezona.lv\/en\/wp-json\/wp\/v2\/product"}],"about":[{"href":"https:\/\/sezona.lv\/en\/wp-json\/wp\/v2\/types\/product"}],"wp:attachment":[{"href":"https:\/\/sezona.lv\/en\/wp-json\/wp\/v2\/media?parent=76485"}],"wp:term":[{"taxonomy":"product_brand","embeddable":true,"href":"https:\/\/sezona.lv\/en\/wp-json\/wp\/v2\/product_brand?post=76485"},{"taxonomy":"product_cat","embeddable":true,"href":"https:\/\/sezona.lv\/en\/wp-json\/wp\/v2\/product_cat?post=76485"},{"taxonomy":"product_tag","embeddable":true,"href":"https:\/\/sezona.lv\/en\/wp-json\/wp\/v2\/product_tag?post=76485"}],"curies":[{"name":"wp","href":"https:\/\/api.w.org\/{rel}","templated":true}]}}