{"id":76486,"date":"2025-07-11T15:48:29","date_gmt":"2025-07-11T12:48:29","guid":{"rendered":"https:\/\/demo8.ecube.lv\/sezona.lv\/products\/saliekamais-kresls-norfin-raisio-nf\/"},"modified":"2025-07-14T14:51:55","modified_gmt":"2025-07-14T11:51:55","slug":"saliekamais-kresls-norfin-raisio-nf","status":"publish","type":"product","link":"https:\/\/sezona.lv\/en\/products\/saliekamais-kresls-norfin-raisio-nf\/","title":{"rendered":"Saliekamais kr\u0113sls Norfin Raisio NF"},"content":{"rendered":"<p>Saliekams kr\u0113sls ar elpojo&scaron;u materi\u0101lu, lai nodro&scaron;in\u0101tu komfortu karst\u0101  vasaras dien\u0101. &nbsp;Kr\u0113sla roku balst\u0101 integr\u0113ts dz\u0113riena tur\u0113t\u0101js.<\/p>\n<h4 class=\"table_title\">\u012apa&scaron;\u012bbas un materi\u0101li<\/h4>\n<table class=\"spec\" border=\"0\">\n<tbody>\n<tr>\n<td>Izm\u0113rs (cm)<\/td>\n<td>54x42x43\/95<\/td>\n<\/tr>\n<tr>\n<td>Izm\u0113rs salikt\u0101 veid\u0101 (cm)<\/td>\n<td>23x22x93<\/td>\n<\/tr>\n<tr>\n<td>Svars (kg)<\/td>\n<td>2,6<\/td>\n<\/tr>\n<tr>\n<td>Maksim\u0101l\u0101 nestsp\u0113ja (kg)<\/td>\n<td>100<\/td>\n<\/tr>\n<tr>\n<td>Materi\u0101ls<\/td>\n<td>600D poliesters<\/td>\n<\/tr>\n<tr>\n<td>Konstrukcija<\/td>\n<td>T\u0113rauds 16 mm<\/td>\n<\/tr>\n<\/tbody>\n<\/table>\n","protected":false},"excerpt":{"rendered":"<p>Saliekams kr\u0113sls ar elpojo&scaron;u materi\u0101lu, lai nodro&scaron;in\u0101tu komfortu karst\u0101 vasaras dien\u0101. &nbsp;Kr\u0113sla roku balst\u0101 integr\u0113ts dz\u0113riena tur\u0113t\u0101js. \u012apa&scaron;\u012bbas un materi\u0101li Izm\u0113rs (cm) 54x42x43\/95 Izm\u0113rs salikt\u0101 veid\u0101 (cm) 23x22x93 Svars (kg) 2,6 Maksim\u0101l\u0101 nestsp\u0113ja (kg) 100 Materi\u0101ls 600D poliesters Konstrukcija T\u0113rauds 16 mm<\/p>\n","protected":false},"featured_media":0,"template":"","meta":[],"product_brand":[],"product_cat":[4558,4679],"product_tag":[],"class_list":{"0":"post-76486","1":"product","2":"type-product","3":"status-publish","5":"product_cat-for-tourism-recreation","6":"product_cat-folding-chairs-camp-beds-for-tourism-recreation","8":"first","9":"instock","10":"shipping-taxable","11":"purchasable","12":"product-type-simple"},"_links":{"self":[{"href":"https:\/\/sezona.lv\/en\/wp-json\/wp\/v2\/product\/76486","targetHints":{"allow":["GET"]}}],"collection":[{"href":"https:\/\/sezona.lv\/en\/wp-json\/wp\/v2\/product"}],"about":[{"href":"https:\/\/sezona.lv\/en\/wp-json\/wp\/v2\/types\/product"}],"wp:attachment":[{"href":"https:\/\/sezona.lv\/en\/wp-json\/wp\/v2\/media?parent=76486"}],"wp:term":[{"taxonomy":"product_brand","embeddable":true,"href":"https:\/\/sezona.lv\/en\/wp-json\/wp\/v2\/product_brand?post=76486"},{"taxonomy":"product_cat","embeddable":true,"href":"https:\/\/sezona.lv\/en\/wp-json\/wp\/v2\/product_cat?post=76486"},{"taxonomy":"product_tag","embeddable":true,"href":"https:\/\/sezona.lv\/en\/wp-json\/wp\/v2\/product_tag?post=76486"}],"curies":[{"name":"wp","href":"https:\/\/api.w.org\/{rel}","templated":true}]}}