{"id":76487,"date":"2025-07-11T15:48:30","date_gmt":"2025-07-11T12:48:30","guid":{"rendered":"https:\/\/demo8.ecube.lv\/sezona.lv\/products\/sigma-pc-22-13-pulsometrs-sieviesu-peleks-22130\/"},"modified":"2025-07-14T14:51:56","modified_gmt":"2025-07-14T11:51:56","slug":"sigma-pc-22-13-pulsometrs-sieviesu-peleks-22130","status":"publish","type":"product","link":"https:\/\/sezona.lv\/en\/products\/sigma-pc-22-13-pulsometrs-sieviesu-peleks-22130\/","title":{"rendered":"Sigma PC 22.13 pulsometrs, sievie\u0161u, pel\u0113ks (22130)"},"content":{"rendered":"<p>Ide\u0101ls sirds ritma monitors apm\u0101c\u012bbu stadij\u0101!<\/p>\n<p>M\u0101c\u012bbu laik\u0101, j\u016bs varat redz\u0113t pa&scaron;reiz\u0113jo pulsu un kop\u0113jo kaloriju pat\u0113ri\u0146u. Pulsometra darb\u012bba ir \u013coti vienk\u0101r&scaron;a, izmantojot tikai divas pogas. Speci\u0101li izstr\u0101d\u0101ti da\u017e\u0101di mode\u013ci sieviet\u0113m un v\u012brie&scaron;iem.<\/p>\n<ul>\n<li>Digit\u0101li kod\u0113ta bezvadu datu p\u0101rraide;<\/li>\n<li>Viegli las\u0101ms displejs ar lieliem skait\u013ciem un piktogramm\u0101m;<\/li>\n<li>Automatiz\u0113t\u0101 funkcija, lai apr\u0113\u0137in\u0101tu m\u0113r\u0137a zonu;<\/li>\n<li>Viena regul\u0113jama m\u0113r\u0137a zona ;<\/li>\n<li>Kaloriju skait\u012bt\u0101js;<\/li>\n<li>Displeja apgaismojums;<\/li>\n<li>Pogu blo\u0137\u0113&scaron;ana;<\/li>\n<li>ECG;<\/li>\n<li>\u016adensnecaurlaid\u012bgs<\/li>\n<\/ul>\n<ul>\n<\/ul>\n","protected":false},"excerpt":{"rendered":"<p>Ide\u0101ls sirds ritma monitors apm\u0101c\u012bbu stadij\u0101! M\u0101c\u012bbu laik\u0101, j\u016bs varat redz\u0113t pa&scaron;reiz\u0113jo pulsu un kop\u0113jo kaloriju pat\u0113ri\u0146u. Pulsometra darb\u012bba ir \u013coti vienk\u0101r&scaron;a, izmantojot tikai divas pogas. Speci\u0101li izstr\u0101d\u0101ti da\u017e\u0101di mode\u013ci sieviet\u0113m un v\u012brie&scaron;iem. Digit\u0101li kod\u0113ta bezvadu datu p\u0101rraide; Viegli las\u0101ms displejs ar lieliem skait\u013ciem un piktogramm\u0101m; Automatiz\u0113t\u0101 funkcija, lai apr\u0113\u0137in\u0101tu m\u0113r\u0137a zonu; Viena regul\u0113jama m\u0113r\u0137a [&hellip;]<\/p>\n","protected":false},"featured_media":0,"template":"","meta":[],"product_brand":[],"product_cat":[4622,4762,4782],"product_tag":[],"class_list":{"0":"post-76487","1":"product","2":"type-product","3":"status-publish","5":"product_cat-watches-heart-rate-monitors-navigation-watches-radios","6":"product_cat-sigma-2-watches-heart-rate-monitors-navigation-watches-radios","7":"product_cat-navigation-watches-radios-recreation","9":"first","10":"instock","11":"shipping-taxable","12":"purchasable","13":"product-type-simple"},"_links":{"self":[{"href":"https:\/\/sezona.lv\/en\/wp-json\/wp\/v2\/product\/76487","targetHints":{"allow":["GET"]}}],"collection":[{"href":"https:\/\/sezona.lv\/en\/wp-json\/wp\/v2\/product"}],"about":[{"href":"https:\/\/sezona.lv\/en\/wp-json\/wp\/v2\/types\/product"}],"wp:attachment":[{"href":"https:\/\/sezona.lv\/en\/wp-json\/wp\/v2\/media?parent=76487"}],"wp:term":[{"taxonomy":"product_brand","embeddable":true,"href":"https:\/\/sezona.lv\/en\/wp-json\/wp\/v2\/product_brand?post=76487"},{"taxonomy":"product_cat","embeddable":true,"href":"https:\/\/sezona.lv\/en\/wp-json\/wp\/v2\/product_cat?post=76487"},{"taxonomy":"product_tag","embeddable":true,"href":"https:\/\/sezona.lv\/en\/wp-json\/wp\/v2\/product_tag?post=76487"}],"curies":[{"name":"wp","href":"https:\/\/api.w.org\/{rel}","templated":true}]}}