{"id":76491,"date":"2025-07-11T15:48:34","date_gmt":"2025-07-11T12:48:34","guid":{"rendered":"https:\/\/demo8.ecube.lv\/sezona.lv\/products\/sigma-rc-12-09-pulsometrs-melns-25102\/"},"modified":"2025-07-14T14:51:59","modified_gmt":"2025-07-14T11:51:59","slug":"sigma-rc-12-09-pulsometrs-melns-25102","status":"publish","type":"product","link":"https:\/\/sezona.lv\/en\/products\/sigma-rc-12-09-pulsometrs-melns-25102\/","title":{"rendered":"Sigma RC 12.09 pulsometrs, melns (25102)"},"content":{"rendered":"<p>Profesion\u0101liem skrie&scaron;anas treni\u0146iem. Jaun\u0101 SIGMA RC 12.09 ierakst\u012bs visu galveno treni\u0146u inform\u0101ciju &#8211; treni\u0146u laiku, noskrietos kilometrus, pulsu un \u0101trumu. Viss nepiecie&scaron;amais \u012bstam skr\u0113j\u0113jam!<\/p>\n<div>\n<p>Papildus nav nepiecie&scaron;ami nek\u0101di k\u0101jas sensori! Lai fiks\u0113tu J\u016bsu skrie&scaron;anas \u0101trumu un veikto distanci, sensors ir iestr\u0101d\u0101ts J\u016bsu pulsometra jost\u0101.<\/p>\n<div>\n<p>\u012apa&scaron;\u012bbas:<\/p>\n<div>\n<ul>\n<li>&nbsp;Kod\u0113tais sign\u0101ls<\/li>\n<li>&nbsp;Teko&scaron;ais, vid\u0113jais un maksim\u0113lais \u0101trums<\/li>\n<li>&nbsp;Divi \u0101truma re\u017e\u012bmi km\/min vai km\/h<\/li>\n<li>&nbsp;Distance<\/li>\n<li>&nbsp;Pulss, patreiz\u0113jais, vid\u0113jais un maksim\u0101lais<\/li>\n<li>&nbsp;Baterijas nodal\u012bjums ar baterijas atsl\u0113g&scaron;anas funkciju<\/li>\n<li>&nbsp;Br\u012bvi uzst\u0101d\u0101ma treni\u0146zona<\/li>\n<li>&nbsp;Kaloriju skait\u012bt\u0101js<\/li>\n<li>&nbsp;Displeja apgaismojums<\/li>\n<li>&nbsp;\u016adensiztur\u012bgs l\u012bdz 30m<\/li>\n<li>&nbsp;Parametru saglab\u0101&scaron;ana baterijas mai\u0146as gad\u012bjum\u0101<\/li>\n<\/ul>\n<\/div>\n<\/div>\n<p>&nbsp;<\/p>\n<\/p>\n<\/div>\n<div><\/div>\n","protected":false},"excerpt":{"rendered":"<p>Profesion\u0101liem skrie&scaron;anas treni\u0146iem. Jaun\u0101 SIGMA RC 12.09 ierakst\u012bs visu galveno treni\u0146u inform\u0101ciju &#8211; treni\u0146u laiku, noskrietos kilometrus, pulsu un \u0101trumu. Viss nepiecie&scaron;amais \u012bstam skr\u0113j\u0113jam! Papildus nav nepiecie&scaron;ami nek\u0101di k\u0101jas sensori! Lai fiks\u0113tu J\u016bsu skrie&scaron;anas \u0101trumu un veikto distanci, sensors ir iestr\u0101d\u0101ts J\u016bsu pulsometra jost\u0101. \u012apa&scaron;\u012bbas: &nbsp;Kod\u0113tais sign\u0101ls &nbsp;Teko&scaron;ais, vid\u0113jais un maksim\u0113lais \u0101trums &nbsp;Divi \u0101truma re\u017e\u012bmi [&hellip;]<\/p>\n","protected":false},"featured_media":0,"template":"","meta":[],"product_brand":[],"product_cat":[4622,4762,4782],"product_tag":[],"class_list":{"0":"post-76491","1":"product","2":"type-product","3":"status-publish","5":"product_cat-watches-heart-rate-monitors-navigation-watches-radios","6":"product_cat-sigma-2-watches-heart-rate-monitors-navigation-watches-radios","7":"product_cat-navigation-watches-radios-recreation","9":"first","10":"instock","11":"shipping-taxable","12":"purchasable","13":"product-type-simple"},"_links":{"self":[{"href":"https:\/\/sezona.lv\/en\/wp-json\/wp\/v2\/product\/76491","targetHints":{"allow":["GET"]}}],"collection":[{"href":"https:\/\/sezona.lv\/en\/wp-json\/wp\/v2\/product"}],"about":[{"href":"https:\/\/sezona.lv\/en\/wp-json\/wp\/v2\/types\/product"}],"wp:attachment":[{"href":"https:\/\/sezona.lv\/en\/wp-json\/wp\/v2\/media?parent=76491"}],"wp:term":[{"taxonomy":"product_brand","embeddable":true,"href":"https:\/\/sezona.lv\/en\/wp-json\/wp\/v2\/product_brand?post=76491"},{"taxonomy":"product_cat","embeddable":true,"href":"https:\/\/sezona.lv\/en\/wp-json\/wp\/v2\/product_cat?post=76491"},{"taxonomy":"product_tag","embeddable":true,"href":"https:\/\/sezona.lv\/en\/wp-json\/wp\/v2\/product_tag?post=76491"}],"curies":[{"name":"wp","href":"https:\/\/api.w.org\/{rel}","templated":true}]}}