{"id":76492,"date":"2025-07-14T14:52:00","date_gmt":"2025-07-14T11:52:00","guid":{"rendered":"https:\/\/demo8.ecube.lv\/sezona.lv\/products\/trimm-summer-gulammaiss\/"},"modified":"2025-07-14T14:52:00","modified_gmt":"2025-07-14T11:52:00","slug":"trimm-summer-gulammaiss","status":"publish","type":"product","link":"https:\/\/sezona.lv\/en\/products\/trimm-summer-gulammaiss\/","title":{"rendered":"Trimm SUMMER gu\u013cammaiss"},"content":{"rendered":"<p>Trimm Summer gu\u013cammaiss.<\/p>\n<ul id=\"idTab2\" class=\"bullet\">\n<li><span>Svars:<\/span> 0,78kg<\/li>\n<li><span>Ra\u017eot\u0101js:<\/span> TRIMM<\/li>\n<li><span>Izm\u0113rs:<\/span> 215x85x50 cm<\/li>\n<li><span>Augsts komforts:<\/span> +11<\/li>\n<li><span>Zems komforts:<\/span> +7<\/li>\n<li><span>Riska temperat\u016bra:<\/span> -6<\/li>\n<li><span>Pild\u012bjums:<\/span> <\/li>\n<li><span>Iek&scaron;\u0113jais materi\u0101ls:<\/span> 100% sint\u0113tika<\/li>\n<li><span>Ieteicamais lietot\u0101ja garums:<\/span> 185\/195cm<\/li>\n<\/ul>\n<p>Iesp\u0113jam\u0101s kr\u0101sas: Sarkans, za\u013cs, pel\u0113ks<\/p>\n","protected":false},"excerpt":{"rendered":"<p>Trimm Summer gu\u013cammaiss. Svars: 0,78kg Ra\u017eot\u0101js: TRIMM Izm\u0113rs: 215x85x50 cm Augsts komforts: +11 Zems komforts: +7 Riska temperat\u016bra: -6 Pild\u012bjums: Iek&scaron;\u0113jais materi\u0101ls: 100% sint\u0113tika Ieteicamais lietot\u0101ja garums: 185\/195cm Iesp\u0113jam\u0101s kr\u0101sas: Sarkans, za\u013cs, pel\u0113ks<\/p>\n","protected":false},"featured_media":0,"template":"","meta":[],"product_brand":[953],"product_cat":[4558,4569,4640,4967],"product_tag":[],"class_list":{"0":"post-76492","1":"product","2":"type-product","3":"status-publish","5":"product_brand-trimm","6":"product_cat-for-tourism-recreation","7":"product_cat-sleeping-bags-for-tourism-recreation","8":"product_cat-recreation","9":"product_cat-trimm-sleeping-bags-sleeping-bags-for-tourism-recreation","11":"first","12":"instock","13":"shipping-taxable","14":"purchasable","15":"product-type-simple"},"_links":{"self":[{"href":"https:\/\/sezona.lv\/en\/wp-json\/wp\/v2\/product\/76492","targetHints":{"allow":["GET"]}}],"collection":[{"href":"https:\/\/sezona.lv\/en\/wp-json\/wp\/v2\/product"}],"about":[{"href":"https:\/\/sezona.lv\/en\/wp-json\/wp\/v2\/types\/product"}],"wp:attachment":[{"href":"https:\/\/sezona.lv\/en\/wp-json\/wp\/v2\/media?parent=76492"}],"wp:term":[{"taxonomy":"product_brand","embeddable":true,"href":"https:\/\/sezona.lv\/en\/wp-json\/wp\/v2\/product_brand?post=76492"},{"taxonomy":"product_cat","embeddable":true,"href":"https:\/\/sezona.lv\/en\/wp-json\/wp\/v2\/product_cat?post=76492"},{"taxonomy":"product_tag","embeddable":true,"href":"https:\/\/sezona.lv\/en\/wp-json\/wp\/v2\/product_tag?post=76492"}],"curies":[{"name":"wp","href":"https:\/\/api.w.org\/{rel}","templated":true}]}}