{"id":76493,"date":"2025-07-11T15:48:37","date_gmt":"2025-07-11T12:48:37","guid":{"rendered":"https:\/\/demo8.ecube.lv\/sezona.lv\/products\/auto-ledusskapis-mobicool-u26-dc\/"},"modified":"2025-07-14T14:52:01","modified_gmt":"2025-07-14T11:52:01","slug":"auto-ledusskapis-mobicool-u26-dc","status":"publish","type":"product","link":"https:\/\/sezona.lv\/en\/products\/auto-ledusskapis-mobicool-u26-dc\/","title":{"rendered":"Auto ledusskapis MOBICOOL U26 DC"},"content":{"rendered":"<p>Auto ledusskapis MOBICOOL U26 DC<\/p>\n<p>Tilpums: apm 26l<\/p>\n<p>Baro&scaron;ana: 12 V DC<\/p>\n<p>Izm\u0113ri: (LxWxH)\/weight 39.6 x 29.6 x 39.5 cm \/<\/p>\n<p>Svars:3.7 kg<\/p>\n<p>Temperat\u016bru pazemina l\u012bdz 18&deg;C no apk\u0101rt\u0113j\u0101s temperat\u016bras sald\u0113&scaron;anas re\u017e\u012bm\u0101<\/p>\n","protected":false},"excerpt":{"rendered":"<p>Auto ledusskapis MOBICOOL U26 DC Tilpums: apm 26l Baro&scaron;ana: 12 V DC Izm\u0113ri: (LxWxH)\/weight 39.6 x 29.6 x 39.5 cm \/ Svars:3.7 kg Temperat\u016bru pazemina l\u012bdz 18&deg;C no apk\u0101rt\u0113j\u0101s temperat\u016bras sald\u0113&scaron;anas re\u017e\u012bm\u0101<\/p>\n","protected":false},"featured_media":61630,"template":"","meta":[],"product_brand":[],"product_cat":[4558,4571,4766],"product_tag":[],"class_list":{"0":"post-76493","1":"product","2":"type-product","3":"status-publish","4":"has-post-thumbnail","6":"product_cat-for-tourism-recreation","7":"product_cat-dishes-knives-folding-tables-for-tourism-recreation","8":"product_cat-cold-boxes-dishes-knives-folding-tables-for-tourism-recreation","10":"first","11":"instock","12":"shipping-taxable","13":"purchasable","14":"product-type-simple"},"_links":{"self":[{"href":"https:\/\/sezona.lv\/en\/wp-json\/wp\/v2\/product\/76493","targetHints":{"allow":["GET"]}}],"collection":[{"href":"https:\/\/sezona.lv\/en\/wp-json\/wp\/v2\/product"}],"about":[{"href":"https:\/\/sezona.lv\/en\/wp-json\/wp\/v2\/types\/product"}],"wp:featuredmedia":[{"embeddable":true,"href":"https:\/\/sezona.lv\/en\/wp-json\/wp\/v2\/media\/61630"}],"wp:attachment":[{"href":"https:\/\/sezona.lv\/en\/wp-json\/wp\/v2\/media?parent=76493"}],"wp:term":[{"taxonomy":"product_brand","embeddable":true,"href":"https:\/\/sezona.lv\/en\/wp-json\/wp\/v2\/product_brand?post=76493"},{"taxonomy":"product_cat","embeddable":true,"href":"https:\/\/sezona.lv\/en\/wp-json\/wp\/v2\/product_cat?post=76493"},{"taxonomy":"product_tag","embeddable":true,"href":"https:\/\/sezona.lv\/en\/wp-json\/wp\/v2\/product_tag?post=76493"}],"curies":[{"name":"wp","href":"https:\/\/api.w.org\/{rel}","templated":true}]}}