{"id":76494,"date":"2025-07-11T15:48:38","date_gmt":"2025-07-11T12:48:38","guid":{"rendered":"https:\/\/demo8.ecube.lv\/sezona.lv\/products\/salmo-elite-jig-60-spinings-4101-240\/"},"modified":"2025-07-14T14:52:02","modified_gmt":"2025-07-14T11:52:02","slug":"salmo-elite-jig-60-spinings-4101-240","status":"publish","type":"product","link":"https:\/\/sezona.lv\/en\/products\/salmo-elite-jig-60-spinings-4101-240\/","title":{"rendered":"Salmo Elite Jig 60 spinings (4101-240)"},"content":{"rendered":"<p>Spiningu s\u0113rija ar \u0101tru akciju, paredz\u0113ts izmanto&scaron;anai ar  d\u017eig-m\u0101nek\u013ciem. Ra\u017eots no IM7 graf\u012bta ar Over Steek savienojumu.  Apr\u012bkots ar viegliem auklas caurlaides ri\u0146\u0137iem ar SIC ielikt\u0146iem.  Rokturis no sint\u0113tiska EVA materi\u0101la &#8211; iztur\u012bga, pat\u012bkama un dro&scaron;a  materi\u0101la. Dal\u012btais rokturis samazina spininga svaru.<\/p>\n<p> &bull; Materi\u0101ls &ndash; og\u013c&scaron;\u0137iedra (graf\u012bts) IM7 <br \/> &bull; \u0101tra akcija<br \/> &bull; Spininga klase H<br \/> &bull; &Scaron;tekera tipa savienojums, Over Steek<\/p>\n<p> Auklas caurlaides ri\u0146\u0137i:<br \/> &#8211; ar SIC ielikt\u0146iem<br \/> &#8211; izvietojums p\u0113c jaun\u0101s koncepcijas<\/p>\n<p> &bull; Rokturis EVA, dal\u012btais<br \/> &bull; Skr\u016bves tipa spoles fiksators, cilpa m\u0101nek\u013cu stiprin\u0101&scaron;anai<\/p>\n<p> Svars (g) 172<br \/> Garums (m) 2.40<br \/> Transp. garums (cm) 125<br \/> Sekciju skaits 2<br \/> Tests (g) 15-60 gr<\/p>\n","protected":false},"excerpt":{"rendered":"<p>Spiningu s\u0113rija ar \u0101tru akciju, paredz\u0113ts izmanto&scaron;anai ar d\u017eig-m\u0101nek\u013ciem. Ra\u017eots no IM7 graf\u012bta ar Over Steek savienojumu. Apr\u012bkots ar viegliem auklas caurlaides ri\u0146\u0137iem ar SIC ielikt\u0146iem. Rokturis no sint\u0113tiska EVA materi\u0101la &#8211; iztur\u012bga, pat\u012bkama un dro&scaron;a materi\u0101la. Dal\u012btais rokturis samazina spininga svaru. &bull; Materi\u0101ls &ndash; og\u013c&scaron;\u0137iedra (graf\u012bts) IM7 &bull; \u0101tra akcija &bull; Spininga klase H [&hellip;]<\/p>\n","protected":false},"featured_media":0,"template":"","meta":[],"product_brand":[894],"product_cat":[4538,4540,4551],"product_tag":[],"class_list":{"0":"post-76494","1":"product","2":"type-product","3":"status-publish","5":"product_brand-salmo","6":"product_cat-fishing-equipment-recreation","7":"product_cat-fishing-rods-fishing-equipment-recreation","8":"product_cat-spin-fishing-rods-fishing-rods-fishing-equipment-recreation","10":"first","11":"instock","12":"shipping-taxable","13":"purchasable","14":"product-type-simple"},"_links":{"self":[{"href":"https:\/\/sezona.lv\/en\/wp-json\/wp\/v2\/product\/76494","targetHints":{"allow":["GET"]}}],"collection":[{"href":"https:\/\/sezona.lv\/en\/wp-json\/wp\/v2\/product"}],"about":[{"href":"https:\/\/sezona.lv\/en\/wp-json\/wp\/v2\/types\/product"}],"wp:attachment":[{"href":"https:\/\/sezona.lv\/en\/wp-json\/wp\/v2\/media?parent=76494"}],"wp:term":[{"taxonomy":"product_brand","embeddable":true,"href":"https:\/\/sezona.lv\/en\/wp-json\/wp\/v2\/product_brand?post=76494"},{"taxonomy":"product_cat","embeddable":true,"href":"https:\/\/sezona.lv\/en\/wp-json\/wp\/v2\/product_cat?post=76494"},{"taxonomy":"product_tag","embeddable":true,"href":"https:\/\/sezona.lv\/en\/wp-json\/wp\/v2\/product_tag?post=76494"}],"curies":[{"name":"wp","href":"https:\/\/api.w.org\/{rel}","templated":true}]}}