{"id":76496,"date":"2025-07-11T15:48:41","date_gmt":"2025-07-11T12:48:41","guid":{"rendered":"https:\/\/demo8.ecube.lv\/sezona.lv\/products\/termovela-norfin-nord\/"},"modified":"2025-07-14T14:52:06","modified_gmt":"2025-07-14T11:52:06","slug":"termovela-norfin-nord","status":"publish","type":"product","link":"https:\/\/sezona.lv\/en\/products\/termovela-norfin-nord\/","title":{"rendered":"Termove\u013ca Norfin NORD"},"content":{"rendered":"<p>Univers\u0101la termove\u013ca, kas pa&scaron;\u016bta no austas kvalit\u0101tes mikrofl\u012bsa.  M\u012bkstais un pat\u012bkamais materi\u0101ls novada lieko mitrumu un saglab\u0101 siltumu  &ndash; nodro&scaron;inot \u0137ermenim komfortu pat augstas fizisk\u0101s aktivit\u0101tes  gad\u012bjum\u0101. Zemas aktivit\u0101tes gad\u012bjum\u0101, termove\u013cu ieteicams vilkt uz  kailas miesas, bet augstas &ndash; uz pl\u0101n\u0101s termove\u013cas.<\/p>\n<ul>\n<li>M\u012bksts un pat\u012bkams materi\u0101ls<\/li>\n<li>Dro&scaron;s r\u0101v\u0113jsl\u0113dz\u0113js<\/li>\n<li>Elast\u012bga josta<\/li>\n<li>Bikses ar elast\u012bg\u0101m man&scaron;et\u0113m<\/li>\n<\/ul>\n<p>Materi\u0101ls: <strong>NORfleece Micro <\/strong>(100% <strong>poliesters<\/strong>)<\/p>\n<p><strong><br \/><\/strong><\/p>\n","protected":false},"excerpt":{"rendered":"<p>Univers\u0101la termove\u013ca, kas pa&scaron;\u016bta no austas kvalit\u0101tes mikrofl\u012bsa. M\u012bkstais un pat\u012bkamais materi\u0101ls novada lieko mitrumu un saglab\u0101 siltumu &ndash; nodro&scaron;inot \u0137ermenim komfortu pat augstas fizisk\u0101s aktivit\u0101tes gad\u012bjum\u0101. Zemas aktivit\u0101tes gad\u012bjum\u0101, termove\u013cu ieteicams vilkt uz kailas miesas, bet augstas &ndash; uz pl\u0101n\u0101s termove\u013cas. M\u012bksts un pat\u012bkams materi\u0101ls Dro&scaron;s r\u0101v\u0113jsl\u0113dz\u0113js Elast\u012bga josta Bikses ar elast\u012bg\u0101m man&scaron;et\u0113m Materi\u0101ls: [&hellip;]<\/p>\n","protected":false},"featured_media":0,"template":"","meta":[],"product_brand":[899],"product_cat":[4619,4621,4985],"product_tag":[],"class_list":{"0":"post-76496","1":"product","2":"type-product","3":"status-publish","5":"product_brand-norfin","6":"product_cat-winter-clothes-recreation","7":"product_cat-thermal-underwear-winter-clothes-recreation","8":"product_cat-norfin-thermal-underwear-thermal-underwear-winter-clothes-recreation","10":"first","11":"instock","12":"shipping-taxable","13":"purchasable","14":"product-type-simple"},"_links":{"self":[{"href":"https:\/\/sezona.lv\/en\/wp-json\/wp\/v2\/product\/76496","targetHints":{"allow":["GET"]}}],"collection":[{"href":"https:\/\/sezona.lv\/en\/wp-json\/wp\/v2\/product"}],"about":[{"href":"https:\/\/sezona.lv\/en\/wp-json\/wp\/v2\/types\/product"}],"wp:attachment":[{"href":"https:\/\/sezona.lv\/en\/wp-json\/wp\/v2\/media?parent=76496"}],"wp:term":[{"taxonomy":"product_brand","embeddable":true,"href":"https:\/\/sezona.lv\/en\/wp-json\/wp\/v2\/product_brand?post=76496"},{"taxonomy":"product_cat","embeddable":true,"href":"https:\/\/sezona.lv\/en\/wp-json\/wp\/v2\/product_cat?post=76496"},{"taxonomy":"product_tag","embeddable":true,"href":"https:\/\/sezona.lv\/en\/wp-json\/wp\/v2\/product_tag?post=76496"}],"curies":[{"name":"wp","href":"https:\/\/api.w.org\/{rel}","templated":true}]}}