{"id":76497,"date":"2025-07-11T15:48:43","date_gmt":"2025-07-11T12:48:43","guid":{"rendered":"https:\/\/demo8.ecube.lv\/sezona.lv\/products\/roku-silditajs-grabber-paris\/"},"modified":"2025-07-14T14:52:07","modified_gmt":"2025-07-14T11:52:07","slug":"roku-silditajs-grabber-paris","status":"publish","type":"product","link":"https:\/\/sezona.lv\/en\/products\/roku-silditajs-grabber-paris\/","title":{"rendered":"Roku sild\u012bt\u0101js Grabber (p\u0101ris)"},"content":{"rendered":"<p><strong>Grabber roku sild\u012bt\u0101ji, kas lieliski noder sl\u0113pot\u0101jiem, snovbordistiem, medniekiem, putnu v\u0113rot\u0101jiem, ce\u013cot\u0101jiem vai jebkuram, kam nav sve&scaron;a atp\u016bta pie dabas ziem\u0101.<\/strong><\/p>\n<p><strong>Iepakojum\u0101 p\u0101ris.<\/strong><\/p>\n<p><strong>LIETO&Scaron;ANA: <\/strong>Atveriet iepakojumu un \u013caujiet sild\u012bt\u0101jam non\u0101kt saskar\u0113 ar gaisu. Lab\u0101kam rezult\u0101tam ielieciet sild\u012bt\u0101ju kabat\u0101 vai cimda iek&scaron;pus\u0113. Siltums saglab\u0101jas 7+ stundas.<\/p>\n<p>Iedarb\u012bba s\u0101kas, non\u0101kot saskar\u0113 ar gaisu!<\/p>\n<p><strong>Iev\u0113rojot lieto&scaron;anas noteikumus, temperat\u016bra <\/strong>sasniegs vid\u0113ji 57&deg;C, maksim\u0101li sasniedzam\u0101 temperat\u016bra 69&deg;C .<\/p>\n<p><strong>NELIETOJIET SILD\u012aT\u0100JU:<\/strong><\/p>\n<ul class=\"unIndentedList\">\n<li> mazu\u013ciem, tie&scaron;i uz \u0101das, uz apsald\u0113jumiem, gul\u0113&scaron;anas laik\u0101 vai uz nej\u016bt\u012bgas \u0101das.<\/li>\n<li> Paredz\u0113ts tikai \u0101r\u012bgai lieto&scaron;anai. Nep\u0101rduriet sild\u012bt\u0101ju, k\u0101 ar\u012b nepie\u013caujiet sild\u012bt\u0101ja sast\u0101va non\u0101k&scaron;anu saskar\u0113 ar ac\u012bm vai mutes g\u013cot\u0101du. Nor\u012b&scaron;anas gad\u012bjum\u0101 konsult\u0113jieties ar \u0101rstu.<\/li>\n<\/ul>\n<p><strong>PIESARDZ\u012aBA:<\/strong><\/p>\n<ul class=\"unIndentedList\">\n<li> Ja &scaron;o produktu lieto cilv\u0113ki, kas pa&scaron;i saviem sp\u0113kiem nesp\u0113j p\u0101rtraukt t\u0101 lieto&scaron;anu, neatst\u0101jiet vi\u0146us bez uzraudz\u012bbas.<\/li>\n<li> Cilv\u0113kiem ar diab\u0113tu, sliktu asins cirkul\u0101ciju, nervu boj\u0101jumiem un paral\u012bzi nav ieteicams lietot &scaron;o produktu, iz\u0146emot gad\u012bjumu, ja tas notiek \u0101rsta uzraudz\u012bb\u0101.<\/li>\n<li> Ja &scaron;o produktu lieto b\u0113rni, neatst\u0101jiet vi\u0146us bez uzraudz\u012bbas.<\/li>\n<li> Ja, lietojot p\u0113du sild\u012bt\u0101jus, saj\u016btat p\u0101r\u0101k lielu karstumu, nekav\u0113joties p\u0101rtrauciet t\u0101 lieto&scaron;anu. Nepareizi lietots, &scaron;is produkts var izrais\u012bt apdegumus.<\/li>\n<\/ul>\n<p><strong>SAST\u0100V\u0100 IETILPST: <\/strong>dzelzs, \u016bdens, celuloze, vermikul\u012bts, akt\u012bv\u0101 ogle un s\u0101ls.<\/p>\n<p>Ra\u017eots: ASV<\/p>\n<p>&nbsp;<\/p>\n","protected":false},"excerpt":{"rendered":"<p>Grabber roku sild\u012bt\u0101ji, kas lieliski noder sl\u0113pot\u0101jiem, snovbordistiem, medniekiem, putnu v\u0113rot\u0101jiem, ce\u013cot\u0101jiem vai jebkuram, kam nav sve&scaron;a atp\u016bta pie dabas ziem\u0101. Iepakojum\u0101 p\u0101ris. LIETO&Scaron;ANA: Atveriet iepakojumu un \u013caujiet sild\u012bt\u0101jam non\u0101kt saskar\u0113 ar gaisu. Lab\u0101kam rezult\u0101tam ielieciet sild\u012bt\u0101ju kabat\u0101 vai cimda iek&scaron;pus\u0113. Siltums saglab\u0101jas 7+ stundas. Iedarb\u012bba s\u0101kas, non\u0101kot saskar\u0113 ar gaisu! Iev\u0113rojot lieto&scaron;anas noteikumus, temperat\u016bra [&hellip;]<\/p>\n","protected":false},"featured_media":61644,"template":"","meta":[],"product_brand":[],"product_cat":[4619,4793],"product_tag":[],"class_list":{"0":"post-76497","1":"product","2":"type-product","3":"status-publish","4":"has-post-thumbnail","6":"product_cat-winter-clothes-recreation","7":"product_cat-body-heaters-winter-clothes-recreation","9":"first","10":"instock","11":"shipping-taxable","12":"purchasable","13":"product-type-simple"},"_links":{"self":[{"href":"https:\/\/sezona.lv\/en\/wp-json\/wp\/v2\/product\/76497","targetHints":{"allow":["GET"]}}],"collection":[{"href":"https:\/\/sezona.lv\/en\/wp-json\/wp\/v2\/product"}],"about":[{"href":"https:\/\/sezona.lv\/en\/wp-json\/wp\/v2\/types\/product"}],"wp:featuredmedia":[{"embeddable":true,"href":"https:\/\/sezona.lv\/en\/wp-json\/wp\/v2\/media\/61644"}],"wp:attachment":[{"href":"https:\/\/sezona.lv\/en\/wp-json\/wp\/v2\/media?parent=76497"}],"wp:term":[{"taxonomy":"product_brand","embeddable":true,"href":"https:\/\/sezona.lv\/en\/wp-json\/wp\/v2\/product_brand?post=76497"},{"taxonomy":"product_cat","embeddable":true,"href":"https:\/\/sezona.lv\/en\/wp-json\/wp\/v2\/product_cat?post=76497"},{"taxonomy":"product_tag","embeddable":true,"href":"https:\/\/sezona.lv\/en\/wp-json\/wp\/v2\/product_tag?post=76497"}],"curies":[{"name":"wp","href":"https:\/\/api.w.org\/{rel}","templated":true}]}}