{"id":76498,"date":"2025-07-11T15:48:44","date_gmt":"2025-07-11T12:48:44","guid":{"rendered":"https:\/\/demo8.ecube.lv\/sezona.lv\/products\/kermena-silditajs-grabber\/"},"modified":"2025-07-14T14:52:08","modified_gmt":"2025-07-14T11:52:08","slug":"kermena-silditajs-grabber","status":"publish","type":"product","link":"https:\/\/sezona.lv\/en\/products\/kermena-silditajs-grabber\/","title":{"rendered":"\u0136erme\u0146a sild\u012bt\u0101js Grabber"},"content":{"rendered":"<p><strong>Grabber \u0137erme\u0146a sild\u012bt\u0101ji, kas lieliski noder sl\u0113pot\u0101jiem, snovbordistiem, medniekiem, putnu v\u0113rot\u0101jiem, ce\u013cot\u0101jiem vai jebkuram kam, nav sve&scaron;a atp\u016bta pie dabas ziem\u0101.<\/strong><\/p>\n<p><strong>Grabber Peel N&#8217; Stick<\/strong> \u0137erme\u0146a sild\u012bt\u0101ji ir nekait\u012bgs un dabai draudz\u012bgs siltuma avots bez izteiktas smar\u017eas, k\u0101 sast\u0101v\u0101 ietilpst tikai dabiskas un neuzliesmojo&scaron;as sast\u0101vda\u013cas.<\/p>\n<p><strong>PEEL N&#8217;STICK \u0136ERME\u0145A SILD\u012aT\u0100JU LIETO&Scaron;ANA: <\/strong><\/p>\n<p>Atveriet iepakojumu un \u013caujiet sild\u012bt\u0101jam non\u0101kt saskar\u0113 ar gaisu. Nav nepiecie&scaron;ams sakrat\u012bt. No\u0146emiet iepakojuma aizsargsl\u0101ni un piel\u012bm\u0113jiet sild\u012bt\u0101ju pie ap\u0123\u0113rba. Nelietojiet sild\u012bt\u0101ja lip\u012bgo da\u013cu tie&scaron;i uz \u0101das. Peel N&#8217;Stick \u0137erme\u0146a sild\u012bt\u0101js veidots t\u0101, lai t\u0101 temperat\u016bra pieaugtu pak\u0101peniski, sasniedzot maksim\u0101lo temperat\u016bru 20 min\u016b&scaron;u laik\u0101. Siltums saglab\u0101jas 12+ stundas. Optim\u0101l\u0101 sild\u012bt\u0101ja temperat\u016bra var at&scaron;\u0137irties atkar\u012bb\u0101 no \u0137erme\u0146a temperat\u016bras.<\/p>\n<p>Iev\u0113rojot lieto&scaron;anas noteikumus, temperat\u016bra sasniegs vid\u0113ji 53&deg;C, maksim\u0101li sasniedzam\u0101 temperat\u016bra 68&deg;C.<\/p>\n<p>&nbsp;<\/p>\n<p><strong>NELIETOT PEEL N&#8217;STICK \u0136ERME\u0145A SILD\u012aT\u0100JU: <\/strong><\/p>\n<ul class=\"unIndentedList\">\n<li> uz mazu\u013cu un b\u0113rnu ap\u0123\u0113rba, k\u0101 ar\u012b uz t\u0101du cilv\u0113ku ap\u0123\u0113rba, kas pa&scaron;i saviem sp\u0113kiem nesp\u0113s no\u0146emt Peel N&#8217;Stick \u0137erme\u0146a sild\u012bt\u0101ju, piem\u0113ram, veci cilv\u0113ki un cilv\u0113ki ar fiziskiem trauc\u0113jumiem;<\/li>\n<li> gul\u0113&scaron;anas laik\u0101;<\/li>\n<li> ja slimojat ar diab\u0113tu, jums ir slikta asins cirkul\u0101cija, nervu boj\u0101jumi vai paral\u012bze, iz\u0146emot gad\u012bjumu, ja tas notiek \u0101rsta uzraudz\u012bb\u0101;<\/li>\n<li> uz nobr\u0101ztas, piepampu&scaron;as, saplais\u0101ju&scaron;as vai boj\u0101tas \u0101das;<\/li>\n<li> uz apsald\u0113jumiem un nejut\u012bgas \u0101das;<\/li>\n<li> gr\u016btniec\u012bbas laik\u0101, nekonsult\u0113joties ar \u0101rstu;<\/li>\n<li> uz apsild\u0101m\u0101m ier\u012bc\u0113m vai kop\u0101 ar zied\u0113m, balzamiem, losjoniem vai s\u0101pju remd\u0113jo&scaron;iem zie\u017eamiem produktiem.<\/li>\n<\/ul>\n<p><strong>PIESARDZ\u012aBA:<\/strong><\/p>\n<p>Regul\u0101ri p\u0101rbaudiet \u0101du un p\u0101rtrauciet lieto&scaron;anu, ja rodas nepat\u012bkamas saj\u016btas, aps\u0101rtums vai tulznas. Ja, lietojot Peel N&#8217; Stick \u0137erme\u0146a sild\u012bt\u0101ju, saj\u016btat p\u0101r\u0101k lielu karstumu, nekav\u0113joties p\u0101rtrauciet t\u0101 lieto&scaron;anu.<\/p>\n<p>Paredz\u0113ts tikai \u0101r\u012bgai lieto&scaron;anai. Nep\u0101rduriet Peel N&#8217; Stick \u0137erme\u0146a sild\u012bt\u0101ju, k\u0101 ar\u012b nepie\u013caujiet sild\u012bt\u0101ja sast\u0101va non\u0101k&scaron;anu saskar\u0113 ar ac\u012bm vai mutes g\u013cot\u0101du. Nelietojiet sild\u012bt\u0101ju, ja tas ir boj\u0101ts. Nor\u012b&scaron;anas gad\u012bjum\u0101 konsult\u0113jieties ar \u0101rstu.<\/p>\n<p><strong>SAST\u0100V\u0100 IETILPST: <\/strong>dzelzs, \u016bdens, celuloze, vermikul\u012bts, akt\u012bv\u0101 ogle un s\u0101ls.<\/p>\n<p>Ra\u017eots: ASV<\/p>\n<p>&nbsp;<\/p>\n","protected":false},"excerpt":{"rendered":"<p>Grabber \u0137erme\u0146a sild\u012bt\u0101ji, kas lieliski noder sl\u0113pot\u0101jiem, snovbordistiem, medniekiem, putnu v\u0113rot\u0101jiem, ce\u013cot\u0101jiem vai jebkuram kam, nav sve&scaron;a atp\u016bta pie dabas ziem\u0101. Grabber Peel N&#8217; Stick \u0137erme\u0146a sild\u012bt\u0101ji ir nekait\u012bgs un dabai draudz\u012bgs siltuma avots bez izteiktas smar\u017eas, k\u0101 sast\u0101v\u0101 ietilpst tikai dabiskas un neuzliesmojo&scaron;as sast\u0101vda\u013cas. PEEL N&#8217;STICK \u0136ERME\u0145A SILD\u012aT\u0100JU LIETO&Scaron;ANA: Atveriet iepakojumu un \u013caujiet sild\u012bt\u0101jam [&hellip;]<\/p>\n","protected":false},"featured_media":61649,"template":"","meta":[],"product_brand":[],"product_cat":[4619,4793],"product_tag":[],"class_list":{"0":"post-76498","1":"product","2":"type-product","3":"status-publish","4":"has-post-thumbnail","6":"product_cat-winter-clothes-recreation","7":"product_cat-body-heaters-winter-clothes-recreation","9":"first","10":"instock","11":"shipping-taxable","12":"purchasable","13":"product-type-simple"},"_links":{"self":[{"href":"https:\/\/sezona.lv\/en\/wp-json\/wp\/v2\/product\/76498","targetHints":{"allow":["GET"]}}],"collection":[{"href":"https:\/\/sezona.lv\/en\/wp-json\/wp\/v2\/product"}],"about":[{"href":"https:\/\/sezona.lv\/en\/wp-json\/wp\/v2\/types\/product"}],"wp:featuredmedia":[{"embeddable":true,"href":"https:\/\/sezona.lv\/en\/wp-json\/wp\/v2\/media\/61649"}],"wp:attachment":[{"href":"https:\/\/sezona.lv\/en\/wp-json\/wp\/v2\/media?parent=76498"}],"wp:term":[{"taxonomy":"product_brand","embeddable":true,"href":"https:\/\/sezona.lv\/en\/wp-json\/wp\/v2\/product_brand?post=76498"},{"taxonomy":"product_cat","embeddable":true,"href":"https:\/\/sezona.lv\/en\/wp-json\/wp\/v2\/product_cat?post=76498"},{"taxonomy":"product_tag","embeddable":true,"href":"https:\/\/sezona.lv\/en\/wp-json\/wp\/v2\/product_tag?post=76498"}],"curies":[{"name":"wp","href":"https:\/\/api.w.org\/{rel}","templated":true}]}}