{"id":76501,"date":"2025-07-11T15:48:50","date_gmt":"2025-07-11T12:48:50","guid":{"rendered":"https:\/\/demo8.ecube.lv\/sezona.lv\/products\/led-dekorativas-sveces-2-gab\/"},"modified":"2025-07-14T14:52:10","modified_gmt":"2025-07-14T11:52:10","slug":"led-dekorativas-sveces-2-gab","status":"publish","type":"product","link":"https:\/\/sezona.lv\/en\/products\/led-dekorativas-sveces-2-gab\/","title":{"rendered":"LED dekorat\u012bv\u0101s sveces (2 gab.)"},"content":{"rendered":"<ul>\n<li><strong>LED dekorat\u012bv\u0101s sveces, kas ir viens no p\u0113d\u0113jiem  tehnisk\u0101 progresa sasniegumiem. T\u0101s neizkus\u012bs un nesadegs, ar t\u0101m nevar  apdedzin\u0101ties, kaut gan vizu\u0101li t\u0101s nemaz neat&scaron;\u0137iras no parastaj\u0101m  svec\u0113m. <\/strong><\/li>\n<li>LED dekorat\u012bv\u0101 svece &ndash; ori\u0123in\u0101la, maiga un romantiska d\u0101vana, kas dod pat\u012bkamu, siltu gaismu un rada jauku atmosf\u0113ru.<\/li>\n<li>Dekorot\u012bv\u0101s LED sveces nodro&scaron;in\u0101s romantisku noska\u0146ojumu Jums un J\u016bsu tuviniekiem.<\/li>\n<li>LED svece imit\u0113 \u012bstas sveces liesmu un deg ilg\u0101k nek\u0101 parast\u0101s sveces.<\/li>\n<li><strong>Par LED dekorat\u012bvo sveci:<\/strong>\n<ul>\n<li><strong>Iepakojums: <\/strong>d\u0101vanu kast\u012bte.<\/li>\n<li><strong>Komplekt\u0101cija: <\/strong>2 dekorat\u012bv\u0101s lampi\u0146as un baterijas, kas nodro&scaron;ina darb\u012bbu 200 stundas (CR2032).<\/li>\n<li><strong>Kr\u0101sa: <\/strong>spilgti dzeltena.<\/li>\n<li><strong>Materi\u0101ls<\/strong>:plastmasas korpuss.<\/li>\n<li><strong>Imit\u0113 sveces liesmu.<\/strong><\/li>\n<li><strong>Diametrs:<\/strong> 5-7,7 cm.<\/li>\n<li><strong>Baterijas iek\u013cautas komplekt\u0101.<\/strong><\/li>\n<li><strong>Dizains: <\/strong>D\u0101nija.<\/li>\n<li><strong>Ra\u017eot\u0101js:<\/strong> \u0136\u012bna.<\/li>\n<\/ul>\n<\/li>\n<\/ul>\n","protected":false},"excerpt":{"rendered":"<p>LED dekorat\u012bv\u0101s sveces, kas ir viens no p\u0113d\u0113jiem tehnisk\u0101 progresa sasniegumiem. T\u0101s neizkus\u012bs un nesadegs, ar t\u0101m nevar apdedzin\u0101ties, kaut gan vizu\u0101li t\u0101s nemaz neat&scaron;\u0137iras no parastaj\u0101m svec\u0113m. LED dekorat\u012bv\u0101 svece &ndash; ori\u0123in\u0101la, maiga un romantiska d\u0101vana, kas dod pat\u012bkamu, siltu gaismu un rada jauku atmosf\u0113ru. Dekorot\u012bv\u0101s LED sveces nodro&scaron;in\u0101s romantisku noska\u0146ojumu Jums un J\u016bsu [&hellip;]<\/p>\n","protected":false},"featured_media":61664,"template":"","meta":[],"product_brand":[],"product_cat":[4604,4609,4630],"product_tag":[],"class_list":{"0":"post-76501","1":"product","2":"type-product","3":"status-publish","4":"has-post-thumbnail","6":"product_cat-christmas-items-winter","7":"product_cat-electronic-decor-christmas-items-winter","8":"product_cat-winter-seasonal-items","10":"first","11":"instock","12":"shipping-taxable","13":"purchasable","14":"product-type-simple"},"_links":{"self":[{"href":"https:\/\/sezona.lv\/en\/wp-json\/wp\/v2\/product\/76501","targetHints":{"allow":["GET"]}}],"collection":[{"href":"https:\/\/sezona.lv\/en\/wp-json\/wp\/v2\/product"}],"about":[{"href":"https:\/\/sezona.lv\/en\/wp-json\/wp\/v2\/types\/product"}],"wp:featuredmedia":[{"embeddable":true,"href":"https:\/\/sezona.lv\/en\/wp-json\/wp\/v2\/media\/61664"}],"wp:attachment":[{"href":"https:\/\/sezona.lv\/en\/wp-json\/wp\/v2\/media?parent=76501"}],"wp:term":[{"taxonomy":"product_brand","embeddable":true,"href":"https:\/\/sezona.lv\/en\/wp-json\/wp\/v2\/product_brand?post=76501"},{"taxonomy":"product_cat","embeddable":true,"href":"https:\/\/sezona.lv\/en\/wp-json\/wp\/v2\/product_cat?post=76501"},{"taxonomy":"product_tag","embeddable":true,"href":"https:\/\/sezona.lv\/en\/wp-json\/wp\/v2\/product_tag?post=76501"}],"curies":[{"name":"wp","href":"https:\/\/api.w.org\/{rel}","templated":true}]}}