{"id":76504,"date":"2025-07-11T15:48:57","date_gmt":"2025-07-11T12:48:57","guid":{"rendered":"https:\/\/demo8.ecube.lv\/sezona.lv\/products\/pedu-silditajs-grabber-30-pari\/"},"modified":"2025-07-14T14:52:13","modified_gmt":"2025-07-14T11:52:13","slug":"pedu-silditajs-grabber-30-pari","status":"publish","type":"product","link":"https:\/\/sezona.lv\/en\/products\/pedu-silditajs-grabber-30-pari\/","title":{"rendered":"P\u0113du sild\u012bt\u0101js Grabber (30 p\u0101ri)"},"content":{"rendered":"<p><strong>Grabber p\u0113du sild\u012bt\u0101ji, kas lieliski noder sl\u0113pot\u0101jiem, snovbordistiem, medniekiem, putnu v\u0113rot\u0101jiem, ce\u013cot\u0101jiem vai jebkuram kam, nav sve&scaron;a atp\u016bta pie dabas ziem\u0101.<\/strong><\/p>\n<p><strong>Iepakojum\u0101 30 p\u0101ri.<\/strong><\/p>\n<p>Grabber p\u0113du sild\u012bt\u0101ji ir nekait\u012bgs un dabai draudz\u012bgs siltuma avots bez izteiktas smar\u017eas, k\u0101 sast\u0101v\u0101 ietilpst tikai dabiskas un neuzliesmojo&scaron;as sast\u0101vda\u013cas.<\/p>\n<p>Grabber p\u0113du sild\u012bt\u0101ji nodro&scaron;ina nosalu&scaron;as un s\u0101po&scaron;as p\u0113das ar siltumu, kas pie pareizas lieto&scaron;anas ilgst 5+ stundas. Produkts paredz\u0113ts vienreiz\u0113jai lieto&scaron;anai.<\/p>\n<p>LIETO&Scaron;ANA:<\/p>\n<p>Atveriet iepakojumu un nekav\u0113joties novietojiet zoles ieliktni uz kurpju vai z\u0101baku iek&scaron;\u0113j\u0101s zoles. P\u0113du sild\u012bt\u0101ju zoles ielikt\u0146i ir \u012bpa&scaron;i izstr\u0101d\u0101ti lieto&scaron;anai kurpju un z\u0101baku iek&scaron;pus\u0113, kur sk\u0101bek\u013ca piek\u013cuve ir ierobe\u017eota. Lietojiet tikai sl\u0113gtos apavos. Lai sasniegtu lab\u0101ku rezult\u0101tu, ievietojiet sildo&scaron;o zoles ieliktni l\u012bdz pa&scaron;am apava purngalam.<\/p>\n<p>Nesagrieziet p\u0113du sild\u012bt\u0101ju maz\u0101kos gabali\u0146os, k\u0101 ar\u012b neatdaliet aizsargsl\u0101ni. Auduma da\u013cu lieciet uz aug&scaron;u un balto pusi &#8211; uz leju.<\/p>\n<p>&nbsp;<\/p>\n<p>Iev\u0113rojot lieto&scaron;anas noteikumus, temperat\u016bra sasniegs vid\u0113ji 35&deg;C, maksim\u0101li sasniedzam\u0101 temperat\u016bra 39&deg;C .<\/p>\n<p>&nbsp;<\/p>\n<p>NELIETOT SILD\u012aT\u0100JU:<\/p>\n<ul type=\"disc\">\n<li>tie&scaron;i uz \u0101das vai pl\u0101nas trikot\u0101\u017eas<\/li>\n<\/ul>\n<ul type=\"disc\">\n<li>pludmales vai atv\u0113rta tipa apavos<\/li>\n<li>citu \u0137erme\u0146a da\u013cu sild\u012b&scaron;anai<\/li>\n<li>mazu\u013cu vai mazu b\u0113rnu apavos<\/li>\n<li>uz nobr\u0101zumiem un pampumiem<\/li>\n<li>uz apsald\u0113jumiem, k\u0101 ar\u012b uz neveselas un nejut\u012bgas \u0101das<\/li>\n<li>gul\u0113&scaron;anas laik\u0101<\/li>\n<\/ul>\n<p>&nbsp;<\/p>\n<p>PIESARDZ\u012aBA:<\/p>\n<p>Ja &scaron;o produktu lieto b\u0113rni, vec\u0101ki cilv\u0113ki, cilv\u0113ki ar fiziskiem trauc\u0113jumiem vai t\u0101di, kas pa&scaron;i saviem sp\u0113kiem nesp\u0113j p\u0101rtraukt p\u0113du sild\u012bt\u0101ju lieto&scaron;anu, neatst\u0101jiet vi\u0146us bez uzraudz\u012bbas. Cilv\u0113kiem ar diab\u0113tu, sliktu asins cirkul\u0101ciju, nervu boj\u0101jumiem vai paral\u012bzi nav ieteicams lietot &scaron;o produktu, iz\u0146emot gad\u012bjumu, ja tas notiek \u0101rsta uzraudz\u012bb\u0101. Ja, lietojot p\u0113du sild\u012bt\u0101jus, saj\u016btat p\u0101r\u0101k lielu karstumu, p\u0101rtrauciet lieto&scaron;anu. Nepareiza produkta lieto&scaron;ana var rad\u012bt apdegumus.&nbsp; Produkts nav paredz\u0113ts lieto&scaron;anai fiziskas slodzes laik\u0101, piem\u0113ram, skrienot.<\/p>\n<p>&nbsp;<\/p>\n<p>Paredz\u0113ts tikai \u0101r\u012bgai lieto&scaron;anai. Nep\u0101rduriet sild\u012bt\u0101ju, k\u0101 ar\u012b nepie\u013caujiet sild\u012bt\u0101ja sast\u0101va non\u0101k&scaron;anu saskar\u0113 ar ac\u012bm vai mutes g\u013cot\u0101du. Nor\u012b&scaron;anas gad\u012bjum\u0101 konsult\u0113jieties ar \u0101rstu.<\/p>\n<p>&nbsp;<\/p>\n<p><strong>SAST\u0100V\u0100 IETILPST:<\/strong> Dzelzs pulveris, \u016bdens, akt\u012bv\u0101 ogle, celuloze un s\u0101ls.<\/p>\n<p>Ra\u017eots: ASV<\/p>\n<p>&nbsp;<\/p>\n","protected":false},"excerpt":{"rendered":"<p>Grabber p\u0113du sild\u012bt\u0101ji, kas lieliski noder sl\u0113pot\u0101jiem, snovbordistiem, medniekiem, putnu v\u0113rot\u0101jiem, ce\u013cot\u0101jiem vai jebkuram kam, nav sve&scaron;a atp\u016bta pie dabas ziem\u0101. Iepakojum\u0101 30 p\u0101ri. Grabber p\u0113du sild\u012bt\u0101ji ir nekait\u012bgs un dabai draudz\u012bgs siltuma avots bez izteiktas smar\u017eas, k\u0101 sast\u0101v\u0101 ietilpst tikai dabiskas un neuzliesmojo&scaron;as sast\u0101vda\u013cas. Grabber p\u0113du sild\u012bt\u0101ji nodro&scaron;ina nosalu&scaron;as un s\u0101po&scaron;as p\u0113das ar siltumu, [&hellip;]<\/p>\n","protected":false},"featured_media":61681,"template":"","meta":[],"product_brand":[],"product_cat":[4619,4793],"product_tag":[],"class_list":{"0":"post-76504","1":"product","2":"type-product","3":"status-publish","4":"has-post-thumbnail","6":"product_cat-winter-clothes-recreation","7":"product_cat-body-heaters-winter-clothes-recreation","9":"first","10":"instock","11":"shipping-taxable","12":"purchasable","13":"product-type-simple"},"_links":{"self":[{"href":"https:\/\/sezona.lv\/en\/wp-json\/wp\/v2\/product\/76504","targetHints":{"allow":["GET"]}}],"collection":[{"href":"https:\/\/sezona.lv\/en\/wp-json\/wp\/v2\/product"}],"about":[{"href":"https:\/\/sezona.lv\/en\/wp-json\/wp\/v2\/types\/product"}],"wp:featuredmedia":[{"embeddable":true,"href":"https:\/\/sezona.lv\/en\/wp-json\/wp\/v2\/media\/61681"}],"wp:attachment":[{"href":"https:\/\/sezona.lv\/en\/wp-json\/wp\/v2\/media?parent=76504"}],"wp:term":[{"taxonomy":"product_brand","embeddable":true,"href":"https:\/\/sezona.lv\/en\/wp-json\/wp\/v2\/product_brand?post=76504"},{"taxonomy":"product_cat","embeddable":true,"href":"https:\/\/sezona.lv\/en\/wp-json\/wp\/v2\/product_cat?post=76504"},{"taxonomy":"product_tag","embeddable":true,"href":"https:\/\/sezona.lv\/en\/wp-json\/wp\/v2\/product_tag?post=76504"}],"curies":[{"name":"wp","href":"https:\/\/api.w.org\/{rel}","templated":true}]}}