{"id":76507,"date":"2025-07-11T15:49:05","date_gmt":"2025-07-11T12:49:05","guid":{"rendered":"https:\/\/demo8.ecube.lv\/sezona.lv\/products\/norfin-air\/"},"modified":"2025-07-14T14:52:17","modified_gmt":"2025-07-14T11:52:17","slug":"norfin-air","status":"publish","type":"product","link":"https:\/\/sezona.lv\/en\/products\/norfin-air\/","title":{"rendered":"Norfin Air"},"content":{"rendered":"<p>Norfin Air ir viegla un v\u0113ju necaurlaid\u012bga jaka ar m\u016bsdien\u012bgu dizainu. Paredz\u0113ta  valk\u0101&scaron;anai starpsezon\u0101. Pateicoties pl\u0101najai konstrukcijai un <strong>THINSULATE <\/strong>siltin\u0101jumam jaku var izmantot ar\u012b k\u0101 siltino&scaron;u ap\u0123\u0113rba sl\u0101ni, gaisa temperat\u016brai nosl\u012bdot zem nulles atz\u012bmes.<\/p>\n<div id=\"description\" class=\"tab-pane active\">\n<p><strong>JAKA<\/strong><\/p>\n<ul>\n<li>V\u0113ju necaurlaid\u012bgs materi\u0101ls<\/li>\n<li>Viena iek&scaron;kabata ar r\u0101v\u0113jsl\u0113dz\u0113ju<\/li>\n<li>Iztur\u012bgs jakas priek&scaron;\u0113jais r\u0101v\u0113jsl\u0113dz\u0113js<\/li>\n<li>Viegls materi\u0101ls<\/li>\n<li>Viena kr\u016b&scaron;u un divas s\u0101nu kabatas ar r\u0101v\u0113jsl\u0113dz\u0113jiem<\/li>\n<li>Augsta apkakle<\/li>\n<li>Regul\u0113jama jakas apak&scaron;da\u013ca<\/li>\n<\/ul>\n<p>Materi\u0101ls: <strong>NEILONS<\/strong><br \/> Siltin\u0101jums: <strong>THINSULATE <\/strong>(100% poliesters)<\/p>\n<\/div>\n","protected":false},"excerpt":{"rendered":"<p>Norfin Air ir viegla un v\u0113ju necaurlaid\u012bga jaka ar m\u016bsdien\u012bgu dizainu. Paredz\u0113ta valk\u0101&scaron;anai starpsezon\u0101. Pateicoties pl\u0101najai konstrukcijai un THINSULATE siltin\u0101jumam jaku var izmantot ar\u012b k\u0101 siltino&scaron;u ap\u0123\u0113rba sl\u0101ni, gaisa temperat\u016brai nosl\u012bdot zem nulles atz\u012bmes. JAKA V\u0113ju necaurlaid\u012bgs materi\u0101ls Viena iek&scaron;kabata ar r\u0101v\u0113jsl\u0113dz\u0113ju Iztur\u012bgs jakas priek&scaron;\u0113jais r\u0101v\u0113jsl\u0113dz\u0113js Viegls materi\u0101ls Viena kr\u016b&scaron;u un divas s\u0101nu kabatas ar [&hellip;]<\/p>\n","protected":false},"featured_media":0,"template":"","meta":[],"product_brand":[],"product_cat":[4619,4715],"product_tag":[],"class_list":{"0":"post-76507","1":"product","2":"type-product","3":"status-publish","5":"product_cat-winter-clothes-recreation","6":"product_cat-synthetic-jackets-winter-clothes-recreation","8":"first","9":"instock","10":"shipping-taxable","11":"purchasable","12":"product-type-simple"},"_links":{"self":[{"href":"https:\/\/sezona.lv\/en\/wp-json\/wp\/v2\/product\/76507","targetHints":{"allow":["GET"]}}],"collection":[{"href":"https:\/\/sezona.lv\/en\/wp-json\/wp\/v2\/product"}],"about":[{"href":"https:\/\/sezona.lv\/en\/wp-json\/wp\/v2\/types\/product"}],"wp:attachment":[{"href":"https:\/\/sezona.lv\/en\/wp-json\/wp\/v2\/media?parent=76507"}],"wp:term":[{"taxonomy":"product_brand","embeddable":true,"href":"https:\/\/sezona.lv\/en\/wp-json\/wp\/v2\/product_brand?post=76507"},{"taxonomy":"product_cat","embeddable":true,"href":"https:\/\/sezona.lv\/en\/wp-json\/wp\/v2\/product_cat?post=76507"},{"taxonomy":"product_tag","embeddable":true,"href":"https:\/\/sezona.lv\/en\/wp-json\/wp\/v2\/product_tag?post=76507"}],"curies":[{"name":"wp","href":"https:\/\/api.w.org\/{rel}","templated":true}]}}