{"id":76508,"date":"2025-07-11T15:49:06","date_gmt":"2025-07-11T12:49:06","guid":{"rendered":"https:\/\/demo8.ecube.lv\/sezona.lv\/products\/ziemas-kaste-salmo-2075\/"},"modified":"2025-07-14T14:52:18","modified_gmt":"2025-07-14T11:52:18","slug":"ziemas-kaste-salmo-2075","status":"publish","type":"product","link":"https:\/\/sezona.lv\/en\/products\/ziemas-kaste-salmo-2075\/","title":{"rendered":"Ziemas kaste SALMO (2075)"},"content":{"rendered":"<p>Ziemas mak&scaron;\u0137er\u0113&scaron;anas kaste Salmo 2075.<br \/> Materi\u0101ls &#8211; plastik\u0101ts<br \/> Izm\u0113ri: 39,5&#215;24,5x38cm<\/p>\n","protected":false},"excerpt":{"rendered":"<p>Ziemas mak&scaron;\u0137er\u0113&scaron;anas kaste Salmo 2075. Materi\u0101ls &#8211; plastik\u0101ts Izm\u0113ri: 39,5&#215;24,5x38cm<\/p>\n","protected":false},"featured_media":107075,"template":"","meta":[],"product_brand":[894],"product_cat":[4538,4612],"product_tag":[],"class_list":{"0":"post-76508","1":"product","2":"type-product","3":"status-publish","4":"has-post-thumbnail","6":"product_brand-salmo","7":"product_cat-fishing-equipment-recreation","8":"product_cat-winter-boxes-chairs-sledge-winter-fishing-equipment-recreation","10":"first","11":"instock","12":"sale","13":"shipping-taxable","14":"purchasable","15":"product-type-simple"},"_links":{"self":[{"href":"https:\/\/sezona.lv\/en\/wp-json\/wp\/v2\/product\/76508","targetHints":{"allow":["GET"]}}],"collection":[{"href":"https:\/\/sezona.lv\/en\/wp-json\/wp\/v2\/product"}],"about":[{"href":"https:\/\/sezona.lv\/en\/wp-json\/wp\/v2\/types\/product"}],"wp:featuredmedia":[{"embeddable":true,"href":"https:\/\/sezona.lv\/en\/wp-json\/wp\/v2\/media\/107075"}],"wp:attachment":[{"href":"https:\/\/sezona.lv\/en\/wp-json\/wp\/v2\/media?parent=76508"}],"wp:term":[{"taxonomy":"product_brand","embeddable":true,"href":"https:\/\/sezona.lv\/en\/wp-json\/wp\/v2\/product_brand?post=76508"},{"taxonomy":"product_cat","embeddable":true,"href":"https:\/\/sezona.lv\/en\/wp-json\/wp\/v2\/product_cat?post=76508"},{"taxonomy":"product_tag","embeddable":true,"href":"https:\/\/sezona.lv\/en\/wp-json\/wp\/v2\/product_tag?post=76508"}],"curies":[{"name":"wp","href":"https:\/\/api.w.org\/{rel}","templated":true}]}}